{"id":539,"date":"2017-08-16T13:27:48","date_gmt":"2017-08-16T13:27:48","guid":{"rendered":"http:\/\/bridge91.qodeinteractive.com\/?page_id=539"},"modified":"2026-02-20T09:48:09","modified_gmt":"2026-02-20T09:48:09","slug":"programme-des-formations-2","status":"publish","type":"page","link":"https:\/\/corinnemartinez.com\/en\/programme-des-formations-2\/","title":{"rendered":"Programme des formations"},"content":{"rendered":"<div class=\"wpb-content-wrapper\"><div class=\"vc_row wpb_row section vc_row-fluid  vc_custom_1771525033923\" style=' text-align:left;'><div class=\"full_section_inner clearfix\"><div class=\"wpb_column vc_column_container vc_col-sm-12\"><div class=\"vc_column-inner\"><div class=\"wpb_wrapper\">\n\t<div class=\"wpb_single_image wpb_content_element vc_align_center\">\n\t\t<div class=\"wpb_wrapper\">\n\t\t\t\n\t\t\t<div class=\"vc_single_image-wrapper   vc_box_border_grey\"><img fetchpriority=\"high\" decoding=\"async\" width=\"1024\" height=\"270\" src=\"https:\/\/corinnemartinez.com\/wp-content\/uploads\/2026\/02\/logo-noir1500-CM-1-e1770889441416-1024x270.png\" class=\"vc_single_image-img attachment-large\" alt=\"\" title=\"logo-black1500-CM\" srcset=\"https:\/\/corinnemartinez.com\/wp-content\/uploads\/2026\/02\/logo-noir1500-CM-1-e1770889441416-1024x270.png 1024w, https:\/\/corinnemartinez.com\/wp-content\/uploads\/2026\/02\/logo-noir1500-CM-1-e1770889441416-300x79.png 300w, https:\/\/corinnemartinez.com\/wp-content\/uploads\/2026\/02\/logo-noir1500-CM-1-e1770889441416-768x203.png 768w, https:\/\/corinnemartinez.com\/wp-content\/uploads\/2026\/02\/logo-noir1500-CM-1-e1770889441416-700x185.png 700w, https:\/\/corinnemartinez.com\/wp-content\/uploads\/2026\/02\/logo-noir1500-CM-1-e1770889441416-600x158.png 600w, https:\/\/corinnemartinez.com\/wp-content\/uploads\/2026\/02\/logo-noir1500-CM-1-e1770889441416.png 1440w\" sizes=\"(max-width: 1024px) 100vw, 1024px\" \/><\/div>\n\t\t<\/div>\n\t<\/div>\n<\/div><\/div><\/div><\/div><\/div><div      class=\"vc_row wpb_row section vc_row-fluid  vc_custom_1771525484439 grid_section\" style=' text-align:left;'><div class=\"section_inner clearfix\"><div class='section_inner_margin clearfix'><div class=\"wpb_column vc_column_container vc_col-sm-12\"><div class=\"vc_column-inner\"><div class=\"wpb_wrapper\">\n\t<div class=\"wpb_text_column wpb_content_element  vc_custom_1771580886388\">\n\t\t<div class=\"wpb_wrapper\">\n\t\t\t<h1 style=\"text-align: center;\">Formation &#8220;Drainage lymphatique et palper rouler manuel anticellulite&#8221;<\/h1>\n\n\t\t<\/div>\n\t<\/div><\/div><\/div><\/div><\/div><\/div><\/div><div      class=\"vc_row wpb_row section vc_row-fluid  vc_custom_1771525286951 grid_section\" style=' text-align:left;'><div class=\"section_inner clearfix\"><div class='section_inner_margin clearfix'><div class=\"wpb_column vc_column_container vc_col-sm-8 vc_col-lg-6 vc_col-md-6\"><div class=\"vc_column-inner\"><div class=\"wpb_wrapper\">\n\t<div class=\"wpb_text_column wpb_content_element\">\n\t\t<div class=\"wpb_wrapper\">\n\t\t\t<h2>Formation en pr\u00e9sentiel<\/h2>\n<hr style=\"border: none; border-top: 0.5px solid #bbb; width: 100%; margin: 30px auto;\" \/>\n<h3>Dur\u00e9e : 5 jours<\/h3>\n<hr style=\"border: none; border-top: 0.5px solid #bbb; width: 100%; margin: 30px auto;\" \/>\n<h3>Objectif g\u00e9n\u00e9ral :<\/h3>\n<p>Comprendre et agir avec la m\u00e9thode du drainage lymphatique et palper rouler manuel anticellulite.<\/p>\n<hr style=\"border: none; border-top: 0.5px solid #bbb; width: 100%; margin: 30px auto;\" \/>\n<h3>Objectifs p\u00e9dagogiques :<\/h3>\n<p>\u2022 Analyser la posture de la cliente<br \/>\n\u2022 Mener un questionnaire avec la cliente<br \/>\n\u2022 Analyser la peau de la cliente<br \/>\n\u2022 Remettre \u00e0 jour le syst\u00e8me lymphatique<br \/>\n\u2022 Rebooster le syst\u00e8me lymphatique<br \/>\n\u2022 Pincer le tissu cutan\u00e9 avec les gestes ad\u00e9quates pour casser les adipocytes<br \/>\n\u2022 Ma\u00eetriser les points de pression pour favoriser la circulation de la lymphe<br \/>\n\u2022 G\u00e9rer les personnes en post-op\u00e9ratoire ou par suite de blessure<\/p>\n<hr style=\"border: none; border-top: 0.5px solid #bbb; width: 100%; margin: 30px auto;\" \/>\n<h3>Pr\u00e9requis :<\/h3>\n<p>\u2022 Dipl\u00f4me d&#8217;Etat d&#8217;esth\u00e9tique cosm\u00e9tique<br \/>\n\u2022 Dipl\u00f4me profession m\u00e9dicales et para m\u00e9dicales<br \/>\n\u2022 Masseuses dipl\u00f4m\u00e9es et 1 an minimum d\u2019exp\u00e9rience dans le domaine<br \/>\nConfirmation d\u2019inscription \u00e0 la suite de d\u00e9p\u00f4t de dossier et entretien individuel<br \/>\n<strong>Public vis\u00e9 :<\/strong> Esth\u00e9ticiennes, masseuses confirm\u00e9es, profession m\u00e9dicale et para m\u00e9dicale<\/p>\n<hr style=\"border: none; border-top: 0.5px solid #bbb; width: 100%; margin: 30px auto;\" \/>\n<h3>Mat\u00e9riel requis :<\/h3>\n<p>pas de mat\u00e9riel sp\u00e9cifique requis<\/p>\n<hr style=\"border: none; border-top: 0.5px solid #bbb; width: 100%; margin: 30px auto;\" \/>\n<h3>Moyens p\u00e9dagogiques et accompagnement :<\/h3>\n<p>\u2022 Livret de formation (comprenant biologie cosm\u00e9tologie, dermatologie) et support<br \/>\npapier.<\/p>\n<hr style=\"border: none; border-top: 0.5px solid #bbb; width: 100%; margin: 30px auto;\" \/>\n<h3>Type d\u2019\u00e9valuation :<\/h3>\n<p>\u2022 Mise en situations en \u00e9valuation formative<br \/>\n\u2022 Mise en situation sur mod\u00e8le en \u00e9valuation finale.<\/p>\n<hr style=\"border: none; border-top: 0.5px solid #bbb; width: 100%; margin: 30px auto;\" \/>\n<h3>Dispositif d&#8217;\u00e9valuation des r\u00e9sultats de la formation :<\/h3>\n<p>\u2022 Feuilles de pr\u00e9sence<br \/>\n\u2022 Exercices \u00e9valu\u00e9s par le formateur<br \/>\n\u2022 Mises en situation \u00e9valu\u00e9es par le formateur<br \/>\n\u2022 Questionnaire d&#8217;\u00e9valuation \u00e0 chaud \u00e0 la fin de la formation.<\/p>\n<hr style=\"border: none; border-top: 0.5px solid #bbb; width: 100%; margin: 30px auto;\" \/>\n<h3>Modalit\u00e9s et d\u00e9lais d&#8217;acc\u00e8s \u00c0 la formation :<\/h3>\n<p>Sessions organis\u00e9es sur-mesure en fonction des souhaits du client et du planning du formateur.<\/p>\n<p>Les sessions seront confirm\u00e9es suite aux r\u00e9sultats de l\u2019analyse du dossier et de l\u2019entretien.<\/p>\n<p>Merci de nous contacter pour d\u00e9finir les dates et lieu de votre choix.<\/p>\n\n\t\t<\/div>\n\t<\/div><\/div><\/div><\/div><div class=\"wpb_column vc_column_container vc_col-sm-4 vc_col-lg-6 vc_col-md-6\"><div class=\"vc_column-inner\"><div class=\"wpb_wrapper\">\n\t<div class=\"wpb_text_column wpb_content_element\">\n\t\t<div class=\"wpb_wrapper\">\n\t\t\t<h2 style=\"text-align: center;\">Programme d\u00e9taill\u00e9<\/h2>\n<hr style=\"border: none; border-top: 0.5px solid #bbb; width: 100%; margin: 30px auto;\" \/>\n\n\t\t<\/div>\n\t<\/div>\n\t<div class=\"wpb_text_column wpb_content_element  vc_custom_1771524964443\">\n\t\t<div class=\"wpb_wrapper\">\n\t\t\t<h3><img decoding=\"async\" class=\"alignleft wp-image-10203\" src=\"https:\/\/corinnemartinez.com\/wp-content\/uploads\/2026\/02\/cm-300x300.png\" alt=\"\" width=\"155\" height=\"155\" srcset=\"https:\/\/corinnemartinez.com\/wp-content\/uploads\/2026\/02\/cm-300x300.png 300w, https:\/\/corinnemartinez.com\/wp-content\/uploads\/2026\/02\/cm-1024x1024.png 1024w, https:\/\/corinnemartinez.com\/wp-content\/uploads\/2026\/02\/cm-150x150.png 150w, https:\/\/corinnemartinez.com\/wp-content\/uploads\/2026\/02\/cm-768x768.png 768w, https:\/\/corinnemartinez.com\/wp-content\/uploads\/2026\/02\/cm-1536x1536.png 1536w, https:\/\/corinnemartinez.com\/wp-content\/uploads\/2026\/02\/cm-570x570.png 570w, https:\/\/corinnemartinez.com\/wp-content\/uploads\/2026\/02\/cm-500x500.png 500w, https:\/\/corinnemartinez.com\/wp-content\/uploads\/2026\/02\/cm-1000x1000.png 1000w, https:\/\/corinnemartinez.com\/wp-content\/uploads\/2026\/02\/cm-700x700.png 700w, https:\/\/corinnemartinez.com\/wp-content\/uploads\/2026\/02\/cm-600x600.png 600w, https:\/\/corinnemartinez.com\/wp-content\/uploads\/2026\/02\/cm-100x100.png 100w, https:\/\/corinnemartinez.com\/wp-content\/uploads\/2026\/02\/cm.png 2000w\" sizes=\"(max-width: 155px) 100vw, 155px\" \/>Jour 1<\/h3>\n<p>Analyser la posture de la cliente,<br \/>\nMener un questionnaire avec la cliente,<br \/>\nIdentifier les contre-indications,<br \/>\nAnalyser la peau de la cliente,<br \/>\nMise en pratique.<\/p>\n\n\t\t<\/div>\n\t<\/div><div class=\"vc_empty_space\"  style=\"height: 21px\" >\n\t<span class=\"vc_empty_space_inner\">\n\t\t<span class=\"empty_space_image\"  ><\/span>\n\t<\/span>\n<\/div>\n\t<div class=\"wpb_text_column wpb_content_element  vc_custom_1771524952938\">\n\t\t<div class=\"wpb_wrapper\">\n\t\t\t<h3>Jour 2<\/h3>\n<p>Gestion post-op\u00e9ratoire et post-traumatique,<br \/>\nRemettre \u00e0 jour le syst\u00e8me lymphatique,<br \/>\nRebooster le syst\u00e8me lymphatique,<br \/>\nPratique et perfectionnement.<\/p>\n\n\t\t<\/div>\n\t<\/div><div class=\"vc_empty_space\"  style=\"height: 21px\" >\n\t<span class=\"vc_empty_space_inner\">\n\t\t<span class=\"empty_space_image\"  ><\/span>\n\t<\/span>\n<\/div>\n\t<div class=\"wpb_text_column wpb_content_element  vc_custom_1771524943008\">\n\t\t<div class=\"wpb_wrapper\">\n\t\t\t<h3><img decoding=\"async\" class=\"alignleft wp-image-10203\" src=\"https:\/\/corinnemartinez.com\/wp-content\/uploads\/2026\/02\/cm-300x300.png\" alt=\"\" width=\"155\" height=\"155\" srcset=\"https:\/\/corinnemartinez.com\/wp-content\/uploads\/2026\/02\/cm-300x300.png 300w, https:\/\/corinnemartinez.com\/wp-content\/uploads\/2026\/02\/cm-1024x1024.png 1024w, https:\/\/corinnemartinez.com\/wp-content\/uploads\/2026\/02\/cm-150x150.png 150w, https:\/\/corinnemartinez.com\/wp-content\/uploads\/2026\/02\/cm-768x768.png 768w, https:\/\/corinnemartinez.com\/wp-content\/uploads\/2026\/02\/cm-1536x1536.png 1536w, https:\/\/corinnemartinez.com\/wp-content\/uploads\/2026\/02\/cm-570x570.png 570w, https:\/\/corinnemartinez.com\/wp-content\/uploads\/2026\/02\/cm-500x500.png 500w, https:\/\/corinnemartinez.com\/wp-content\/uploads\/2026\/02\/cm-1000x1000.png 1000w, https:\/\/corinnemartinez.com\/wp-content\/uploads\/2026\/02\/cm-700x700.png 700w, https:\/\/corinnemartinez.com\/wp-content\/uploads\/2026\/02\/cm-600x600.png 600w, https:\/\/corinnemartinez.com\/wp-content\/uploads\/2026\/02\/cm-100x100.png 100w, https:\/\/corinnemartinez.com\/wp-content\/uploads\/2026\/02\/cm.png 2000w\" sizes=\"(max-width: 155px) 100vw, 155px\" \/><\/h3>\n<h3>Jour 3<\/h3>\n<p>Ma\u00eetriser les points de pression pour favoriser la circulation de la lymphe,<br \/>\nPratique et approfondissement des techniques,<br \/>\nInt\u00e9gration des techniques de pression dans les routines de drainage lymphatique.<\/p>\n\n\t\t<\/div>\n\t<\/div><div class=\"vc_empty_space\"  style=\"height: 21px\" >\n\t<span class=\"vc_empty_space_inner\">\n\t\t<span class=\"empty_space_image\"  ><\/span>\n\t<\/span>\n<\/div>\n\t<div class=\"wpb_text_column wpb_content_element  vc_custom_1771524932781\">\n\t\t<div class=\"wpb_wrapper\">\n\t\t\t<h3>Jour 4<\/h3>\n<p>Appr\u00e9hender la cellulite,<br \/>\nAppr\u00e9hender le palper-rouler,<br \/>\nPratique et approfondissement des techniques anti-cellulite,<br \/>\nApplications avanc\u00e9es et int\u00e9gration des techniques.<\/p>\n\n\t\t<\/div>\n\t<\/div><div class=\"vc_empty_space\"  style=\"height: 21px\" >\n\t<span class=\"vc_empty_space_inner\">\n\t\t<span class=\"empty_space_image\"  ><\/span>\n\t<\/span>\n<\/div>\n\t<div class=\"wpb_text_column wpb_content_element  vc_custom_1771524922574\">\n\t\t<div class=\"wpb_wrapper\">\n\t\t\t<h3><img decoding=\"async\" class=\"alignleft wp-image-10203\" src=\"https:\/\/corinnemartinez.com\/wp-content\/uploads\/2026\/02\/cm-300x300.png\" alt=\"\" width=\"155\" height=\"155\" srcset=\"https:\/\/corinnemartinez.com\/wp-content\/uploads\/2026\/02\/cm-300x300.png 300w, https:\/\/corinnemartinez.com\/wp-content\/uploads\/2026\/02\/cm-1024x1024.png 1024w, https:\/\/corinnemartinez.com\/wp-content\/uploads\/2026\/02\/cm-150x150.png 150w, https:\/\/corinnemartinez.com\/wp-content\/uploads\/2026\/02\/cm-768x768.png 768w, https:\/\/corinnemartinez.com\/wp-content\/uploads\/2026\/02\/cm-1536x1536.png 1536w, https:\/\/corinnemartinez.com\/wp-content\/uploads\/2026\/02\/cm-570x570.png 570w, https:\/\/corinnemartinez.com\/wp-content\/uploads\/2026\/02\/cm-500x500.png 500w, https:\/\/corinnemartinez.com\/wp-content\/uploads\/2026\/02\/cm-1000x1000.png 1000w, https:\/\/corinnemartinez.com\/wp-content\/uploads\/2026\/02\/cm-700x700.png 700w, https:\/\/corinnemartinez.com\/wp-content\/uploads\/2026\/02\/cm-600x600.png 600w, https:\/\/corinnemartinez.com\/wp-content\/uploads\/2026\/02\/cm-100x100.png 100w, https:\/\/corinnemartinez.com\/wp-content\/uploads\/2026\/02\/cm.png 2000w\" sizes=\"(max-width: 155px) 100vw, 155px\" \/><\/h3>\n<h3>Jour 5<\/h3>\n<p>Application pratique de toutes les techniques : r\u00e9activation de la lymphe,<br \/>\nMa\u00eetrise des points de pression, traitement de la cellulite,<br \/>\nTests pratiques et \u00e9valuation,<br \/>\nPerfectionnement et conseils pratiques.<\/p>\n\n\t\t<\/div>\n\t<\/div><div class=\"vc_empty_space\"  style=\"height: 21px\" >\n\t<span class=\"vc_empty_space_inner\">\n\t\t<span class=\"empty_space_image\"  ><\/span>\n\t<\/span>\n<\/div><div class=\"vc_empty_space\"  style=\"height: 21px\" >\n\t<span class=\"vc_empty_space_inner\">\n\t\t<span class=\"empty_space_image\"  ><\/span>\n\t<\/span>\n<\/div>\n\t<div class=\"wpb_text_column wpb_content_element  vc_custom_1771525971381\">\n\t\t<div class=\"wpb_wrapper\">\n\t\t\t<h3>Accessibilit\u00e9 de la formation :<\/h3>\n<p>La formation n\u2019est pas accessible aux personnes en situation de handicap moteur.<br \/>\nPour les autres situations sp\u00e9cifiques de handicap, merci de bien vouloir nous contacter au pr\u00e9alable afin que nous puissions d\u00e9finir ensemble les modalit\u00e9s nous permettant de vous former dans les meilleures conditions.<\/p>\n<p>&nbsp;<\/p>\n<p><strong>Tarif indicatif en inter : 3900,00 \u20ac Net \u00e0 payer <\/strong><\/p>\n<p><strong>(TVA non applicable, art. 293 B du CGI)<\/strong><br \/>\n<strong>En Intra : Nous consulter<\/strong><br \/>\n<strong>Intervenante : Corinne martinez<\/strong><br \/>\n<strong>T\u00e9l\u00e9phone : 06 58 99 29 85<\/strong><br \/>\n<strong>Mail : c.martinez.formation@gmail.com<\/strong><\/p>\n\n\t\t<\/div>\n\t<\/div>\n\t<div class=\"wpb_single_image wpb_content_element vc_align_center  vc_custom_1771525771216\">\n\t\t<div class=\"wpb_wrapper\">\n\t\t\t\n\t\t\t<div class=\"vc_single_image-wrapper   vc_box_border_grey\"><img decoding=\"async\" width=\"883\" height=\"1003\" src=\"https:\/\/corinnemartinez.com\/wp-content\/uploads\/2026\/02\/fond-CM-e1770895914458.png\" class=\"vc_single_image-img attachment-full\" alt=\"\" title=\"fond-CM\" srcset=\"https:\/\/corinnemartinez.com\/wp-content\/uploads\/2026\/02\/fond-CM-e1770895914458.png 883w, https:\/\/corinnemartinez.com\/wp-content\/uploads\/2026\/02\/fond-CM-e1770895914458-264x300.png 264w, https:\/\/corinnemartinez.com\/wp-content\/uploads\/2026\/02\/fond-CM-e1770895914458-768x872.png 768w, https:\/\/corinnemartinez.com\/wp-content\/uploads\/2026\/02\/fond-CM-e1770895914458-700x795.png 700w, https:\/\/corinnemartinez.com\/wp-content\/uploads\/2026\/02\/fond-CM-e1770895914458-600x682.png 600w\" sizes=\"(max-width: 883px) 100vw, 883px\" \/><\/div>\n\t\t<\/div>\n\t<\/div>\n<\/div><\/div><\/div><\/div><\/div><\/div><div      class=\"vc_row wpb_row section vc_row-fluid\" style=' text-align:left;'><div class=\"full_section_inner clearfix\"><div class=\"wpb_column vc_column_container vc_col-sm-12\"><div class=\"vc_column-inner\"><div class=\"wpb_wrapper\">\n\t<div class=\"wpb_single_image wpb_content_element vc_align_left\">\n\t\t<div class=\"wpb_wrapper\">\n\t\t\t\n\t\t\t<div class=\"vc_single_image-wrapper   vc_box_border_grey\"><img loading=\"lazy\" decoding=\"async\" width=\"2560\" height=\"1417\" src=\"https:\/\/corinnemartinez.com\/wp-content\/uploads\/2026\/02\/8352819-scaled-e1770897865390.png\" class=\"vc_single_image-img attachment-full\" alt=\"\" title=\"8352819\" srcset=\"https:\/\/corinnemartinez.com\/wp-content\/uploads\/2026\/02\/8352819-scaled-e1770897865390.png 2560w, https:\/\/corinnemartinez.com\/wp-content\/uploads\/2026\/02\/8352819-scaled-e1770897865390-300x166.png 300w, https:\/\/corinnemartinez.com\/wp-content\/uploads\/2026\/02\/8352819-scaled-e1770897865390-1024x567.png 1024w, https:\/\/corinnemartinez.com\/wp-content\/uploads\/2026\/02\/8352819-scaled-e1770897865390-768x425.png 768w, https:\/\/corinnemartinez.com\/wp-content\/uploads\/2026\/02\/8352819-scaled-e1770897865390-1536x850.png 1536w, https:\/\/corinnemartinez.com\/wp-content\/uploads\/2026\/02\/8352819-scaled-e1770897865390-2048x1134.png 2048w, https:\/\/corinnemartinez.com\/wp-content\/uploads\/2026\/02\/8352819-scaled-e1770897865390-700x387.png 700w\" sizes=\"(max-width: 2560px) 100vw, 2560px\" \/><\/div>\n\t\t<\/div>\n\t<\/div>\n<\/div><\/div><\/div><\/div><\/div>\n<\/div>","protected":false},"excerpt":{"rendered":"Formation \"Drainage lymphatique et palper rouler manuel anticellulite\" Formation en pr\u00e9sentiel Dur\u00e9e : 5 jours Objectif g\u00e9n\u00e9ral : Comprendre et agir avec la m\u00e9thode du drainage lymphatique et palper rouler manuel anticellulite. Objectifs p\u00e9dagogiques : \u2022 Analyser la posture de la cliente \u2022 Mener un questionnaire avec la cliente \u2022 Analyser la peau de la cliente \u2022 Remettre \u00e0 jour...","protected":false},"author":1,"featured_media":0,"parent":0,"menu_order":0,"comment_status":"closed","ping_status":"closed","template":"full_width.php","meta":{"footnotes":""},"class_list":["post-539","page","type-page","status-publish","hentry"],"yoast_head":"<!-- This site is optimized with the Yoast SEO plugin v27.0 - https:\/\/yoast.com\/product\/yoast-seo-wordpress\/ -->\n<title>Programme des formations - Corinne Martinez<\/title>\n<meta name=\"robots\" content=\"index, follow, max-snippet:-1, max-image-preview:large, max-video-preview:-1\" \/>\n<link rel=\"canonical\" href=\"https:\/\/corinnemartinez.com\/en\/programme-des-formations-2\/\" \/>\n<meta property=\"og:locale\" content=\"en_GB\" \/>\n<meta property=\"og:type\" content=\"article\" \/>\n<meta property=\"og:title\" content=\"Programme des formations - Corinne Martinez\" \/>\n<meta property=\"og:url\" content=\"https:\/\/corinnemartinez.com\/en\/programme-des-formations-2\/\" \/>\n<meta property=\"og:site_name\" content=\"Corinne Martinez\" \/>\n<meta property=\"article:modified_time\" content=\"2026-02-20T09:48:09+00:00\" \/>\n<meta property=\"og:image\" content=\"https:\/\/corinnemartinez.com\/wp-content\/uploads\/2026\/02\/cm-300x300.png\" \/>\n<meta name=\"twitter:card\" content=\"summary_large_image\" \/>\n<meta name=\"twitter:label1\" content=\"Estimated reading time\" \/>\n\t<meta name=\"twitter:data1\" content=\"4 minutes\" \/>\n<script type=\"application\/ld+json\" class=\"yoast-schema-graph\">{\"@context\":\"https:\/\/schema.org\",\"@graph\":[{\"@type\":\"WebPage\",\"@id\":\"https:\/\/corinnemartinez.com\/programme-des-formations-2\/\",\"url\":\"https:\/\/corinnemartinez.com\/programme-des-formations-2\/\",\"name\":\"Programme des formations - Corinne Martinez\",\"isPartOf\":{\"@id\":\"https:\/\/corinnemartinez.com\/#website\"},\"primaryImageOfPage\":{\"@id\":\"https:\/\/corinnemartinez.com\/programme-des-formations-2\/#primaryimage\"},\"image\":{\"@id\":\"https:\/\/corinnemartinez.com\/programme-des-formations-2\/#primaryimage\"},\"thumbnailUrl\":\"https:\/\/corinnemartinez.com\/wp-content\/uploads\/2026\/02\/cm-300x300.png\",\"datePublished\":\"2017-08-16T13:27:48+00:00\",\"dateModified\":\"2026-02-20T09:48:09+00:00\",\"breadcrumb\":{\"@id\":\"https:\/\/corinnemartinez.com\/programme-des-formations-2\/#breadcrumb\"},\"inLanguage\":\"en-GB\",\"potentialAction\":[{\"@type\":\"ReadAction\",\"target\":[\"https:\/\/corinnemartinez.com\/programme-des-formations-2\/\"]}]},{\"@type\":\"ImageObject\",\"inLanguage\":\"en-GB\",\"@id\":\"https:\/\/corinnemartinez.com\/programme-des-formations-2\/#primaryimage\",\"url\":\"https:\/\/corinnemartinez.com\/wp-content\/uploads\/2026\/02\/cm-300x300.png\",\"contentUrl\":\"https:\/\/corinnemartinez.com\/wp-content\/uploads\/2026\/02\/cm-300x300.png\"},{\"@type\":\"BreadcrumbList\",\"@id\":\"https:\/\/corinnemartinez.com\/programme-des-formations-2\/#breadcrumb\",\"itemListElement\":[{\"@type\":\"ListItem\",\"position\":1,\"name\":\"Accueil\",\"item\":\"https:\/\/corinnemartinez.com\/\"},{\"@type\":\"ListItem\",\"position\":2,\"name\":\"Programme des formations\"}]},{\"@type\":\"WebSite\",\"@id\":\"https:\/\/corinnemartinez.com\/#website\",\"url\":\"https:\/\/corinnemartinez.com\/\",\"name\":\"Corinne Martinez\",\"description\":\"La M\u00e9thode\",\"potentialAction\":[{\"@type\":\"SearchAction\",\"target\":{\"@type\":\"EntryPoint\",\"urlTemplate\":\"https:\/\/corinnemartinez.com\/?s={search_term_string}\"},\"query-input\":{\"@type\":\"PropertyValueSpecification\",\"valueRequired\":true,\"valueName\":\"search_term_string\"}}],\"inLanguage\":\"en-GB\"}]}<\/script>\n<!-- \/ Yoast SEO plugin. -->","yoast_head_json":{"title":"Programme des formations - Corinne Martinez","robots":{"index":"index","follow":"follow","max-snippet":"max-snippet:-1","max-image-preview":"max-image-preview:large","max-video-preview":"max-video-preview:-1"},"canonical":"https:\/\/corinnemartinez.com\/en\/programme-des-formations-2\/","og_locale":"en_GB","og_type":"article","og_title":"Programme des formations - Corinne Martinez","og_url":"https:\/\/corinnemartinez.com\/en\/programme-des-formations-2\/","og_site_name":"Corinne Martinez","article_modified_time":"2026-02-20T09:48:09+00:00","og_image":[{"url":"https:\/\/corinnemartinez.com\/wp-content\/uploads\/2026\/02\/cm-300x300.png","type":"","width":"","height":""}],"twitter_card":"summary_large_image","twitter_misc":{"Estimated reading time":"4 minutes"},"schema":{"@context":"https:\/\/schema.org","@graph":[{"@type":"WebPage","@id":"https:\/\/corinnemartinez.com\/programme-des-formations-2\/","url":"https:\/\/corinnemartinez.com\/programme-des-formations-2\/","name":"Programme des formations - Corinne Martinez","isPartOf":{"@id":"https:\/\/corinnemartinez.com\/#website"},"primaryImageOfPage":{"@id":"https:\/\/corinnemartinez.com\/programme-des-formations-2\/#primaryimage"},"image":{"@id":"https:\/\/corinnemartinez.com\/programme-des-formations-2\/#primaryimage"},"thumbnailUrl":"https:\/\/corinnemartinez.com\/wp-content\/uploads\/2026\/02\/cm-300x300.png","datePublished":"2017-08-16T13:27:48+00:00","dateModified":"2026-02-20T09:48:09+00:00","breadcrumb":{"@id":"https:\/\/corinnemartinez.com\/programme-des-formations-2\/#breadcrumb"},"inLanguage":"en-GB","potentialAction":[{"@type":"ReadAction","target":["https:\/\/corinnemartinez.com\/programme-des-formations-2\/"]}]},{"@type":"ImageObject","inLanguage":"en-GB","@id":"https:\/\/corinnemartinez.com\/programme-des-formations-2\/#primaryimage","url":"https:\/\/corinnemartinez.com\/wp-content\/uploads\/2026\/02\/cm-300x300.png","contentUrl":"https:\/\/corinnemartinez.com\/wp-content\/uploads\/2026\/02\/cm-300x300.png"},{"@type":"BreadcrumbList","@id":"https:\/\/corinnemartinez.com\/programme-des-formations-2\/#breadcrumb","itemListElement":[{"@type":"ListItem","position":1,"name":"Accueil","item":"https:\/\/corinnemartinez.com\/"},{"@type":"ListItem","position":2,"name":"Programme des formations"}]},{"@type":"WebSite","@id":"https:\/\/corinnemartinez.com\/#website","url":"https:\/\/corinnemartinez.com\/","name":"Corinne Martinez","description":"La M\u00e9thode","potentialAction":[{"@type":"SearchAction","target":{"@type":"EntryPoint","urlTemplate":"https:\/\/corinnemartinez.com\/?s={search_term_string}"},"query-input":{"@type":"PropertyValueSpecification","valueRequired":true,"valueName":"search_term_string"}}],"inLanguage":"en-GB"}]}},"_links":{"self":[{"href":"https:\/\/corinnemartinez.com\/en\/wp-json\/wp\/v2\/pages\/539","targetHints":{"allow":["GET"]}}],"collection":[{"href":"https:\/\/corinnemartinez.com\/en\/wp-json\/wp\/v2\/pages"}],"about":[{"href":"https:\/\/corinnemartinez.com\/en\/wp-json\/wp\/v2\/types\/page"}],"author":[{"embeddable":true,"href":"https:\/\/corinnemartinez.com\/en\/wp-json\/wp\/v2\/users\/1"}],"replies":[{"embeddable":true,"href":"https:\/\/corinnemartinez.com\/en\/wp-json\/wp\/v2\/comments?post=539"}],"version-history":[{"count":8,"href":"https:\/\/corinnemartinez.com\/en\/wp-json\/wp\/v2\/pages\/539\/revisions"}],"predecessor-version":[{"id":10531,"href":"https:\/\/corinnemartinez.com\/en\/wp-json\/wp\/v2\/pages\/539\/revisions\/10531"}],"wp:attachment":[{"href":"https:\/\/corinnemartinez.com\/en\/wp-json\/wp\/v2\/media?parent=539"}],"curies":[{"name":"wp","href":"https:\/\/api.w.org\/{rel}","templated":true}]}}