{"id":269,"date":"2017-08-15T13:46:35","date_gmt":"2017-08-15T13:46:35","guid":{"rendered":"http:\/\/bridge91.qodeinteractive.com\/?page_id=269"},"modified":"2026-02-18T09:46:29","modified_gmt":"2026-02-18T09:46:29","slug":"la-methode-corinne-martinez","status":"publish","type":"page","link":"https:\/\/corinnemartinez.com\/en\/la-methode-corinne-martinez\/","title":{"rendered":"The Corinne Martinez Method"},"content":{"rendered":"<div class=\"wpb-content-wrapper\"><div      class=\"vc_row wpb_row section vc_row-fluid  vc_custom_1770745345494 grid_section\" style=' text-align:left;'><div class=\"section_inner clearfix\"><div class='section_inner_margin clearfix'><div class=\"wpb_column vc_column_container vc_col-sm-6\"><div class=\"vc_column-inner\"><div class=\"wpb_wrapper\">\n\t<div class=\"wpb_single_image wpb_content_element vc_align_left\">\n\t\t<div class=\"wpb_wrapper\">\n\t\t\t\n\t\t\t<div class=\"vc_single_image-wrapper   vc_box_border_grey\"><img fetchpriority=\"high\" decoding=\"async\" width=\"1440\" height=\"380\" src=\"https:\/\/corinnemartinez.com\/wp-content\/uploads\/2026\/02\/logo-noir1500-CM-1-e1770889441416.png\" class=\"vc_single_image-img attachment-full\" alt=\"\" title=\"logo-black1500-CM\" srcset=\"https:\/\/corinnemartinez.com\/wp-content\/uploads\/2026\/02\/logo-noir1500-CM-1-e1770889441416.png 1440w, https:\/\/corinnemartinez.com\/wp-content\/uploads\/2026\/02\/logo-noir1500-CM-1-e1770889441416-300x79.png 300w, https:\/\/corinnemartinez.com\/wp-content\/uploads\/2026\/02\/logo-noir1500-CM-1-e1770889441416-1024x270.png 1024w, https:\/\/corinnemartinez.com\/wp-content\/uploads\/2026\/02\/logo-noir1500-CM-1-e1770889441416-768x203.png 768w, https:\/\/corinnemartinez.com\/wp-content\/uploads\/2026\/02\/logo-noir1500-CM-1-e1770889441416-700x185.png 700w, https:\/\/corinnemartinez.com\/wp-content\/uploads\/2026\/02\/logo-noir1500-CM-1-e1770889441416-600x158.png 600w\" sizes=\"(max-width: 1440px) 100vw, 1440px\" \/><\/div>\n\t\t<\/div>\n\t<\/div>\n<div class=\"vc_empty_space\"  style=\"height: 15px\" >\n\t<span class=\"vc_empty_space_inner\">\n\t\t<span class=\"empty_space_image\"  ><\/span>\n\t<\/span>\n<\/div><div class=\"vc_empty_space\"  style=\"height: 15px\" >\n\t<span class=\"vc_empty_space_inner\">\n\t\t<span class=\"empty_space_image\"  ><\/span>\n\t<\/span>\n<\/div><div class=\"vc_empty_space\"  style=\"height: 15px\" >\n\t<span class=\"vc_empty_space_inner\">\n\t\t<span class=\"empty_space_image\"  ><\/span>\n\t<\/span>\n<\/div><div class=\"vc_empty_space\"  style=\"height: 15px\" >\n\t<span class=\"vc_empty_space_inner\">\n\t\t<span class=\"empty_space_image\"  ><\/span>\n\t<\/span>\n<\/div>\n\t<div class=\"wpb_text_column wpb_content_element\">\n\t\t<div class=\"wpb_wrapper\">\n\t\t\t<h2 data-start=\"293\" data-end=\"367\">Le corps n\u2019a pas besoin d\u2019\u00eatre contraint.<br data-start=\"334\" data-end=\"337\" \/>Il a besoin d\u2019\u00eatre <strong data-start=\"356\" data-end=\"366\">\u00e9cout\u00e9<\/strong>.<\/h2>\n\n\t\t<\/div>\n\t<\/div><div class=\"vc_empty_space\"  style=\"height: 15px\" >\n\t<span class=\"vc_empty_space_inner\">\n\t\t<span class=\"empty_space_image\"  ><\/span>\n\t<\/span>\n<\/div><div class=\"vc_empty_space\"  style=\"height: 15px\" >\n\t<span class=\"vc_empty_space_inner\">\n\t\t<span class=\"empty_space_image\"  ><\/span>\n\t<\/span>\n<\/div><div class=\"vc_empty_space\"  style=\"height: 22px\" >\n\t<span class=\"vc_empty_space_inner\">\n\t\t<span class=\"empty_space_image\"  ><\/span>\n\t<\/span>\n<\/div><div class=\"vc_empty_space\"  style=\"height: 22px\" >\n\t<span class=\"vc_empty_space_inner\">\n\t\t<span class=\"empty_space_image\"  ><\/span>\n\t<\/span>\n<\/div>\n\t<div class=\"wpb_single_image wpb_content_element vc_align_left\">\n\t\t<div class=\"wpb_wrapper\">\n\t\t\t\n\t\t\t<div class=\"vc_single_image-wrapper   vc_box_border_grey\"><img decoding=\"async\" width=\"1707\" height=\"2560\" src=\"https:\/\/corinnemartinez.com\/wp-content\/uploads\/2026\/02\/beautiful-woman-body-lingerie-scaled.jpg\" class=\"vc_single_image-img attachment-full\" alt=\"\" title=\"beautiful-woman-body-lingerie\" srcset=\"https:\/\/corinnemartinez.com\/wp-content\/uploads\/2026\/02\/beautiful-woman-body-lingerie-scaled.jpg 1707w, https:\/\/corinnemartinez.com\/wp-content\/uploads\/2026\/02\/beautiful-woman-body-lingerie-200x300.jpg 200w, https:\/\/corinnemartinez.com\/wp-content\/uploads\/2026\/02\/beautiful-woman-body-lingerie-683x1024.jpg 683w, https:\/\/corinnemartinez.com\/wp-content\/uploads\/2026\/02\/beautiful-woman-body-lingerie-768x1152.jpg 768w, https:\/\/corinnemartinez.com\/wp-content\/uploads\/2026\/02\/beautiful-woman-body-lingerie-1024x1536.jpg 1024w, https:\/\/corinnemartinez.com\/wp-content\/uploads\/2026\/02\/beautiful-woman-body-lingerie-1365x2048.jpg 1365w, https:\/\/corinnemartinez.com\/wp-content\/uploads\/2026\/02\/beautiful-woman-body-lingerie-700x1050.jpg 700w, https:\/\/corinnemartinez.com\/wp-content\/uploads\/2026\/02\/beautiful-woman-body-lingerie-600x900.jpg 600w\" sizes=\"(max-width: 1707px) 100vw, 1707px\" \/><\/div>\n\t\t<\/div>\n\t<\/div>\n<\/div><\/div><\/div><div class=\"wpb_column vc_column_container vc_col-sm-6\"><div class=\"vc_column-inner\"><div class=\"wpb_wrapper\">\n\t<div class=\"wpb_text_column wpb_content_element  vc_custom_1770802621373\">\n\t\t<div class=\"wpb_wrapper\">\n\t\t\t<h1 data-start=\"244\" data-end=\"291\">Manifeste de la m\u00e9thode Corinne Martinez<\/h1>\n\n\t\t<\/div>\n\t<\/div><div class=\"vc_empty_space\"  style=\"height: 15px\" >\n\t<span class=\"vc_empty_space_inner\">\n\t\t<span class=\"empty_space_image\"  ><\/span>\n\t<\/span>\n<\/div><div class=\"separator  normal\" style=\"margin-top: 20px;margin-bottom: 20px;background-color: #e3e3e3;opacity: 1;height: 1pxpx;\"><\/div>\n\t<div class=\"wpb_text_column wpb_content_element\">\n\t\t<div class=\"wpb_wrapper\">\n\t\t\t<h5 data-start=\"369\" data-end=\"562\">Chaque corps poss\u00e8de sa propre intelligence, son rythme, sa m\u00e9moire.<br data-start=\"437\" data-end=\"440\" \/>La m\u00e9thode Corinne Martinez est n\u00e9e de cette conviction profonde :<br data-start=\"506\" data-end=\"509\" \/>le geste juste ne s\u2019impose jamais, il accompagne.<\/h5>\n\n\t\t<\/div>\n\t<\/div><div class=\"vc_empty_space\"  style=\"height: 15px\" >\n\t<span class=\"vc_empty_space_inner\">\n\t\t<span class=\"empty_space_image\"  ><\/span>\n\t<\/span>\n<\/div>\n\t<div class=\"wpb_text_column wpb_content_element\">\n\t\t<div class=\"wpb_wrapper\">\n\t\t\t<p data-start=\"564\" data-end=\"852\">Depuis plus de quarante ans, cette m\u00e9thode s\u2019est construite dans le temps, l\u2019exp\u00e9rience et le monde.<br data-start=\"664\" data-end=\"667\" \/>\u00c0 travers les cultures, les traditions, les mains pos\u00e9es avec respect.<br data-start=\"737\" data-end=\"740\" \/>De l\u2019Asie \u00e0 la Polyn\u00e9sie, de l\u2019Europe aux voyages int\u00e9rieurs, une m\u00eame qu\u00eate :<br data-start=\"818\" data-end=\"821\" \/>comprendre, ressentir, affiner.<\/p>\n\n\t\t<\/div>\n\t<\/div><div class=\"vc_empty_space\"  style=\"height: 15px\" >\n\t<span class=\"vc_empty_space_inner\">\n\t\t<span class=\"empty_space_image\"  ><\/span>\n\t<\/span>\n<\/div>\n\t<div class=\"wpb_text_column wpb_content_element\">\n\t\t<div class=\"wpb_wrapper\">\n\t\t\t<p data-start=\"854\" data-end=\"1027\">Ici, le drainage lymphatique et le palper-rouler manuel ne sont pas des protocoles m\u00e9caniques.<br data-start=\"948\" data-end=\"951\" \/>Ils sont un <strong data-start=\"963\" data-end=\"974\">langage<\/strong>.<br data-start=\"975\" data-end=\"978\" \/>Un dialogue silencieux entre la main et le corps.<\/p>\n\n\t\t<\/div>\n\t<\/div><div class=\"vc_empty_space\"  style=\"height: 15px\" >\n\t<span class=\"vc_empty_space_inner\">\n\t\t<span class=\"empty_space_image\"  ><\/span>\n\t<\/span>\n<\/div>\n\t<div class=\"wpb_text_column wpb_content_element\">\n\t\t<div class=\"wpb_wrapper\">\n\t\t\t<p data-start=\"1029\" data-end=\"1147\">Chaque geste est lent.<br data-start=\"1051\" data-end=\"1054\" \/>Chaque pression est consciente.<br data-start=\"1085\" data-end=\"1088\" \/>Chaque rythme respecte la physiologie autant que l\u2019\u00e9motion.<\/p>\n\n\t\t<\/div>\n\t<\/div><div class=\"vc_empty_space\"  style=\"height: 15px\" >\n\t<span class=\"vc_empty_space_inner\">\n\t\t<span class=\"empty_space_image\"  ><\/span>\n\t<\/span>\n<\/div>\n\t<div class=\"wpb_text_column wpb_content_element\">\n\t\t<div class=\"wpb_wrapper\">\n\t\t\t<p data-start=\"1149\" data-end=\"1344\">La m\u00e9thode Corinne Martinez ne cherche pas \u00e0 transformer le corps,<br data-start=\"1215\" data-end=\"1218\" \/>mais \u00e0 <strong data-start=\"1225\" data-end=\"1248\">r\u00e9v\u00e9ler l\u2019essentiel<\/strong>.<br data-start=\"1249\" data-end=\"1252\" \/>Relancer ce qui circule.<br data-start=\"1276\" data-end=\"1279\" \/>Lib\u00e9rer ce qui stagne.<br data-start=\"1301\" data-end=\"1304\" \/>Redonner au corps sa l\u00e9g\u00e8ret\u00e9 naturelle.<\/p>\n\n\t\t<\/div>\n\t<\/div><div class=\"vc_empty_space\"  style=\"height: 15px\" >\n\t<span class=\"vc_empty_space_inner\">\n\t\t<span class=\"empty_space_image\"  ><\/span>\n\t<\/span>\n<\/div>\n\t<div class=\"wpb_text_column wpb_content_element\">\n\t\t<div class=\"wpb_wrapper\">\n\t\t\t<p data-start=\"1346\" data-end=\"1426\">Avec le temps, une \u00e9vidence s\u2019est impos\u00e9e :<br data-start=\"1389\" data-end=\"1392\" \/>ce savoir ne peut rester immobile.<\/p>\n<p data-start=\"1428\" data-end=\"1606\">Transmettre devient alors un acte fondamental.<br data-start=\"1474\" data-end=\"1477\" \/>Transmettre un art du toucher.<br data-start=\"1507\" data-end=\"1510\" \/>Une posture int\u00e9rieure.<br data-start=\"1533\" data-end=\"1536\" \/>Une exigence invisible, faite de pr\u00e9sence, de pr\u00e9cision et de respect.<\/p>\n\n\t\t<\/div>\n\t<\/div><div class=\"vc_empty_space\"  style=\"height: 15px\" >\n\t<span class=\"vc_empty_space_inner\">\n\t\t<span class=\"empty_space_image\"  ><\/span>\n\t<\/span>\n<\/div>\n\t<div class=\"wpb_text_column wpb_content_element\">\n\t\t<div class=\"wpb_wrapper\">\n\t\t\t<p data-start=\"1608\" data-end=\"1832\">Former \u00e0 cette m\u00e9thode, ce n\u2019est pas enseigner des gestes.<br data-start=\"1666\" data-end=\"1669\" \/>C\u2019est transmettre une <strong data-start=\"1691\" data-end=\"1714\">philosophie du soin<\/strong>,<br data-start=\"1715\" data-end=\"1718\" \/>o\u00f9 le luxe r\u00e9side dans le temps accord\u00e9,<br data-start=\"1758\" data-end=\"1761\" \/>dans la qualit\u00e9 de l\u2019attention,<br data-start=\"1792\" data-end=\"1795\" \/>dans la justesse de chaque intention.<\/p>\n\n\t\t<\/div>\n\t<\/div><div class=\"vc_empty_space\"  style=\"height: 15px\" >\n\t<span class=\"vc_empty_space_inner\">\n\t\t<span class=\"empty_space_image\"  ><\/span>\n\t<\/span>\n<\/div>\n\t<div class=\"wpb_text_column wpb_content_element\">\n\t\t<div class=\"wpb_wrapper\">\n\t\t\t<p data-start=\"1608\" data-end=\"1832\">La m\u00e9thode Corinne Martinez est un h\u00e9ritage vivant.<br data-start=\"1885\" data-end=\"1888\" \/>Un savoir fa\u00e7onn\u00e9 par le monde.<br data-start=\"1919\" data-end=\"1922\" \/>Une signature au service du corps.<\/p>\n\n\t\t<\/div>\n\t<\/div><div class=\"vc_empty_space\"  style=\"height: 22px\" >\n\t<span class=\"vc_empty_space_inner\">\n\t\t<span class=\"empty_space_image\"  ><\/span>\n\t<\/span>\n<\/div><div class=\"vc_empty_space\"  style=\"height: 22px\" >\n\t<span class=\"vc_empty_space_inner\">\n\t\t<span class=\"empty_space_image\"  ><\/span>\n\t<\/span>\n<\/div>\n\t<div class=\"wpb_text_column wpb_content_element  vc_custom_1770802453439\">\n\t\t<div class=\"wpb_wrapper\">\n\t\t\t<h3>\u00c9couter le corps.<br data-start=\"1977\" data-end=\"1980\" \/>R\u00e9v\u00e9ler l\u2019essentiel.<br data-start=\"2000\" data-end=\"2003\" \/>Transmettre le geste juste.<\/h3>\n\n\t\t<\/div>\n\t<\/div><div class=\"vc_empty_space\"  style=\"height: 22px\" >\n\t<span class=\"vc_empty_space_inner\">\n\t\t<span class=\"empty_space_image\"  ><\/span>\n\t<\/span>\n<\/div><div class=\"vc_empty_space\"  style=\"height: 22px\" >\n\t<span class=\"vc_empty_space_inner\">\n\t\t<span class=\"empty_space_image\"  ><\/span>\n\t<\/span>\n<\/div><a  itemprop=\"url\" href=\"https:\/\/corinnemartinez.com\/en\/programme-des-formations-2\/\" target=\"_self\"  class=\"qbutton  default\" style=\"\">Le Programme des formations<\/a><div class=\"vc_empty_space\"  style=\"height: 22px\" >\n\t<span class=\"vc_empty_space_inner\">\n\t\t<span class=\"empty_space_image\"  ><\/span>\n\t<\/span>\n<\/div><div class=\"vc_empty_space\"  style=\"height: 22px\" >\n\t<span class=\"vc_empty_space_inner\">\n\t\t<span class=\"empty_space_image\"  ><\/span>\n\t<\/span>\n<\/div><\/div><\/div><\/div><\/div><\/div><\/div>\n<\/div>","protected":false},"excerpt":{"rendered":"Le corps n\u2019a pas besoin d\u2019\u00eatre contraint.Il a besoin d\u2019\u00eatre \u00e9cout\u00e9. Manifeste de la m\u00e9thode Corinne Martinez Chaque corps poss\u00e8de sa propre intelligence, son rythme, sa m\u00e9moire.La m\u00e9thode Corinne Martinez est n\u00e9e de cette conviction profonde :le geste juste ne s\u2019impose jamais, il accompagne. Depuis plus de quarante ans, cette m\u00e9thode s\u2019est construite dans le temps, l\u2019exp\u00e9rience et le monde.\u00c0...","protected":false},"author":1,"featured_media":0,"parent":0,"menu_order":0,"comment_status":"closed","ping_status":"closed","template":"","meta":{"footnotes":""},"class_list":["post-269","page","type-page","status-publish","hentry"],"yoast_head":"<!-- This site is optimized with the Yoast SEO plugin v27.0 - https:\/\/yoast.com\/product\/yoast-seo-wordpress\/ -->\n<title>La M\u00e9thode Corinne Martinez - Corinne Martinez<\/title>\n<meta name=\"robots\" content=\"index, follow, max-snippet:-1, max-image-preview:large, max-video-preview:-1\" \/>\n<link rel=\"canonical\" href=\"https:\/\/corinnemartinez.com\/en\/la-methode-corinne-martinez\/\" \/>\n<meta property=\"og:locale\" content=\"en_GB\" \/>\n<meta property=\"og:type\" content=\"article\" \/>\n<meta property=\"og:title\" content=\"La M\u00e9thode Corinne Martinez - Corinne Martinez\" \/>\n<meta property=\"og:url\" content=\"https:\/\/corinnemartinez.com\/en\/la-methode-corinne-martinez\/\" \/>\n<meta property=\"og:site_name\" content=\"Corinne Martinez\" \/>\n<meta property=\"article:modified_time\" content=\"2026-02-18T09:46:29+00:00\" \/>\n<meta name=\"twitter:card\" content=\"summary_large_image\" \/>\n<meta name=\"twitter:label1\" content=\"Estimated reading time\" \/>\n\t<meta name=\"twitter:data1\" content=\"3 minutes\" \/>\n<script type=\"application\/ld+json\" class=\"yoast-schema-graph\">{\"@context\":\"https:\/\/schema.org\",\"@graph\":[{\"@type\":\"WebPage\",\"@id\":\"https:\/\/corinnemartinez.com\/en\/la-methode-corinne-martinez\/\",\"url\":\"https:\/\/corinnemartinez.com\/en\/la-methode-corinne-martinez\/\",\"name\":\"La M\u00e9thode Corinne Martinez - Corinne Martinez\",\"isPartOf\":{\"@id\":\"https:\/\/corinnemartinez.com\/#website\"},\"datePublished\":\"2017-08-15T13:46:35+00:00\",\"dateModified\":\"2026-02-18T09:46:29+00:00\",\"breadcrumb\":{\"@id\":\"https:\/\/corinnemartinez.com\/en\/la-methode-corinne-martinez\/#breadcrumb\"},\"inLanguage\":\"en-GB\",\"potentialAction\":[{\"@type\":\"ReadAction\",\"target\":[\"https:\/\/corinnemartinez.com\/en\/la-methode-corinne-martinez\/\"]}]},{\"@type\":\"BreadcrumbList\",\"@id\":\"https:\/\/corinnemartinez.com\/en\/la-methode-corinne-martinez\/#breadcrumb\",\"itemListElement\":[{\"@type\":\"ListItem\",\"position\":1,\"name\":\"Accueil\",\"item\":\"https:\/\/corinnemartinez.com\/\"},{\"@type\":\"ListItem\",\"position\":2,\"name\":\"La M\u00e9thode Corinne Martinez\"}]},{\"@type\":\"WebSite\",\"@id\":\"https:\/\/corinnemartinez.com\/#website\",\"url\":\"https:\/\/corinnemartinez.com\/\",\"name\":\"Corinne Martinez\",\"description\":\"La M\u00e9thode\",\"potentialAction\":[{\"@type\":\"SearchAction\",\"target\":{\"@type\":\"EntryPoint\",\"urlTemplate\":\"https:\/\/corinnemartinez.com\/?s={search_term_string}\"},\"query-input\":{\"@type\":\"PropertyValueSpecification\",\"valueRequired\":true,\"valueName\":\"search_term_string\"}}],\"inLanguage\":\"en-GB\"}]}<\/script>\n<!-- \/ Yoast SEO plugin. -->","yoast_head_json":{"title":"La M\u00e9thode Corinne Martinez - Corinne Martinez","robots":{"index":"index","follow":"follow","max-snippet":"max-snippet:-1","max-image-preview":"max-image-preview:large","max-video-preview":"max-video-preview:-1"},"canonical":"https:\/\/corinnemartinez.com\/en\/la-methode-corinne-martinez\/","og_locale":"en_GB","og_type":"article","og_title":"La M\u00e9thode Corinne Martinez - Corinne Martinez","og_url":"https:\/\/corinnemartinez.com\/en\/la-methode-corinne-martinez\/","og_site_name":"Corinne Martinez","article_modified_time":"2026-02-18T09:46:29+00:00","twitter_card":"summary_large_image","twitter_misc":{"Estimated reading time":"3 minutes"},"schema":{"@context":"https:\/\/schema.org","@graph":[{"@type":"WebPage","@id":"https:\/\/corinnemartinez.com\/en\/la-methode-corinne-martinez\/","url":"https:\/\/corinnemartinez.com\/en\/la-methode-corinne-martinez\/","name":"La M\u00e9thode Corinne Martinez - Corinne Martinez","isPartOf":{"@id":"https:\/\/corinnemartinez.com\/#website"},"datePublished":"2017-08-15T13:46:35+00:00","dateModified":"2026-02-18T09:46:29+00:00","breadcrumb":{"@id":"https:\/\/corinnemartinez.com\/en\/la-methode-corinne-martinez\/#breadcrumb"},"inLanguage":"en-GB","potentialAction":[{"@type":"ReadAction","target":["https:\/\/corinnemartinez.com\/en\/la-methode-corinne-martinez\/"]}]},{"@type":"BreadcrumbList","@id":"https:\/\/corinnemartinez.com\/en\/la-methode-corinne-martinez\/#breadcrumb","itemListElement":[{"@type":"ListItem","position":1,"name":"Accueil","item":"https:\/\/corinnemartinez.com\/"},{"@type":"ListItem","position":2,"name":"La M\u00e9thode Corinne Martinez"}]},{"@type":"WebSite","@id":"https:\/\/corinnemartinez.com\/#website","url":"https:\/\/corinnemartinez.com\/","name":"Corinne Martinez","description":"La M\u00e9thode","potentialAction":[{"@type":"SearchAction","target":{"@type":"EntryPoint","urlTemplate":"https:\/\/corinnemartinez.com\/?s={search_term_string}"},"query-input":{"@type":"PropertyValueSpecification","valueRequired":true,"valueName":"search_term_string"}}],"inLanguage":"en-GB"}]}},"_links":{"self":[{"href":"https:\/\/corinnemartinez.com\/en\/wp-json\/wp\/v2\/pages\/269","targetHints":{"allow":["GET"]}}],"collection":[{"href":"https:\/\/corinnemartinez.com\/en\/wp-json\/wp\/v2\/pages"}],"about":[{"href":"https:\/\/corinnemartinez.com\/en\/wp-json\/wp\/v2\/types\/page"}],"author":[{"embeddable":true,"href":"https:\/\/corinnemartinez.com\/en\/wp-json\/wp\/v2\/users\/1"}],"replies":[{"embeddable":true,"href":"https:\/\/corinnemartinez.com\/en\/wp-json\/wp\/v2\/comments?post=269"}],"version-history":[{"count":14,"href":"https:\/\/corinnemartinez.com\/en\/wp-json\/wp\/v2\/pages\/269\/revisions"}],"predecessor-version":[{"id":10354,"href":"https:\/\/corinnemartinez.com\/en\/wp-json\/wp\/v2\/pages\/269\/revisions\/10354"}],"wp:attachment":[{"href":"https:\/\/corinnemartinez.com\/en\/wp-json\/wp\/v2\/media?parent=269"}],"curies":[{"name":"wp","href":"https:\/\/api.w.org\/{rel}","templated":true}]}}