{"id":10501,"date":"2026-02-18T12:49:04","date_gmt":"2026-02-18T12:49:04","guid":{"rendered":"https:\/\/corinnemartinez.com\/?page_id=10501"},"modified":"2026-02-18T12:50:37","modified_gmt":"2026-02-18T12:50:37","slug":"mentions-legales","status":"publish","type":"page","link":"https:\/\/corinnemartinez.com\/en\/mentions-legales\/","title":{"rendered":"Mentions l\u00e9gales"},"content":{"rendered":"<div class=\"wpb-content-wrapper\"><div class=\"vc_row wpb_row section vc_row-fluid  grid_section\" style=' text-align:left;'><div class=\"section_inner clearfix\"><div class='section_inner_margin clearfix'><div class=\"wpb_column vc_column_container vc_col-sm-12\"><div class=\"vc_column-inner\"><div class=\"wpb_wrapper\">\n\t<div class=\"wpb_text_column wpb_content_element\">\n\t\t<div class=\"wpb_wrapper\">\n\t\t\t<h1>Mentions l\u00e9gales<\/h1>\n<h2>\u00c9diteur du site<\/h2>\n<p><strong>Nom du site :<\/strong> CORINNE MARTINEZ<br \/>\n<strong>URL :<\/strong> https:\/\/corinnemartinez.com\/<\/p>\n<p><strong>Raison sociale :<\/strong> CORINNE MARTINEZ<br \/>\n<strong>Forme juridique :<\/strong> Soci\u00e9t\u00e9 par actions simplifi\u00e9e (SAS)<br \/>\n<strong>SIREN :<\/strong> 753890318<br \/>\n<strong>SIRET (si\u00e8ge social) :<\/strong> 75389031800045<br \/>\n<strong>Adresse du si\u00e8ge social : <\/strong>8 RUE J.B. BOUSSINGAULT, 29200 BREST<\/p>\n<p><strong>Directeur de la publication :<\/strong> Corinne Martinez<\/p>\n<hr \/>\n<h2>H\u00e9bergeur du site<\/h2>\n<p><strong>IONOS (1&amp;1 Internet SARL)<\/strong><br \/>\n7, place de la Gare<br \/>\nBP 70109<br \/>\n57200 Sarreguemines Cedex \u2013 France<\/p>\n<p><strong>T\u00e9l\u00e9phone :<\/strong> 0970 808 911<br \/>\n<strong>E-mail :<\/strong> <a href=\"mailto:info@ionos.fr\">info@ionos.fr<\/a><\/p>\n<hr \/>\n<h2>Politique de confidentialit\u00e9 \u2013 RGPD<\/h2>\n<h3>Collecte des donn\u00e9es personnelles<\/h3>\n<p>Lors de votre navigation sur le site <strong>corinnemartinez.com<\/strong>, des donn\u00e9es personnelles peuvent \u00eatre collect\u00e9es via :<\/p>\n<ul>\n<li>Les formulaires de contact ou de demande d\u2019information<\/li>\n<li>Les \u00e9changes par e-mail<\/li>\n<li>Les cookies (voir section \u00ab Politique des cookies \u00bb)<\/li>\n<\/ul>\n<p><strong>Donn\u00e9es collect\u00e9es :<\/strong><\/p>\n<ul>\n<li>Nom et pr\u00e9nom<\/li>\n<li>Adresse e-mail<\/li>\n<li>Donn\u00e9es de navigation (adresse IP, type de navigateur, statistiques de visite)<\/li>\n<\/ul>\n<hr \/>\n<h3>Finalit\u00e9s du traitement<\/h3>\n<p>Les donn\u00e9es personnelles collect\u00e9es ont pour finalit\u00e9 :<\/p>\n<ul>\n<li>R\u00e9pondre aux demandes envoy\u00e9es via le formulaire de contact<\/li>\n<li>Assurer la gestion des relations commerciales<\/li>\n<li>Am\u00e9liorer la navigation et l\u2019exp\u00e9rience utilisateur<\/li>\n<li>R\u00e9aliser des statistiques de fr\u00e9quentation du site<\/li>\n<li>Envoyer des informations ou communications, uniquement avec le consentement pr\u00e9alable de l\u2019utilisateur<\/li>\n<\/ul>\n<hr \/>\n<h3>Base l\u00e9gale du traitement<\/h3>\n<p>Les traitements de donn\u00e9es reposent :<\/p>\n<ul>\n<li>Sur le consentement de l\u2019utilisateur (formulaire, cookies, communications)<\/li>\n<li>Sur l\u2019int\u00e9r\u00eat l\u00e9gitime de l\u2019\u00e9diteur du site pour assurer son bon fonctionnement et sa s\u00e9curit\u00e9<\/li>\n<\/ul>\n<hr \/>\n<h3>Droits des utilisateurs<\/h3>\n<p>Conform\u00e9ment au R\u00e8glement G\u00e9n\u00e9ral sur la Protection des Donn\u00e9es (RGPD), vous disposez des droits suivants :<\/p>\n<ul>\n<li><strong>Droit d\u2019acc\u00e8s<\/strong> \u00e0 vos donn\u00e9es personnelles<\/li>\n<li><strong>Droit de rectification<\/strong> des donn\u00e9es inexactes ou incompl\u00e8tes<\/li>\n<li><strong>Droit \u00e0 l\u2019effacement<\/strong> (droit \u00e0 l\u2019oubli)<\/li>\n<li><strong>Droit d\u2019opposition<\/strong> au traitement de vos donn\u00e9es<\/li>\n<li><strong>Droit \u00e0 la portabilit\u00e9<\/strong> de vos donn\u00e9es<\/li>\n<\/ul>\n<p>Pour exercer ces droits, vous pouvez contacter :<br \/>\n<strong>Adresse e-mail : <b>catherinelebot@hellooo.fr<\/b><\/strong><\/p>\n<hr \/>\n<h3>Dur\u00e9e de conservation des donn\u00e9es<\/h3>\n<p>Les donn\u00e9es personnelles sont conserv\u00e9es uniquement pendant la dur\u00e9e n\u00e9cessaire aux finalit\u00e9s pour lesquelles elles sont trait\u00e9es :<\/p>\n<ul>\n<li>Donn\u00e9es de contact : 3 ans maximum apr\u00e8s le dernier \u00e9change<\/li>\n<li>Donn\u00e9es de navigation (cookies) : 13 mois maximum<\/li>\n<\/ul>\n<hr \/>\n<h2>Politique des cookies<\/h2>\n<h3>Qu\u2019est-ce qu\u2019un cookie ?<\/h3>\n<p>Un cookie est un fichier texte d\u00e9pos\u00e9 sur votre terminal (ordinateur, tablette, smartphone) lors de la consultation d\u2019un site internet. Il permet de collecter des informations relatives \u00e0 votre navigation.<\/p>\n<h3>Types de cookies utilis\u00e9s<\/h3>\n<ul>\n<li><strong>Cookies strictement n\u00e9cessaires<\/strong> : indispensables au bon fonctionnement du site<\/li>\n<li><strong>Cookies de mesure d\u2019audience<\/strong> : permettent d\u2019analyser la fr\u00e9quentation et l\u2019utilisation du site<\/li>\n<li><strong>Cookies tiers<\/strong> : uniquement si des services externes sont int\u00e9gr\u00e9s (le cas \u00e9ch\u00e9ant)<\/li>\n<\/ul>\n<h3>Gestion des cookies<\/h3>\n<p>Lors de votre premi\u00e8re visite sur le site <strong>corinnemartinez.com<\/strong>, un bandeau vous informe de l\u2019utilisation des cookies. Vous pouvez accepter, refuser ou personnaliser vos choix \u00e0 tout moment.<\/p>\n<p>Vous pouvez \u00e9galement param\u00e9trer votre navigateur :<\/p>\n<ul>\n<li>Chrome<\/li>\n<li>Firefox<\/li>\n<li>Safari<\/li>\n<li>Edge<\/li>\n<\/ul>\n<hr \/>\n<h2>Contact<\/h2>\n<p>Pour toute question relative aux mentions l\u00e9gales, \u00e0 la protection des donn\u00e9es personnelles ou aux cookies, vous pouvez nous contacter \u00e0 l\u2019adresse suivante :<\/p>\n<p><b>catherinelebot@hellooo.fr<\/b><\/p>\n\n\t\t<\/div>\n\t<\/div><\/div><\/div><\/div><\/div><\/div><\/div><div      class=\"vc_row wpb_row section vc_row-fluid\" style=' text-align:left;'><div class=\"full_section_inner clearfix\"><div class=\"wpb_column vc_column_container vc_col-sm-12\"><div class=\"vc_column-inner\"><div class=\"wpb_wrapper\">\n\t<div class=\"wpb_single_image wpb_content_element vc_align_left\">\n\t\t<div class=\"wpb_wrapper\">\n\t\t\t\n\t\t\t<div class=\"vc_single_image-wrapper   vc_box_border_grey\"><img fetchpriority=\"high\" decoding=\"async\" width=\"2000\" height=\"1007\" src=\"https:\/\/corinnemartinez.com\/wp-content\/uploads\/2026\/02\/fond-long-CM.png\" class=\"vc_single_image-img attachment-full\" alt=\"\" title=\"fond-long-CM\" srcset=\"https:\/\/corinnemartinez.com\/wp-content\/uploads\/2026\/02\/fond-long-CM.png 2000w, https:\/\/corinnemartinez.com\/wp-content\/uploads\/2026\/02\/fond-long-CM-300x151.png 300w, https:\/\/corinnemartinez.com\/wp-content\/uploads\/2026\/02\/fond-long-CM-1024x516.png 1024w, https:\/\/corinnemartinez.com\/wp-content\/uploads\/2026\/02\/fond-long-CM-768x387.png 768w, https:\/\/corinnemartinez.com\/wp-content\/uploads\/2026\/02\/fond-long-CM-1536x773.png 1536w, https:\/\/corinnemartinez.com\/wp-content\/uploads\/2026\/02\/fond-long-CM-700x352.png 700w, https:\/\/corinnemartinez.com\/wp-content\/uploads\/2026\/02\/fond-long-CM-600x302.png 600w\" sizes=\"(max-width: 2000px) 100vw, 2000px\" \/><\/div>\n\t\t<\/div>\n\t<\/div>\n<\/div><\/div><\/div><\/div><\/div>\n<\/div>","protected":false},"excerpt":{"rendered":"Mentions l\u00e9gales \u00c9diteur du site Nom du site : CORINNE MARTINEZ URL : https:\/\/corinnemartinez.com\/ Raison sociale : CORINNE MARTINEZ Forme juridique : Soci\u00e9t\u00e9 par actions simplifi\u00e9e (SAS) SIREN : 753890318 SIRET (si\u00e8ge social) : 75389031800045 Adresse du si\u00e8ge social : 8 RUE J.B. BOUSSINGAULT, 29200 BREST Directeur de la publication : Corinne Martinez H\u00e9bergeur du site IONOS (1&amp;1 Internet SARL)...","protected":false},"author":1,"featured_media":0,"parent":0,"menu_order":0,"comment_status":"closed","ping_status":"closed","template":"full_width.php","meta":{"footnotes":""},"class_list":["post-10501","page","type-page","status-publish","hentry"],"yoast_head":"<!-- This site is optimized with the Yoast SEO plugin v27.0 - https:\/\/yoast.com\/product\/yoast-seo-wordpress\/ -->\n<title>Mentions l\u00e9gales - Corinne Martinez<\/title>\n<meta name=\"robots\" content=\"index, follow, max-snippet:-1, max-image-preview:large, max-video-preview:-1\" \/>\n<link rel=\"canonical\" href=\"https:\/\/corinnemartinez.com\/en\/mentions-legales\/\" \/>\n<meta property=\"og:locale\" content=\"en_GB\" \/>\n<meta property=\"og:type\" content=\"article\" \/>\n<meta property=\"og:title\" content=\"Mentions l\u00e9gales - Corinne Martinez\" \/>\n<meta property=\"og:url\" content=\"https:\/\/corinnemartinez.com\/en\/mentions-legales\/\" \/>\n<meta property=\"og:site_name\" content=\"Corinne Martinez\" \/>\n<meta property=\"article:modified_time\" content=\"2026-02-18T12:50:37+00:00\" \/>\n<meta name=\"twitter:card\" content=\"summary_large_image\" \/>\n<meta name=\"twitter:label1\" content=\"Estimated reading time\" \/>\n\t<meta name=\"twitter:data1\" content=\"3 minutes\" \/>\n<script type=\"application\/ld+json\" class=\"yoast-schema-graph\">{\"@context\":\"https:\/\/schema.org\",\"@graph\":[{\"@type\":\"WebPage\",\"@id\":\"https:\/\/corinnemartinez.com\/mentions-legales\/\",\"url\":\"https:\/\/corinnemartinez.com\/mentions-legales\/\",\"name\":\"Mentions l\u00e9gales - Corinne Martinez\",\"isPartOf\":{\"@id\":\"https:\/\/corinnemartinez.com\/#website\"},\"datePublished\":\"2026-02-18T12:49:04+00:00\",\"dateModified\":\"2026-02-18T12:50:37+00:00\",\"breadcrumb\":{\"@id\":\"https:\/\/corinnemartinez.com\/mentions-legales\/#breadcrumb\"},\"inLanguage\":\"en-GB\",\"potentialAction\":[{\"@type\":\"ReadAction\",\"target\":[\"https:\/\/corinnemartinez.com\/mentions-legales\/\"]}]},{\"@type\":\"BreadcrumbList\",\"@id\":\"https:\/\/corinnemartinez.com\/mentions-legales\/#breadcrumb\",\"itemListElement\":[{\"@type\":\"ListItem\",\"position\":1,\"name\":\"Accueil\",\"item\":\"https:\/\/corinnemartinez.com\/\"},{\"@type\":\"ListItem\",\"position\":2,\"name\":\"Mentions l\u00e9gales\"}]},{\"@type\":\"WebSite\",\"@id\":\"https:\/\/corinnemartinez.com\/#website\",\"url\":\"https:\/\/corinnemartinez.com\/\",\"name\":\"Corinne Martinez\",\"description\":\"La M\u00e9thode\",\"potentialAction\":[{\"@type\":\"SearchAction\",\"target\":{\"@type\":\"EntryPoint\",\"urlTemplate\":\"https:\/\/corinnemartinez.com\/?s={search_term_string}\"},\"query-input\":{\"@type\":\"PropertyValueSpecification\",\"valueRequired\":true,\"valueName\":\"search_term_string\"}}],\"inLanguage\":\"en-GB\"}]}<\/script>\n<!-- \/ Yoast SEO plugin. -->","yoast_head_json":{"title":"Mentions l\u00e9gales - Corinne Martinez","robots":{"index":"index","follow":"follow","max-snippet":"max-snippet:-1","max-image-preview":"max-image-preview:large","max-video-preview":"max-video-preview:-1"},"canonical":"https:\/\/corinnemartinez.com\/en\/mentions-legales\/","og_locale":"en_GB","og_type":"article","og_title":"Mentions l\u00e9gales - Corinne Martinez","og_url":"https:\/\/corinnemartinez.com\/en\/mentions-legales\/","og_site_name":"Corinne Martinez","article_modified_time":"2026-02-18T12:50:37+00:00","twitter_card":"summary_large_image","twitter_misc":{"Estimated reading time":"3 minutes"},"schema":{"@context":"https:\/\/schema.org","@graph":[{"@type":"WebPage","@id":"https:\/\/corinnemartinez.com\/mentions-legales\/","url":"https:\/\/corinnemartinez.com\/mentions-legales\/","name":"Mentions l\u00e9gales - Corinne Martinez","isPartOf":{"@id":"https:\/\/corinnemartinez.com\/#website"},"datePublished":"2026-02-18T12:49:04+00:00","dateModified":"2026-02-18T12:50:37+00:00","breadcrumb":{"@id":"https:\/\/corinnemartinez.com\/mentions-legales\/#breadcrumb"},"inLanguage":"en-GB","potentialAction":[{"@type":"ReadAction","target":["https:\/\/corinnemartinez.com\/mentions-legales\/"]}]},{"@type":"BreadcrumbList","@id":"https:\/\/corinnemartinez.com\/mentions-legales\/#breadcrumb","itemListElement":[{"@type":"ListItem","position":1,"name":"Accueil","item":"https:\/\/corinnemartinez.com\/"},{"@type":"ListItem","position":2,"name":"Mentions l\u00e9gales"}]},{"@type":"WebSite","@id":"https:\/\/corinnemartinez.com\/#website","url":"https:\/\/corinnemartinez.com\/","name":"Corinne Martinez","description":"La M\u00e9thode","potentialAction":[{"@type":"SearchAction","target":{"@type":"EntryPoint","urlTemplate":"https:\/\/corinnemartinez.com\/?s={search_term_string}"},"query-input":{"@type":"PropertyValueSpecification","valueRequired":true,"valueName":"search_term_string"}}],"inLanguage":"en-GB"}]}},"_links":{"self":[{"href":"https:\/\/corinnemartinez.com\/en\/wp-json\/wp\/v2\/pages\/10501","targetHints":{"allow":["GET"]}}],"collection":[{"href":"https:\/\/corinnemartinez.com\/en\/wp-json\/wp\/v2\/pages"}],"about":[{"href":"https:\/\/corinnemartinez.com\/en\/wp-json\/wp\/v2\/types\/page"}],"author":[{"embeddable":true,"href":"https:\/\/corinnemartinez.com\/en\/wp-json\/wp\/v2\/users\/1"}],"replies":[{"embeddable":true,"href":"https:\/\/corinnemartinez.com\/en\/wp-json\/wp\/v2\/comments?post=10501"}],"version-history":[{"count":4,"href":"https:\/\/corinnemartinez.com\/en\/wp-json\/wp\/v2\/pages\/10501\/revisions"}],"predecessor-version":[{"id":10505,"href":"https:\/\/corinnemartinez.com\/en\/wp-json\/wp\/v2\/pages\/10501\/revisions\/10505"}],"wp:attachment":[{"href":"https:\/\/corinnemartinez.com\/en\/wp-json\/wp\/v2\/media?parent=10501"}],"curies":[{"name":"wp","href":"https:\/\/api.w.org\/{rel}","templated":true}]}}