{"id":10321,"date":"2026-02-12T12:08:05","date_gmt":"2026-02-12T12:08:05","guid":{"rendered":"https:\/\/corinnemartinez.com\/?page_id=10321"},"modified":"2026-02-13T17:37:06","modified_gmt":"2026-02-13T17:37:06","slug":"certification-qualiopi","status":"publish","type":"page","link":"https:\/\/corinnemartinez.com\/en\/certification-qualiopi\/","title":{"rendered":"Qualiopi certification"},"content":{"rendered":"<div class=\"wpb-content-wrapper\"><div class=\"vc_row wpb_row section vc_row-fluid\" style=' text-align:left;'><div class=\"full_section_inner clearfix\"><div class=\"wpb_column vc_column_container vc_col-sm-12\"><div class=\"vc_column-inner\"><div class=\"wpb_wrapper\"><\/div><\/div><\/div><\/div><\/div><div      class=\"vc_row wpb_row section vc_row-fluid  vc_custom_1770899206654 grid_section\" style=' text-align:left;'><div class=\"section_inner clearfix\"><div class='section_inner_margin clearfix'><div class=\"wpb_column vc_column_container vc_col-sm-6\"><div class=\"vc_column-inner\"><div class=\"wpb_wrapper\">\n\t<div class=\"wpb_text_column wpb_content_element\">\n\t\t<div class=\"wpb_wrapper\">\n\t\t\t<h2 data-start=\"164\" data-end=\"219\">Pr\u00e9sentation de notre organisme certifi\u00e9 Qualiopi<\/h2>\n\n\t\t<\/div>\n\t<\/div><div class=\"vc_empty_space\"  style=\"height: 25px\" >\n\t<span class=\"vc_empty_space_inner\">\n\t\t<span class=\"empty_space_image\"  ><\/span>\n\t<\/span>\n<\/div>\n\t<div class=\"wpb_single_image wpb_content_element vc_align_left\">\n\t\t<div class=\"wpb_wrapper\">\n\t\t\t\n\t\t\t<div class=\"vc_single_image-wrapper   vc_box_border_grey\"><img fetchpriority=\"high\" decoding=\"async\" width=\"634\" height=\"339\" src=\"https:\/\/corinnemartinez.com\/wp-content\/uploads\/2026\/02\/LogoQualiopi-300dpi-Avec-Marianne.webp\" class=\"vc_single_image-img attachment-full\" alt=\"\" title=\"LogoQualiopi-300dpi-Avec-Marianne\" srcset=\"https:\/\/corinnemartinez.com\/wp-content\/uploads\/2026\/02\/LogoQualiopi-300dpi-Avec-Marianne.webp 634w, https:\/\/corinnemartinez.com\/wp-content\/uploads\/2026\/02\/LogoQualiopi-300dpi-Avec-Marianne-300x160.webp 300w\" sizes=\"(max-width: 634px) 100vw, 634px\" \/><\/div>\n\t\t<\/div>\n\t<\/div>\n<\/div><\/div><\/div><div class=\"wpb_column vc_column_container vc_col-sm-6\"><div class=\"vc_column-inner\"><div class=\"wpb_wrapper\">\n\t<div class=\"wpb_text_column wpb_content_element\">\n\t\t<div class=\"wpb_wrapper\">\n\t\t\t<p data-start=\"221\" data-end=\"571\">Notre organisme de formation b\u00e9n\u00e9ficie de la <strong data-start=\"266\" data-end=\"292\">certification Qualiopi<\/strong>, gage de la qualit\u00e9 et de la fiabilit\u00e9 de nos prestations.<\/p>\n<p data-start=\"221\" data-end=\"571\">Cette certification atteste que nos processus p\u00e9dagogiques r\u00e9pondent aux <strong data-start=\"425\" data-end=\"462\">r\u00e9f\u00e9rentiels nationaux de qualit\u00e9<\/strong>, garantissant une organisation structur\u00e9e et des m\u00e9thodes p\u00e9dagogiques conformes aux exigences du secteur.<\/p>\n\n\t\t<\/div>\n\t<\/div><div class=\"vc_empty_space\"  style=\"height: 25px\" >\n\t<span class=\"vc_empty_space_inner\">\n\t\t<span class=\"empty_space_image\"  ><\/span>\n\t<\/span>\n<\/div>\n\t<div class=\"wpb_text_column wpb_content_element\">\n\t\t<div class=\"wpb_wrapper\">\n\t\t\t<p data-start=\"573\" data-end=\"660\">Chaque programme de formation est con\u00e7u selon des <strong data-start=\"623\" data-end=\"646\">standards rigoureux<\/strong>, incluant\u202f:<\/p>\n<p data-start=\"663\" data-end=\"755\">&#8211; Une <strong data-start=\"667\" data-end=\"713\">analyse pr\u00e9cise des besoins des apprenants<\/strong> et des objectifs professionnels cibl\u00e9s.<\/p>\n<p data-start=\"758\" data-end=\"882\">&#8211; La mise en \u0153uvre de <strong data-start=\"778\" data-end=\"813\">modalit\u00e9s p\u00e9dagogiques adapt\u00e9es<\/strong>, favorisant l\u2019engagement et l\u2019acquisition durable des comp\u00e9tences.<\/p>\n<p data-start=\"885\" data-end=\"1008\">&#8211; Une <strong data-start=\"889\" data-end=\"922\">\u00e9valuation continue et finale<\/strong> permettant de mesurer l\u2019atteinte des objectifs et la satisfaction des participants.<\/p>\n<p data-start=\"1011\" data-end=\"1113\">&#8211; Une <strong data-start=\"1015\" data-end=\"1051\">tra\u00e7abilit\u00e9 compl\u00e8te des actions<\/strong> et un suivi document\u00e9, conform\u00e9ment aux exigences Qualiopi.<\/p>\n\n\t\t<\/div>\n\t<\/div><div class=\"vc_empty_space\"  style=\"height: 25px\" >\n\t<span class=\"vc_empty_space_inner\">\n\t\t<span class=\"empty_space_image\"  ><\/span>\n\t<\/span>\n<\/div>\n\t<div class=\"wpb_text_column wpb_content_element\">\n\t\t<div class=\"wpb_wrapper\">\n\t\t\t<p data-start=\"573\" data-end=\"660\">Gr\u00e2ce \u00e0 cette certification, nos clients et partenaires peuvent \u00eatre assur\u00e9s que nos formations r\u00e9pondent aux <strong data-start=\"1225\" data-end=\"1289\">crit\u00e8res de qualit\u00e9, de professionnalisme et de transparence<\/strong> reconnus au niveau national, tout en facilitant le financement par les dispositifs publics et les OPCO.<\/p>\n\n\t\t<\/div>\n\t<\/div><div class=\"vc_empty_space\"  style=\"height: 25px\" >\n\t<span class=\"vc_empty_space_inner\">\n\t\t<span class=\"empty_space_image\"  ><\/span>\n\t<\/span>\n<\/div><\/div><\/div><\/div><\/div><\/div><\/div><div      class=\"vc_row wpb_row section vc_row-fluid\" style=' text-align:left;'><div class=\"full_section_inner clearfix\"><div class=\"wpb_column vc_column_container vc_col-sm-12\"><div class=\"vc_column-inner\"><div class=\"wpb_wrapper\">\n\t<div class=\"wpb_single_image wpb_content_element vc_align_left\">\n\t\t<div class=\"wpb_wrapper\">\n\t\t\t\n\t\t\t<div class=\"vc_single_image-wrapper   vc_box_border_grey\"><img decoding=\"async\" width=\"2000\" height=\"1007\" src=\"https:\/\/corinnemartinez.com\/wp-content\/uploads\/2026\/02\/fond-long-CM.png\" class=\"vc_single_image-img attachment-full\" alt=\"\" title=\"fond-long-CM\" srcset=\"https:\/\/corinnemartinez.com\/wp-content\/uploads\/2026\/02\/fond-long-CM.png 2000w, https:\/\/corinnemartinez.com\/wp-content\/uploads\/2026\/02\/fond-long-CM-300x151.png 300w, https:\/\/corinnemartinez.com\/wp-content\/uploads\/2026\/02\/fond-long-CM-1024x516.png 1024w, https:\/\/corinnemartinez.com\/wp-content\/uploads\/2026\/02\/fond-long-CM-768x387.png 768w, https:\/\/corinnemartinez.com\/wp-content\/uploads\/2026\/02\/fond-long-CM-1536x773.png 1536w, https:\/\/corinnemartinez.com\/wp-content\/uploads\/2026\/02\/fond-long-CM-700x352.png 700w, https:\/\/corinnemartinez.com\/wp-content\/uploads\/2026\/02\/fond-long-CM-600x302.png 600w\" sizes=\"(max-width: 2000px) 100vw, 2000px\" \/><\/div>\n\t\t<\/div>\n\t<\/div>\n<\/div><\/div><\/div><\/div><\/div>\n<\/div>","protected":false},"excerpt":{"rendered":"Pr\u00e9sentation de notre organisme certifi\u00e9 Qualiopi Notre organisme de formation b\u00e9n\u00e9ficie de la certification Qualiopi, gage de la qualit\u00e9 et de la fiabilit\u00e9 de nos prestations. Cette certification atteste que nos processus p\u00e9dagogiques r\u00e9pondent aux r\u00e9f\u00e9rentiels nationaux de qualit\u00e9, garantissant une organisation structur\u00e9e et des m\u00e9thodes p\u00e9dagogiques conformes aux exigences du secteur. Chaque programme de formation est con\u00e7u selon des...","protected":false},"author":1,"featured_media":0,"parent":0,"menu_order":0,"comment_status":"closed","ping_status":"closed","template":"full_width.php","meta":{"footnotes":""},"class_list":["post-10321","page","type-page","status-publish","hentry"],"yoast_head":"<!-- This site is optimized with the Yoast SEO plugin v27.0 - https:\/\/yoast.com\/product\/yoast-seo-wordpress\/ -->\n<title>Certification Qualiopi - Corinne Martinez<\/title>\n<meta name=\"robots\" content=\"index, follow, max-snippet:-1, max-image-preview:large, max-video-preview:-1\" \/>\n<link rel=\"canonical\" href=\"https:\/\/corinnemartinez.com\/en\/certification-qualiopi\/\" \/>\n<meta property=\"og:locale\" content=\"en_GB\" \/>\n<meta property=\"og:type\" content=\"article\" \/>\n<meta property=\"og:title\" content=\"Certification Qualiopi - Corinne Martinez\" \/>\n<meta property=\"og:url\" content=\"https:\/\/corinnemartinez.com\/en\/certification-qualiopi\/\" \/>\n<meta property=\"og:site_name\" content=\"Corinne Martinez\" \/>\n<meta property=\"article:modified_time\" content=\"2026-02-13T17:37:06+00:00\" \/>\n<meta name=\"twitter:card\" content=\"summary_large_image\" \/>\n<meta name=\"twitter:label1\" content=\"Estimated reading time\" \/>\n\t<meta name=\"twitter:data1\" content=\"2 minutes\" \/>\n<script type=\"application\/ld+json\" class=\"yoast-schema-graph\">{\"@context\":\"https:\/\/schema.org\",\"@graph\":[{\"@type\":\"WebPage\",\"@id\":\"https:\/\/corinnemartinez.com\/en\/certification-qualiopi\/\",\"url\":\"https:\/\/corinnemartinez.com\/en\/certification-qualiopi\/\",\"name\":\"Certification Qualiopi - Corinne Martinez\",\"isPartOf\":{\"@id\":\"https:\/\/corinnemartinez.com\/#website\"},\"datePublished\":\"2026-02-12T12:08:05+00:00\",\"dateModified\":\"2026-02-13T17:37:06+00:00\",\"breadcrumb\":{\"@id\":\"https:\/\/corinnemartinez.com\/en\/certification-qualiopi\/#breadcrumb\"},\"inLanguage\":\"en-GB\",\"potentialAction\":[{\"@type\":\"ReadAction\",\"target\":[\"https:\/\/corinnemartinez.com\/en\/certification-qualiopi\/\"]}]},{\"@type\":\"BreadcrumbList\",\"@id\":\"https:\/\/corinnemartinez.com\/en\/certification-qualiopi\/#breadcrumb\",\"itemListElement\":[{\"@type\":\"ListItem\",\"position\":1,\"name\":\"Accueil\",\"item\":\"https:\/\/corinnemartinez.com\/\"},{\"@type\":\"ListItem\",\"position\":2,\"name\":\"Certification Qualiopi\"}]},{\"@type\":\"WebSite\",\"@id\":\"https:\/\/corinnemartinez.com\/#website\",\"url\":\"https:\/\/corinnemartinez.com\/\",\"name\":\"Corinne Martinez\",\"description\":\"La M\u00e9thode\",\"potentialAction\":[{\"@type\":\"SearchAction\",\"target\":{\"@type\":\"EntryPoint\",\"urlTemplate\":\"https:\/\/corinnemartinez.com\/?s={search_term_string}\"},\"query-input\":{\"@type\":\"PropertyValueSpecification\",\"valueRequired\":true,\"valueName\":\"search_term_string\"}}],\"inLanguage\":\"en-GB\"}]}<\/script>\n<!-- \/ Yoast SEO plugin. -->","yoast_head_json":{"title":"Certification Qualiopi - Corinne Martinez","robots":{"index":"index","follow":"follow","max-snippet":"max-snippet:-1","max-image-preview":"max-image-preview:large","max-video-preview":"max-video-preview:-1"},"canonical":"https:\/\/corinnemartinez.com\/en\/certification-qualiopi\/","og_locale":"en_GB","og_type":"article","og_title":"Certification Qualiopi - Corinne Martinez","og_url":"https:\/\/corinnemartinez.com\/en\/certification-qualiopi\/","og_site_name":"Corinne Martinez","article_modified_time":"2026-02-13T17:37:06+00:00","twitter_card":"summary_large_image","twitter_misc":{"Estimated reading time":"2 minutes"},"schema":{"@context":"https:\/\/schema.org","@graph":[{"@type":"WebPage","@id":"https:\/\/corinnemartinez.com\/en\/certification-qualiopi\/","url":"https:\/\/corinnemartinez.com\/en\/certification-qualiopi\/","name":"Certification Qualiopi - Corinne Martinez","isPartOf":{"@id":"https:\/\/corinnemartinez.com\/#website"},"datePublished":"2026-02-12T12:08:05+00:00","dateModified":"2026-02-13T17:37:06+00:00","breadcrumb":{"@id":"https:\/\/corinnemartinez.com\/en\/certification-qualiopi\/#breadcrumb"},"inLanguage":"en-GB","potentialAction":[{"@type":"ReadAction","target":["https:\/\/corinnemartinez.com\/en\/certification-qualiopi\/"]}]},{"@type":"BreadcrumbList","@id":"https:\/\/corinnemartinez.com\/en\/certification-qualiopi\/#breadcrumb","itemListElement":[{"@type":"ListItem","position":1,"name":"Accueil","item":"https:\/\/corinnemartinez.com\/"},{"@type":"ListItem","position":2,"name":"Certification Qualiopi"}]},{"@type":"WebSite","@id":"https:\/\/corinnemartinez.com\/#website","url":"https:\/\/corinnemartinez.com\/","name":"Corinne Martinez","description":"La M\u00e9thode","potentialAction":[{"@type":"SearchAction","target":{"@type":"EntryPoint","urlTemplate":"https:\/\/corinnemartinez.com\/?s={search_term_string}"},"query-input":{"@type":"PropertyValueSpecification","valueRequired":true,"valueName":"search_term_string"}}],"inLanguage":"en-GB"}]}},"_links":{"self":[{"href":"https:\/\/corinnemartinez.com\/en\/wp-json\/wp\/v2\/pages\/10321","targetHints":{"allow":["GET"]}}],"collection":[{"href":"https:\/\/corinnemartinez.com\/en\/wp-json\/wp\/v2\/pages"}],"about":[{"href":"https:\/\/corinnemartinez.com\/en\/wp-json\/wp\/v2\/types\/page"}],"author":[{"embeddable":true,"href":"https:\/\/corinnemartinez.com\/en\/wp-json\/wp\/v2\/users\/1"}],"replies":[{"embeddable":true,"href":"https:\/\/corinnemartinez.com\/en\/wp-json\/wp\/v2\/comments?post=10321"}],"version-history":[{"count":6,"href":"https:\/\/corinnemartinez.com\/en\/wp-json\/wp\/v2\/pages\/10321\/revisions"}],"predecessor-version":[{"id":10325,"href":"https:\/\/corinnemartinez.com\/en\/wp-json\/wp\/v2\/pages\/10321\/revisions\/10325"}],"wp:attachment":[{"href":"https:\/\/corinnemartinez.com\/en\/wp-json\/wp\/v2\/media?parent=10321"}],"curies":[{"name":"wp","href":"https:\/\/api.w.org\/{rel}","templated":true}]}}