{"id":10319,"date":"2026-02-12T12:14:17","date_gmt":"2026-02-12T12:14:17","guid":{"rendered":"https:\/\/corinnemartinez.com\/?page_id=10319"},"modified":"2026-02-18T12:39:20","modified_gmt":"2026-02-18T12:39:20","slug":"nous-contacter","status":"publish","type":"page","link":"https:\/\/corinnemartinez.com\/en\/nous-contacter\/","title":{"rendered":"Contact us"},"content":{"rendered":"<div class=\"wpb-content-wrapper\"><div class=\"vc_row wpb_row section vc_row-fluid\" style=' text-align:left;'><div class=\"full_section_inner clearfix\"><div class=\"wpb_column vc_column_container vc_col-sm-12\"><div class=\"vc_column-inner\"><div class=\"wpb_wrapper\">\n\t<div class=\"wpb_text_column wpb_content_element\">\n\t\t<div class=\"wpb_wrapper\">\n\t\t\t<p><iframe style=\"border: 0;\" src=\"https:\/\/www.google.com\/maps\/embed?pb=!1m18!1m12!1m3!1d2649.5798635019705!2d-4.491087523038469!3d48.38780647127229!2m3!1f0!2f0!3f0!3m2!1i1024!2i768!4f13.1!3m3!1m2!1s0x4816bbde41ae1b09%3A0xc64348808e6a56f5!2sCorinne%20Martinez%20-%20Centre%20de%20drainage%20lymphatique%2C%20palper%20rouler%20manuel%20Formation%20certifi%C3%A9e%20qualiopi%20%F0%9F%87%AB%F0%9F%87%B7!5e0!3m2!1sfr!2sfr!4v1770895500094!5m2!1sfr!2sfr\" width=\"100%\" height=\"500\" allowfullscreen=\"allowfullscreen\"><\/iframe><\/p>\n\n\t\t<\/div>\n\t<\/div><\/div><\/div><\/div><\/div><\/div><div      class=\"vc_row wpb_row section vc_row-fluid  vc_custom_1770896096330 grid_section\" style=' text-align:left;'><div class=\"section_inner clearfix\"><div class='section_inner_margin clearfix'><div class=\"wpb_column vc_column_container vc_col-sm-12 vc_col-lg-6 vc_col-md-6\"><div class=\"vc_column-inner\"><div class=\"wpb_wrapper\">\n\t<div class=\"wpb_text_column wpb_content_element\">\n\t\t<div class=\"wpb_wrapper\">\n\t\t\t<h4>Contact us<\/h4>\n\n\t\t<\/div>\n\t<\/div><div class=\"vc_empty_space\"  style=\"height: 25px\" >\n\t<span class=\"vc_empty_space_inner\">\n\t\t<span class=\"empty_space_image\"  ><\/span>\n\t<\/span>\n<\/div>\n<div class=\"wpcf7 no-js\" id=\"wpcf7-f177-o1\" lang=\"en-US\" dir=\"ltr\" data-wpcf7-id=\"177\">\n<div class=\"screen-reader-response\"><p role=\"status\" aria-live=\"polite\" aria-atomic=\"true\"><\/p> <ul><\/ul><\/div>\n<form action=\"\/en\/wp-json\/wp\/v2\/pages\/10319#wpcf7-f177-o1\" method=\"post\" class=\"wpcf7-form init cf7_custom_style_2\" aria-label=\"Contact form\" novalidate=\"novalidate\" data-status=\"init\" data-trp-original-action=\"\/en\/wp-json\/wp\/v2\/pages\/10319#wpcf7-f177-o1\">\n<fieldset class=\"hidden-fields-container\"><input type=\"hidden\" name=\"_wpcf7\" value=\"177\" \/><input type=\"hidden\" name=\"_wpcf7_version\" value=\"6.1.5\" \/><input type=\"hidden\" name=\"_wpcf7_locale\" value=\"en_US\" \/><input type=\"hidden\" name=\"_wpcf7_unit_tag\" value=\"wpcf7-f177-o1\" \/><input type=\"hidden\" name=\"_wpcf7_container_post\" value=\"0\" \/><input type=\"hidden\" name=\"_wpcf7_posted_data_hash\" value=\"\" \/>\n<\/fieldset>\n<p><label> Votre nom<br \/>\n<span class=\"wpcf7-form-control-wrap\" data-name=\"your-name\"><input size=\"40\" maxlength=\"400\" class=\"wpcf7-form-control wpcf7-text wpcf7-validates-as-required\" aria-required=\"true\" aria-invalid=\"false\" placeholder=\"\u00c9crivez votre nom ici\" value=\"\" type=\"text\" name=\"your-name\" \/><\/span> <\/label>\n<\/p>\n<p><label> Votre Email<br \/>\n<span class=\"wpcf7-form-control-wrap\" data-name=\"your-email\"><input size=\"40\" maxlength=\"400\" class=\"wpcf7-form-control wpcf7-email wpcf7-validates-as-required wpcf7-text wpcf7-validates-as-email\" aria-required=\"true\" aria-invalid=\"false\" placeholder=\"\u00c9crivez votre email ici\" value=\"\" type=\"email\" name=\"your-email\" \/><\/span> <\/label>\n<\/p>\n<p><label> Your Message<br \/>\n<span class=\"wpcf7-form-control-wrap\" data-name=\"your-message\"><textarea cols=\"40\" rows=\"10\" maxlength=\"2000\" class=\"wpcf7-form-control wpcf7-textarea\" aria-invalid=\"false\" placeholder=\"\u00c9crivez votre message ici\" name=\"your-message\"><\/textarea><\/span> <\/label>\n<\/p>\n<p><span class=\"wpcf7-form-control-wrap\" data-name=\"acceptance-292\"><span class=\"wpcf7-form-control wpcf7-acceptance optional\"><span class=\"wpcf7-list-item\"><label><input type=\"checkbox\" name=\"acceptance-292\" value=\"1\" aria-invalid=\"false\" \/><span class=\"wpcf7-list-item-label\">J'accepte que mes informations soient utilis\u00e9es pour r\u00e9pondre \u00e0 ma demande et me recontacter. J\u2019accepte \u00e9galement de recevoir des communications commerciales de l\u2019institut, conform\u00e9ment \u00e0 la l\u00e9gislation fran\u00e7aise.  Vos donn\u00e9es sont trait\u00e9es avec soin et confidentialit\u00e9. Vous pouvez \u00e0 tout moment acc\u00e9der, rectifier ou supprimer vos informations en nous contactant.<\/span><\/label><\/span><\/span><\/span>\n<\/p>\n<p><span class=\"wpcf7-form-control-wrap\" data-name=\"quiz-876\"><label><span class=\"wpcf7-quiz-label\">Capitale du Br\u00e9sil ?<\/span> <input size=\"40\" class=\"wpcf7-form-control wpcf7-quiz\" autocomplete=\"off\" aria-required=\"true\" aria-invalid=\"false\" type=\"text\" name=\"quiz-876\" \/><\/label><input type=\"hidden\" name=\"_wpcf7_quiz_answer_quiz-876\" value=\"109499f9908bf2c9952502d60c4e9de9\" \/><\/span>\n<\/p>\n<p><input class=\"wpcf7-form-control wpcf7-submit has-spinner\" type=\"submit\" value=\"Envoyer\" \/>\n<\/p><p style=\"display: none !important;\" class=\"akismet-fields-container\" data-prefix=\"_wpcf7_ak_\"><label>&#916;<textarea name=\"_wpcf7_ak_hp_textarea\" cols=\"45\" rows=\"8\" maxlength=\"100\"><\/textarea><\/label><input type=\"hidden\" id=\"ak_js_1\" name=\"_wpcf7_ak_js\" value=\"49\"\/><script>document.getElementById( \"ak_js_1\" ).setAttribute( \"value\", ( new Date() ).getTime() );<\/script><\/p><div class=\"wpcf7-response-output\" aria-hidden=\"true\"><\/div>\n<input type=\"hidden\" name=\"trp-form-language\" value=\"en\"\/><\/form>\n<\/div>\n<div class=\"vc_empty_space\"  style=\"height: 76px\" >\n\t<span class=\"vc_empty_space_inner\">\n\t\t<span class=\"empty_space_image\"  ><\/span>\n\t<\/span>\n<\/div><\/div><\/div><\/div><div class=\"wpb_column vc_column_container vc_col-sm-12 vc_col-lg-6 vc_col-md-6\"><div class=\"vc_column-inner\"><div class=\"wpb_wrapper\"><div class=\"vc_empty_space\"  style=\"height: 16px\" >\n\t<span class=\"vc_empty_space_inner\">\n\t\t<span class=\"empty_space_image\"  ><\/span>\n\t<\/span>\n<\/div>\n\t<div class=\"wpb_text_column wpb_content_element\">\n\t\t<div class=\"wpb_wrapper\">\n\t\t\t<h2><strong data-start=\"112\" data-end=\"164\">Une question, besoin d\u2019un conseil personnalis\u00e9 ?<\/strong><\/h2>\n\n\t\t<\/div>\n\t<\/div><div class=\"vc_empty_space\"  style=\"height: 21px\" >\n\t<span class=\"vc_empty_space_inner\">\n\t\t<span class=\"empty_space_image\"  ><\/span>\n\t<\/span>\n<\/div>\n\t<div class=\"wpb_text_column wpb_content_element\">\n\t\t<div class=\"wpb_wrapper\">\n\t\t\t<p>Nous vous accueillons avec douceur et professionnalisme pour vous guider vers le soin le plus adapt\u00e9.<br data-start=\"268\" data-end=\"271\" data-is-only-node=\"\" \/>Appelez-nous ou laissez-nous un message, nous vous r\u00e9pondrons avec attention.<\/p>\n\n\t\t<\/div>\n\t<\/div><div class=\"vc_empty_space\"  style=\"height: 43px\" >\n\t<span class=\"vc_empty_space_inner\">\n\t\t<span class=\"empty_space_image\"  ><\/span>\n\t<\/span>\n<\/div>\n\t<div class=\"wpb_text_column wpb_content_element\">\n\t\t<div class=\"wpb_wrapper\">\n\t\t\t<h5>Nos coordonn\u00e9es<\/h5>\n\n\t\t<\/div>\n\t<\/div><div class=\"vc_empty_space\"  style=\"height: 21px\" >\n\t<span class=\"vc_empty_space_inner\">\n\t\t<span class=\"empty_space_image\"  ><\/span>\n\t<\/span>\n<\/div><div class='q_elements_holder one_column responsive_mode_from_768' ><div class='q_elements_item' data-1024-1280='0 21% 0 0' data-768-1024='0 17% 0 0' data-600-768='0 34% 0 0' data-480-600='0px' data-480='0px' data-animation='no' data-item-class='q_elements_holder_custom_897286'><div class='q_elements_item_inner'><div class='q_elements_item_content q_elements_holder_custom_897286' style='padding:0 34% 0 0'><div class=\"q_icon_list\"><i class=\"qodef-icon-dripicons dripicon dripicons-location qode-ili-icon-holder transparent\" style=\"font-size: 19px;color: #00a699;\" ><\/i><p style=\"font-size: 15px;font-weight: 400;\">8 rue boussingault, Brest, Centre ville<\/p><\/div><div class=\"vc_empty_space\"  style=\"height: 23px\" >\n\t<span class=\"vc_empty_space_inner\">\n\t\t<span class=\"empty_space_image\"  ><\/span>\n\t<\/span>\n<\/div><\/div><\/div><\/div><\/div><div class='q_elements_holder one_column responsive_mode_from_768' ><div class='q_elements_item' data-1024-1280='0 47% 0 0' data-768-1024='0 38% 0 0' data-600-768='0 54% 0 0' data-480-600='0px' data-480='0px' data-animation='no' data-item-class='q_elements_holder_custom_958887'><div class='q_elements_item_inner'><div class='q_elements_item_content q_elements_holder_custom_958887' style='padding:0 52% 0 0'><div class=\"q_icon_list\"><i class=\"qodef-icon-dripicons dripicon dripicons-phone qode-ili-icon-holder transparent\" style=\"font-size: 19px;color: #00a699;\" ><\/i><p style=\"font-size: 15px;font-weight: 400;\">T\u00e9l: +33 (0) 6 58 99 29 85<\/p><\/div><div class=\"vc_empty_space\"  style=\"height: 23px\" >\n\t<span class=\"vc_empty_space_inner\">\n\t\t<span class=\"empty_space_image\"  ><\/span>\n\t<\/span>\n<\/div><\/div><\/div><\/div><\/div><div class='q_elements_holder one_column responsive_mode_from_768' ><div class='q_elements_item' data-1024-1280='0 31% 0 0' data-768-1024='0 20% 0 0' data-600-768='0 38% 0 0' data-480-600='0px 0px 66px' data-480='0px 0px 66px' data-animation='no' data-item-class='q_elements_holder_custom_948266'><div class='q_elements_item_inner'><div class='q_elements_item_content q_elements_holder_custom_948266' style='padding:0 18% 0 0'><\/div><\/div><\/div><\/div><\/div><\/div><\/div><\/div><\/div><\/div><div      class=\"vc_row wpb_row section vc_row-fluid\" style=' text-align:left;'><div class=\"full_section_inner clearfix\"><div class=\"wpb_column vc_column_container vc_col-sm-12\"><div class=\"vc_column-inner\"><div class=\"wpb_wrapper\">\n\t<div class=\"wpb_single_image wpb_content_element vc_align_left\">\n\t\t<div class=\"wpb_wrapper\">\n\t\t\t\n\t\t\t<div class=\"vc_single_image-wrapper   vc_box_border_grey\"><img fetchpriority=\"high\" decoding=\"async\" width=\"2000\" height=\"1007\" src=\"https:\/\/corinnemartinez.com\/wp-content\/uploads\/2026\/02\/fond-long-CM.png\" class=\"vc_single_image-img attachment-full\" alt=\"\" title=\"fond-long-CM\" srcset=\"https:\/\/corinnemartinez.com\/wp-content\/uploads\/2026\/02\/fond-long-CM.png 2000w, https:\/\/corinnemartinez.com\/wp-content\/uploads\/2026\/02\/fond-long-CM-300x151.png 300w, https:\/\/corinnemartinez.com\/wp-content\/uploads\/2026\/02\/fond-long-CM-1024x516.png 1024w, https:\/\/corinnemartinez.com\/wp-content\/uploads\/2026\/02\/fond-long-CM-768x387.png 768w, https:\/\/corinnemartinez.com\/wp-content\/uploads\/2026\/02\/fond-long-CM-1536x773.png 1536w, https:\/\/corinnemartinez.com\/wp-content\/uploads\/2026\/02\/fond-long-CM-700x352.png 700w, https:\/\/corinnemartinez.com\/wp-content\/uploads\/2026\/02\/fond-long-CM-600x302.png 600w\" sizes=\"(max-width: 2000px) 100vw, 2000px\" \/><\/div>\n\t\t<\/div>\n\t<\/div>\n<\/div><\/div><\/div><\/div><\/div>\n<\/div>","protected":false},"excerpt":{"rendered":"Nous contacter Votre nom Votre Email Your Message J'accepte que mes informations soient utilis\u00e9es pour r\u00e9pondre \u00e0 ma demande et me recontacter. J\u2019accepte \u00e9galement de recevoir des communications commerciales de l\u2019institut, conform\u00e9ment \u00e0 la l\u00e9gislation fran\u00e7aise. Vos donn\u00e9es sont trait\u00e9es avec soin et confidentialit\u00e9. Vous pouvez \u00e0 tout moment acc\u00e9der, rectifier ou supprimer vos informations en nous contactant. Capitale du...","protected":false},"author":1,"featured_media":0,"parent":0,"menu_order":0,"comment_status":"closed","ping_status":"closed","template":"full_width.php","meta":{"footnotes":""},"class_list":["post-10319","page","type-page","status-publish","hentry"],"yoast_head":"<!-- This site is optimized with the Yoast SEO plugin v27.0 - https:\/\/yoast.com\/product\/yoast-seo-wordpress\/ -->\n<title>Nous contacter - Corinne Martinez<\/title>\n<meta name=\"robots\" content=\"index, follow, max-snippet:-1, max-image-preview:large, max-video-preview:-1\" \/>\n<link rel=\"canonical\" href=\"https:\/\/corinnemartinez.com\/en\/nous-contacter\/\" \/>\n<meta property=\"og:locale\" content=\"en_GB\" \/>\n<meta property=\"og:type\" content=\"article\" \/>\n<meta property=\"og:title\" content=\"Nous contacter - Corinne Martinez\" \/>\n<meta property=\"og:url\" content=\"https:\/\/corinnemartinez.com\/en\/nous-contacter\/\" \/>\n<meta property=\"og:site_name\" content=\"Corinne Martinez\" \/>\n<meta property=\"article:modified_time\" content=\"2026-02-18T12:39:20+00:00\" \/>\n<meta name=\"twitter:card\" content=\"summary_large_image\" \/>\n<meta name=\"twitter:label1\" content=\"Estimated reading time\" \/>\n\t<meta name=\"twitter:data1\" content=\"2 minutes\" \/>\n<script type=\"application\/ld+json\" class=\"yoast-schema-graph\">{\"@context\":\"https:\/\/schema.org\",\"@graph\":[{\"@type\":\"WebPage\",\"@id\":\"https:\/\/corinnemartinez.com\/nous-contacter\/\",\"url\":\"https:\/\/corinnemartinez.com\/nous-contacter\/\",\"name\":\"Nous contacter - Corinne Martinez\",\"isPartOf\":{\"@id\":\"https:\/\/corinnemartinez.com\/#website\"},\"datePublished\":\"2026-02-12T12:14:17+00:00\",\"dateModified\":\"2026-02-18T12:39:20+00:00\",\"breadcrumb\":{\"@id\":\"https:\/\/corinnemartinez.com\/nous-contacter\/#breadcrumb\"},\"inLanguage\":\"en-GB\",\"potentialAction\":[{\"@type\":\"ReadAction\",\"target\":[\"https:\/\/corinnemartinez.com\/nous-contacter\/\"]}]},{\"@type\":\"BreadcrumbList\",\"@id\":\"https:\/\/corinnemartinez.com\/nous-contacter\/#breadcrumb\",\"itemListElement\":[{\"@type\":\"ListItem\",\"position\":1,\"name\":\"Accueil\",\"item\":\"https:\/\/corinnemartinez.com\/\"},{\"@type\":\"ListItem\",\"position\":2,\"name\":\"Nous contacter\"}]},{\"@type\":\"WebSite\",\"@id\":\"https:\/\/corinnemartinez.com\/#website\",\"url\":\"https:\/\/corinnemartinez.com\/\",\"name\":\"Corinne Martinez\",\"description\":\"La M\u00e9thode\",\"potentialAction\":[{\"@type\":\"SearchAction\",\"target\":{\"@type\":\"EntryPoint\",\"urlTemplate\":\"https:\/\/corinnemartinez.com\/?s={search_term_string}\"},\"query-input\":{\"@type\":\"PropertyValueSpecification\",\"valueRequired\":true,\"valueName\":\"search_term_string\"}}],\"inLanguage\":\"en-GB\"}]}<\/script>\n<!-- \/ Yoast SEO plugin. -->","yoast_head_json":{"title":"Nous contacter - Corinne Martinez","robots":{"index":"index","follow":"follow","max-snippet":"max-snippet:-1","max-image-preview":"max-image-preview:large","max-video-preview":"max-video-preview:-1"},"canonical":"https:\/\/corinnemartinez.com\/en\/nous-contacter\/","og_locale":"en_GB","og_type":"article","og_title":"Nous contacter - Corinne Martinez","og_url":"https:\/\/corinnemartinez.com\/en\/nous-contacter\/","og_site_name":"Corinne Martinez","article_modified_time":"2026-02-18T12:39:20+00:00","twitter_card":"summary_large_image","twitter_misc":{"Estimated reading time":"2 minutes"},"schema":{"@context":"https:\/\/schema.org","@graph":[{"@type":"WebPage","@id":"https:\/\/corinnemartinez.com\/nous-contacter\/","url":"https:\/\/corinnemartinez.com\/nous-contacter\/","name":"Nous contacter - Corinne Martinez","isPartOf":{"@id":"https:\/\/corinnemartinez.com\/#website"},"datePublished":"2026-02-12T12:14:17+00:00","dateModified":"2026-02-18T12:39:20+00:00","breadcrumb":{"@id":"https:\/\/corinnemartinez.com\/nous-contacter\/#breadcrumb"},"inLanguage":"en-GB","potentialAction":[{"@type":"ReadAction","target":["https:\/\/corinnemartinez.com\/nous-contacter\/"]}]},{"@type":"BreadcrumbList","@id":"https:\/\/corinnemartinez.com\/nous-contacter\/#breadcrumb","itemListElement":[{"@type":"ListItem","position":1,"name":"Accueil","item":"https:\/\/corinnemartinez.com\/"},{"@type":"ListItem","position":2,"name":"Nous contacter"}]},{"@type":"WebSite","@id":"https:\/\/corinnemartinez.com\/#website","url":"https:\/\/corinnemartinez.com\/","name":"Corinne Martinez","description":"La M\u00e9thode","potentialAction":[{"@type":"SearchAction","target":{"@type":"EntryPoint","urlTemplate":"https:\/\/corinnemartinez.com\/?s={search_term_string}"},"query-input":{"@type":"PropertyValueSpecification","valueRequired":true,"valueName":"search_term_string"}}],"inLanguage":"en-GB"}]}},"_links":{"self":[{"href":"https:\/\/corinnemartinez.com\/en\/wp-json\/wp\/v2\/pages\/10319","targetHints":{"allow":["GET"]}}],"collection":[{"href":"https:\/\/corinnemartinez.com\/en\/wp-json\/wp\/v2\/pages"}],"about":[{"href":"https:\/\/corinnemartinez.com\/en\/wp-json\/wp\/v2\/types\/page"}],"author":[{"embeddable":true,"href":"https:\/\/corinnemartinez.com\/en\/wp-json\/wp\/v2\/users\/1"}],"replies":[{"embeddable":true,"href":"https:\/\/corinnemartinez.com\/en\/wp-json\/wp\/v2\/comments?post=10319"}],"version-history":[{"count":5,"href":"https:\/\/corinnemartinez.com\/en\/wp-json\/wp\/v2\/pages\/10319\/revisions"}],"predecessor-version":[{"id":10426,"href":"https:\/\/corinnemartinez.com\/en\/wp-json\/wp\/v2\/pages\/10319\/revisions\/10426"}],"wp:attachment":[{"href":"https:\/\/corinnemartinez.com\/en\/wp-json\/wp\/v2\/media?parent=10319"}],"curies":[{"name":"wp","href":"https:\/\/api.w.org\/{rel}","templated":true}]}}