{"id":10301,"date":"2026-02-12T10:39:04","date_gmt":"2026-02-12T10:39:04","guid":{"rendered":"https:\/\/corinnemartinez.com\/?page_id=10301"},"modified":"2026-02-17T16:00:35","modified_gmt":"2026-02-17T16:00:35","slug":"linstitut","status":"publish","type":"page","link":"https:\/\/corinnemartinez.com\/en\/linstitut\/","title":{"rendered":"L&#8217;Institut"},"content":{"rendered":"<div class=\"wpb-content-wrapper\"><div      class=\"vc_row wpb_row section vc_row-fluid  vc_custom_1770745345494 grid_section\" style=' text-align:left;'><div class=\"section_inner clearfix\"><div class='section_inner_margin clearfix'><div class=\"wpb_column vc_column_container vc_col-sm-6\"><div class=\"vc_column-inner\"><div class=\"wpb_wrapper\">\n\t<div class=\"wpb_text_column wpb_content_element\">\n\t\t<div class=\"wpb_wrapper\">\n\t\t\t<h1 data-start=\"225\" data-end=\"460\">L&#8217;Institut Corinne Martinez<\/h1>\n\n\t\t<\/div>\n\t<\/div><div class=\"vc_empty_space\"  style=\"height: 22px\" >\n\t<span class=\"vc_empty_space_inner\">\n\t\t<span class=\"empty_space_image\"  ><\/span>\n\t<\/span>\n<\/div><div class=\"separator  normal\" style=\"margin-top: 20px;margin-bottom: 20px;background-color: #e3e3e3;opacity: 1;height: 1pxpx;\"><\/div><div class=\"vc_empty_space\"  style=\"height: 22px\" >\n\t<span class=\"vc_empty_space_inner\">\n\t\t<span class=\"empty_space_image\"  ><\/span>\n\t<\/span>\n<\/div>\n\t<div class=\"wpb_text_column wpb_content_element\">\n\t\t<div class=\"wpb_wrapper\">\n\t\t\t<h2 data-start=\"150\" data-end=\"204\">L&#8217;institut\u00a0 vous accueille uniquement sur Rendez-vous au 8 rue boussingault \u00e0 Brest centre ville.<\/h2>\n\n\t\t<\/div>\n\t<\/div><div class=\"vc_empty_space\"  style=\"height: 22px\" >\n\t<span class=\"vc_empty_space_inner\">\n\t\t<span class=\"empty_space_image\"  ><\/span>\n\t<\/span>\n<\/div>\n\t<div class=\"wpb_single_image wpb_content_element vc_align_left\">\n\t\t<div class=\"wpb_wrapper\">\n\t\t\t\n\t\t\t<div class=\"vc_single_image-wrapper   vc_box_border_grey\"><img fetchpriority=\"high\" decoding=\"async\" width=\"1024\" height=\"1024\" src=\"https:\/\/corinnemartinez.com\/wp-content\/uploads\/2026\/02\/Entree-elegante-dun-centre-bien-etre.png\" class=\"vc_single_image-img attachment-full\" alt=\"\" title=\"Entre\u0301e e\u0301le\u0301gante d&#039;un centre bien-e\u0302tre\" srcset=\"https:\/\/corinnemartinez.com\/wp-content\/uploads\/2026\/02\/Entree-elegante-dun-centre-bien-etre.png 1024w, https:\/\/corinnemartinez.com\/wp-content\/uploads\/2026\/02\/Entree-elegante-dun-centre-bien-etre-300x300.png 300w, https:\/\/corinnemartinez.com\/wp-content\/uploads\/2026\/02\/Entree-elegante-dun-centre-bien-etre-150x150.png 150w, https:\/\/corinnemartinez.com\/wp-content\/uploads\/2026\/02\/Entree-elegante-dun-centre-bien-etre-768x768.png 768w, https:\/\/corinnemartinez.com\/wp-content\/uploads\/2026\/02\/Entree-elegante-dun-centre-bien-etre-570x570.png 570w, https:\/\/corinnemartinez.com\/wp-content\/uploads\/2026\/02\/Entree-elegante-dun-centre-bien-etre-500x500.png 500w, https:\/\/corinnemartinez.com\/wp-content\/uploads\/2026\/02\/Entree-elegante-dun-centre-bien-etre-1000x1000.png 1000w, https:\/\/corinnemartinez.com\/wp-content\/uploads\/2026\/02\/Entree-elegante-dun-centre-bien-etre-700x700.png 700w, https:\/\/corinnemartinez.com\/wp-content\/uploads\/2026\/02\/Entree-elegante-dun-centre-bien-etre-600x600.png 600w, https:\/\/corinnemartinez.com\/wp-content\/uploads\/2026\/02\/Entree-elegante-dun-centre-bien-etre-100x100.png 100w\" sizes=\"(max-width: 1024px) 100vw, 1024px\" \/><\/div>\n\t\t<\/div>\n\t<\/div>\n<div class=\"vc_empty_space\"  style=\"height: 22px\" >\n\t<span class=\"vc_empty_space_inner\">\n\t\t<span class=\"empty_space_image\"  ><\/span>\n\t<\/span>\n<\/div><div class=\"vc_empty_space\"  style=\"height: 22px\" >\n\t<span class=\"vc_empty_space_inner\">\n\t\t<span class=\"empty_space_image\"  ><\/span>\n\t<\/span>\n<\/div>\n\t<div class=\"wpb_text_column wpb_content_element  vc_custom_1771343872711\">\n\t\t<div class=\"wpb_wrapper\">\n\t\t\t<h2 data-start=\"1775\" data-end=\"1800\">Prendre rendez-vous<\/h2>\n<p data-start=\"1802\" data-end=\"1892\">Pour toute information ou r\u00e9servation, merci de prendre contact directement par t\u00e9l\u00e9phone.<\/p>\n<p data-start=\"1894\" data-end=\"1982\">Un<strong> \u00e9change personnalis\u00e9<\/strong> vous permettra de <strong>choisir le soin le plus adapt\u00e9<\/strong> \u00e0 vos attentes.<\/p>\n<h2 data-start=\"1984\" data-end=\"2021\">06 58 99 29 85<\/h2>\n\n\t\t<\/div>\n\t<\/div><div class=\"vc_empty_space\"  style=\"height: 22px\" >\n\t<span class=\"vc_empty_space_inner\">\n\t\t<span class=\"empty_space_image\"  ><\/span>\n\t<\/span>\n<\/div><div class=\"vc_empty_space\"  style=\"height: 22px\" >\n\t<span class=\"vc_empty_space_inner\">\n\t\t<span class=\"empty_space_image\"  ><\/span>\n\t<\/span>\n<\/div><a  itemprop=\"url\" href=\"https:\/\/corinnemartinez.com\/en\/nous-contacter\/\" target=\"_self\"  class=\"qbutton  default\" style=\"\">Contact us<\/a><div class=\"vc_empty_space\"  style=\"height: 22px\" >\n\t<span class=\"vc_empty_space_inner\">\n\t\t<span class=\"empty_space_image\"  ><\/span>\n\t<\/span>\n<\/div><div class=\"vc_empty_space\"  style=\"height: 22px\" >\n\t<span class=\"vc_empty_space_inner\">\n\t\t<span class=\"empty_space_image\"  ><\/span>\n\t<\/span>\n<\/div><\/div><\/div><\/div><div class=\"wpb_column vc_column_container vc_col-sm-6\"><div class=\"vc_column-inner\"><div class=\"wpb_wrapper\">\n\t<div class=\"wpb_text_column wpb_content_element\">\n\t\t<div class=\"wpb_wrapper\">\n\t\t\t<p data-start=\"206\" data-end=\"386\">Au c\u0153ur d\u2019un espace d\u00e9di\u00e9 au bien-\u00eatre et \u00e0 l\u2019harmonie du corps, l\u2019Institut <strong data-start=\"282\" data-end=\"302\">Corinne Martinez<\/strong> vous accueille pour des soins experts alliant pr\u00e9cision, sensibilit\u00e9 et excellence.<\/p>\n<p data-start=\"388\" data-end=\"563\">Chaque s\u00e9ance est pens\u00e9e comme une parenth\u00e8se privil\u00e9gi\u00e9e, un moment o\u00f9 l\u2019on vient relancer les circulations, all\u00e9ger le corps et retrouver une sensation profonde d\u2019\u00e9quilibre.<\/p>\n\n\t\t<\/div>\n\t<\/div><div class=\"vc_empty_space\"  style=\"height: 15px\" >\n\t<span class=\"vc_empty_space_inner\">\n\t\t<span class=\"empty_space_image\"  ><\/span>\n\t<\/span>\n<\/div><div class=\"vc_empty_space\"  style=\"height: 15px\" >\n\t<span class=\"vc_empty_space_inner\">\n\t\t<span class=\"empty_space_image\"  ><\/span>\n\t<\/span>\n<\/div>\n\t<div class=\"wpb_text_column wpb_content_element\">\n\t\t<div class=\"wpb_wrapper\">\n\t\t\t<h3 data-start=\"570\" data-end=\"603\">Le drainage un soin anti fatigue<\/h3>\n<hr data-start=\"1303\" data-end=\"1306\" \/>\n<h5 data-start=\"604\" data-end=\"637\">Retrouver \u00e9nergie et vitalit\u00e9<\/h5>\n<p data-start=\"639\" data-end=\"817\">Le drainage lymphatique est un soin cibl\u00e9 visant \u00e0 relancer les circulations lymphatique et sanguine lorsque le corps est ralenti par le stress, la s\u00e9dentarit\u00e9 ou l\u2019\u00e9puisement.<\/p>\n<p data-start=\"819\" data-end=\"1023\">Il procure une sensation imm\u00e9diate de l\u00e9g\u00e8ret\u00e9, favorise l\u2019oxyg\u00e9nation des tissus et aide \u00e0 retrouver dynamisme et clart\u00e9.<br data-start=\"941\" data-end=\"944\" \/>Id\u00e9al en p\u00e9riode de surmenage, de changements de saison ou de baisse d\u2019\u00e9nergie.<\/p>\n<h5 data-start=\"638\" data-end=\"664\"><\/h5>\n\n\t\t<\/div>\n\t<\/div><div class=\"vc_empty_space\"  style=\"height: 15px\" >\n\t<span class=\"vc_empty_space_inner\">\n\t\t<span class=\"empty_space_image\"  ><\/span>\n\t<\/span>\n<\/div><div class=\"vc_empty_space\"  style=\"height: 15px\" >\n\t<span class=\"vc_empty_space_inner\">\n\t\t<span class=\"empty_space_image\"  ><\/span>\n\t<\/span>\n<\/div>\n\t<div class=\"wpb_text_column wpb_content_element\">\n\t\t<div class=\"wpb_wrapper\">\n\t\t\t<h3 data-start=\"1030\" data-end=\"1053\">Le palper-rouler<\/h3>\n<hr data-start=\"1303\" data-end=\"1306\" \/>\n<h5 data-start=\"1054\" data-end=\"1083\">Sculpter, lisser, affiner<\/h5>\n<p data-start=\"1085\" data-end=\"1241\">Technique reconnue pour son efficacit\u00e9, le palper-rouler agit en profondeur sur les tissus afin de stimuler la circulation et am\u00e9liorer l\u2019aspect de la peau.<\/p>\n<p data-start=\"1243\" data-end=\"1264\">Ce soin contribue \u00e0 :<\/p>\n<p data-start=\"1267\" data-end=\"1295\"><strong>Lisser visiblement la peau<\/strong><\/p>\n<p data-start=\"1298\" data-end=\"1333\"><strong>Att\u00e9nuer l\u2019aspect de la cellulite<\/strong><\/p>\n<p data-start=\"1336\" data-end=\"1375\"><strong>Raffermir et redessiner la silhouette<\/strong><\/p>\n<p data-start=\"1377\" data-end=\"1462\">Pratiqu\u00e9 avec ma\u00eetrise et pr\u00e9cision, il s\u2019int\u00e8gre dans une approche globale du corps.<\/p>\n\n\t\t<\/div>\n\t<\/div><div class=\"vc_empty_space\"  style=\"height: 15px\" >\n\t<span class=\"vc_empty_space_inner\">\n\t\t<span class=\"empty_space_image\"  ><\/span>\n\t<\/span>\n<\/div><div class=\"vc_empty_space\"  style=\"height: 15px\" >\n\t<span class=\"vc_empty_space_inner\">\n\t\t<span class=\"empty_space_image\"  ><\/span>\n\t<\/span>\n<\/div>\n\t<div class=\"wpb_text_column wpb_content_element\">\n\t\t<div class=\"wpb_wrapper\">\n\t\t\t<h3 data-start=\"1469\" data-end=\"1501\">Une approche personnalis\u00e9e<\/h3>\n<hr data-start=\"1303\" data-end=\"1306\" \/>\n<p data-start=\"1503\" data-end=\"1653\">Chaque personne est unique.<br data-start=\"1530\" data-end=\"1533\" \/>C\u2019est pourquoi chaque s\u00e9ance d\u00e9bute par un \u00e9change afin de comprendre vos besoins, votre rythme de vie et vos objectifs.<\/p>\n<p data-start=\"1655\" data-end=\"1768\">\u00c0 l\u2019Institut Corinne Martinez, le soin est une exp\u00e9rience sur mesure, respectueuse du corps et de ses \u00e9quilibres.<\/p>\n\n\t\t<\/div>\n\t<\/div><div class=\"vc_empty_space\"  style=\"height: 15px\" >\n\t<span class=\"vc_empty_space_inner\">\n\t\t<span class=\"empty_space_image\"  ><\/span>\n\t<\/span>\n<\/div><div class=\"vc_empty_space\"  style=\"height: 15px\" >\n\t<span class=\"vc_empty_space_inner\">\n\t\t<span class=\"empty_space_image\"  ><\/span>\n\t<\/span>\n<\/div><div class=\"vc_empty_space\"  style=\"height: 15px\" >\n\t<span class=\"vc_empty_space_inner\">\n\t\t<span class=\"empty_space_image\"  ><\/span>\n\t<\/span>\n<\/div>\n\t<div class=\"wpb_text_column wpb_content_element  vc_custom_1770893531638\">\n\t\t<div class=\"wpb_wrapper\">\n\t\t\t<h3>\u00c9couter le corps.<br data-start=\"1977\" data-end=\"1980\" \/>R\u00e9v\u00e9ler l\u2019essentiel.<br data-start=\"2000\" data-end=\"2003\" \/>Transmettre le geste juste.<\/h3>\n\n\t\t<\/div>\n\t<\/div><div class=\"vc_empty_space\"  style=\"height: 22px\" >\n\t<span class=\"vc_empty_space_inner\">\n\t\t<span class=\"empty_space_image\"  ><\/span>\n\t<\/span>\n<\/div><div class=\"vc_empty_space\"  style=\"height: 22px\" >\n\t<span class=\"vc_empty_space_inner\">\n\t\t<span class=\"empty_space_image\"  ><\/span>\n\t<\/span>\n<\/div><\/div><\/div><\/div><\/div><\/div><\/div>\n<\/div>","protected":false},"excerpt":{"rendered":"L'Institut Corinne Martinez L'institut\u00a0 vous accueille uniquement sur Rendez-vous au 8 rue boussingault \u00e0 Brest centre ville. Prendre rendez-vous Pour toute information ou r\u00e9servation, merci de prendre contact directement par t\u00e9l\u00e9phone. Un \u00e9change personnalis\u00e9 vous permettra de choisir le soin le plus adapt\u00e9 \u00e0 vos attentes. 06 58 99 29 85 Nous contacter Au c\u0153ur d\u2019un espace d\u00e9di\u00e9 au bien-\u00eatre...","protected":false},"author":1,"featured_media":0,"parent":0,"menu_order":0,"comment_status":"closed","ping_status":"closed","template":"","meta":{"footnotes":""},"class_list":["post-10301","page","type-page","status-publish","hentry"],"yoast_head":"<!-- This site is optimized with the Yoast SEO plugin v27.0 - https:\/\/yoast.com\/product\/yoast-seo-wordpress\/ -->\n<title>L&#039;Institut - Corinne Martinez<\/title>\n<meta name=\"robots\" content=\"index, follow, max-snippet:-1, max-image-preview:large, max-video-preview:-1\" \/>\n<link rel=\"canonical\" href=\"https:\/\/corinnemartinez.com\/en\/linstitut\/\" \/>\n<meta property=\"og:locale\" content=\"en_GB\" \/>\n<meta property=\"og:type\" content=\"article\" \/>\n<meta property=\"og:title\" content=\"L&#039;Institut - Corinne Martinez\" \/>\n<meta property=\"og:url\" content=\"https:\/\/corinnemartinez.com\/en\/linstitut\/\" \/>\n<meta property=\"og:site_name\" content=\"Corinne Martinez\" \/>\n<meta property=\"article:modified_time\" content=\"2026-02-17T16:00:35+00:00\" \/>\n<meta name=\"twitter:card\" content=\"summary_large_image\" \/>\n<meta name=\"twitter:label1\" content=\"Estimated reading time\" \/>\n\t<meta name=\"twitter:data1\" content=\"2 minutes\" \/>\n<script type=\"application\/ld+json\" class=\"yoast-schema-graph\">{\"@context\":\"https:\/\/schema.org\",\"@graph\":[{\"@type\":\"WebPage\",\"@id\":\"https:\/\/corinnemartinez.com\/linstitut\/\",\"url\":\"https:\/\/corinnemartinez.com\/linstitut\/\",\"name\":\"L'Institut - Corinne Martinez\",\"isPartOf\":{\"@id\":\"https:\/\/corinnemartinez.com\/#website\"},\"datePublished\":\"2026-02-12T10:39:04+00:00\",\"dateModified\":\"2026-02-17T16:00:35+00:00\",\"breadcrumb\":{\"@id\":\"https:\/\/corinnemartinez.com\/linstitut\/#breadcrumb\"},\"inLanguage\":\"en-GB\",\"potentialAction\":[{\"@type\":\"ReadAction\",\"target\":[\"https:\/\/corinnemartinez.com\/linstitut\/\"]}]},{\"@type\":\"BreadcrumbList\",\"@id\":\"https:\/\/corinnemartinez.com\/linstitut\/#breadcrumb\",\"itemListElement\":[{\"@type\":\"ListItem\",\"position\":1,\"name\":\"Accueil\",\"item\":\"https:\/\/corinnemartinez.com\/\"},{\"@type\":\"ListItem\",\"position\":2,\"name\":\"L&#8217;Institut\"}]},{\"@type\":\"WebSite\",\"@id\":\"https:\/\/corinnemartinez.com\/#website\",\"url\":\"https:\/\/corinnemartinez.com\/\",\"name\":\"Corinne Martinez\",\"description\":\"La M\u00e9thode\",\"potentialAction\":[{\"@type\":\"SearchAction\",\"target\":{\"@type\":\"EntryPoint\",\"urlTemplate\":\"https:\/\/corinnemartinez.com\/?s={search_term_string}\"},\"query-input\":{\"@type\":\"PropertyValueSpecification\",\"valueRequired\":true,\"valueName\":\"search_term_string\"}}],\"inLanguage\":\"en-GB\"}]}<\/script>\n<!-- \/ Yoast SEO plugin. -->","yoast_head_json":{"title":"L'Institut - Corinne Martinez","robots":{"index":"index","follow":"follow","max-snippet":"max-snippet:-1","max-image-preview":"max-image-preview:large","max-video-preview":"max-video-preview:-1"},"canonical":"https:\/\/corinnemartinez.com\/en\/linstitut\/","og_locale":"en_GB","og_type":"article","og_title":"L'Institut - Corinne Martinez","og_url":"https:\/\/corinnemartinez.com\/en\/linstitut\/","og_site_name":"Corinne Martinez","article_modified_time":"2026-02-17T16:00:35+00:00","twitter_card":"summary_large_image","twitter_misc":{"Estimated reading time":"2 minutes"},"schema":{"@context":"https:\/\/schema.org","@graph":[{"@type":"WebPage","@id":"https:\/\/corinnemartinez.com\/linstitut\/","url":"https:\/\/corinnemartinez.com\/linstitut\/","name":"L'Institut - Corinne Martinez","isPartOf":{"@id":"https:\/\/corinnemartinez.com\/#website"},"datePublished":"2026-02-12T10:39:04+00:00","dateModified":"2026-02-17T16:00:35+00:00","breadcrumb":{"@id":"https:\/\/corinnemartinez.com\/linstitut\/#breadcrumb"},"inLanguage":"en-GB","potentialAction":[{"@type":"ReadAction","target":["https:\/\/corinnemartinez.com\/linstitut\/"]}]},{"@type":"BreadcrumbList","@id":"https:\/\/corinnemartinez.com\/linstitut\/#breadcrumb","itemListElement":[{"@type":"ListItem","position":1,"name":"Accueil","item":"https:\/\/corinnemartinez.com\/"},{"@type":"ListItem","position":2,"name":"L&#8217;Institut"}]},{"@type":"WebSite","@id":"https:\/\/corinnemartinez.com\/#website","url":"https:\/\/corinnemartinez.com\/","name":"Corinne Martinez","description":"La M\u00e9thode","potentialAction":[{"@type":"SearchAction","target":{"@type":"EntryPoint","urlTemplate":"https:\/\/corinnemartinez.com\/?s={search_term_string}"},"query-input":{"@type":"PropertyValueSpecification","valueRequired":true,"valueName":"search_term_string"}}],"inLanguage":"en-GB"}]}},"_links":{"self":[{"href":"https:\/\/corinnemartinez.com\/en\/wp-json\/wp\/v2\/pages\/10301","targetHints":{"allow":["GET"]}}],"collection":[{"href":"https:\/\/corinnemartinez.com\/en\/wp-json\/wp\/v2\/pages"}],"about":[{"href":"https:\/\/corinnemartinez.com\/en\/wp-json\/wp\/v2\/types\/page"}],"author":[{"embeddable":true,"href":"https:\/\/corinnemartinez.com\/en\/wp-json\/wp\/v2\/users\/1"}],"replies":[{"embeddable":true,"href":"https:\/\/corinnemartinez.com\/en\/wp-json\/wp\/v2\/comments?post=10301"}],"version-history":[{"count":12,"href":"https:\/\/corinnemartinez.com\/en\/wp-json\/wp\/v2\/pages\/10301\/revisions"}],"predecessor-version":[{"id":10303,"href":"https:\/\/corinnemartinez.com\/en\/wp-json\/wp\/v2\/pages\/10301\/revisions\/10303"}],"wp:attachment":[{"href":"https:\/\/corinnemartinez.com\/en\/wp-json\/wp\/v2\/media?parent=10301"}],"curies":[{"name":"wp","href":"https:\/\/api.w.org\/{rel}","templated":true}]}}