{"id":10270,"date":"2026-02-12T09:44:27","date_gmt":"2026-02-12T09:44:27","guid":{"rendered":"https:\/\/corinnemartinez.com\/?page_id=10270"},"modified":"2026-02-18T09:49:06","modified_gmt":"2026-02-18T09:49:06","slug":"les-bienfaits","status":"publish","type":"page","link":"https:\/\/corinnemartinez.com\/en\/les-bienfaits\/","title":{"rendered":"Les bienfaits"},"content":{"rendered":"<div class=\"wpb-content-wrapper\"><div      class=\"vc_row wpb_row section vc_row-fluid  vc_custom_1770745345494 grid_section\" style=' text-align:left;'><div class=\"section_inner clearfix\"><div class='section_inner_margin clearfix'><div class=\"wpb_column vc_column_container vc_col-sm-6\"><div class=\"vc_column-inner\"><div class=\"wpb_wrapper\">\n\t<div class=\"wpb_single_image wpb_content_element vc_align_center\">\n\t\t<div class=\"wpb_wrapper\">\n\t\t\t\n\t\t\t<div class=\"vc_single_image-wrapper   vc_box_border_grey\"><img fetchpriority=\"high\" decoding=\"async\" width=\"1440\" height=\"380\" src=\"https:\/\/corinnemartinez.com\/wp-content\/uploads\/2026\/02\/logo-noir1500-CM-1-e1770889441416.png\" class=\"vc_single_image-img attachment-full\" alt=\"\" title=\"logo-black1500-CM\" srcset=\"https:\/\/corinnemartinez.com\/wp-content\/uploads\/2026\/02\/logo-noir1500-CM-1-e1770889441416.png 1440w, https:\/\/corinnemartinez.com\/wp-content\/uploads\/2026\/02\/logo-noir1500-CM-1-e1770889441416-300x79.png 300w, https:\/\/corinnemartinez.com\/wp-content\/uploads\/2026\/02\/logo-noir1500-CM-1-e1770889441416-1024x270.png 1024w, https:\/\/corinnemartinez.com\/wp-content\/uploads\/2026\/02\/logo-noir1500-CM-1-e1770889441416-768x203.png 768w, https:\/\/corinnemartinez.com\/wp-content\/uploads\/2026\/02\/logo-noir1500-CM-1-e1770889441416-700x185.png 700w, https:\/\/corinnemartinez.com\/wp-content\/uploads\/2026\/02\/logo-noir1500-CM-1-e1770889441416-600x158.png 600w\" sizes=\"(max-width: 1440px) 100vw, 1440px\" \/><\/div>\n\t\t<\/div>\n\t<\/div>\n<div class=\"vc_empty_space\"  style=\"height: 22px\" >\n\t<span class=\"vc_empty_space_inner\">\n\t\t<span class=\"empty_space_image\"  ><\/span>\n\t<\/span>\n<\/div><div class=\"vc_empty_space\"  style=\"height: 22px\" >\n\t<span class=\"vc_empty_space_inner\">\n\t\t<span class=\"empty_space_image\"  ><\/span>\n\t<\/span>\n<\/div><div class=\"vc_empty_space\"  style=\"height: 22px\" >\n\t<span class=\"vc_empty_space_inner\">\n\t\t<span class=\"empty_space_image\"  ><\/span>\n\t<\/span>\n<\/div>\n\t<div class=\"wpb_text_column wpb_content_element\">\n\t\t<div class=\"wpb_wrapper\">\n\t\t\t<h3 data-start=\"225\" data-end=\"460\">Le drainage lymphatique <strong data-start=\"249\" data-end=\"269\">Corinne Martinez<\/strong> est un soin \u00e0 la fois doux, profond et rythm\u00e9, con\u00e7u pour stimuler le syst\u00e8me lymphatique et favoriser l\u2019\u00e9limination des toxines ainsi que des exc\u00e8s de liquides accumul\u00e9s dans l\u2019organisme.<\/h3>\n\n\t\t<\/div>\n\t<\/div><div class=\"vc_empty_space\"  style=\"height: 22px\" >\n\t<span class=\"vc_empty_space_inner\">\n\t\t<span class=\"empty_space_image\"  ><\/span>\n\t<\/span>\n<\/div><div class=\"vc_empty_space\"  style=\"height: 22px\" >\n\t<span class=\"vc_empty_space_inner\">\n\t\t<span class=\"empty_space_image\"  ><\/span>\n\t<\/span>\n<\/div>\n\t<div class=\"wpb_single_image wpb_content_element vc_align_left\">\n\t\t<div class=\"wpb_wrapper\">\n\t\t\t\n\t\t\t<div class=\"vc_single_image-wrapper   vc_box_border_grey\"><img decoding=\"async\" width=\"1707\" height=\"2560\" src=\"https:\/\/corinnemartinez.com\/wp-content\/uploads\/2026\/02\/hands-touching-extended-leg-black-background-scaled.jpg\" class=\"vc_single_image-img attachment-full\" alt=\"\" title=\"hands-touching-extended-leg-black-background\" srcset=\"https:\/\/corinnemartinez.com\/wp-content\/uploads\/2026\/02\/hands-touching-extended-leg-black-background-scaled.jpg 1707w, https:\/\/corinnemartinez.com\/wp-content\/uploads\/2026\/02\/hands-touching-extended-leg-black-background-200x300.jpg 200w, https:\/\/corinnemartinez.com\/wp-content\/uploads\/2026\/02\/hands-touching-extended-leg-black-background-683x1024.jpg 683w, https:\/\/corinnemartinez.com\/wp-content\/uploads\/2026\/02\/hands-touching-extended-leg-black-background-768x1152.jpg 768w, https:\/\/corinnemartinez.com\/wp-content\/uploads\/2026\/02\/hands-touching-extended-leg-black-background-1024x1536.jpg 1024w, https:\/\/corinnemartinez.com\/wp-content\/uploads\/2026\/02\/hands-touching-extended-leg-black-background-1365x2048.jpg 1365w, https:\/\/corinnemartinez.com\/wp-content\/uploads\/2026\/02\/hands-touching-extended-leg-black-background-700x1050.jpg 700w, https:\/\/corinnemartinez.com\/wp-content\/uploads\/2026\/02\/hands-touching-extended-leg-black-background-600x900.jpg 600w\" sizes=\"(max-width: 1707px) 100vw, 1707px\" \/><\/div>\n\t\t<\/div>\n\t<\/div>\n<div class=\"vc_empty_space\"  style=\"height: 22px\" >\n\t<span class=\"vc_empty_space_inner\">\n\t\t<span class=\"empty_space_image\"  ><\/span>\n\t<\/span>\n<\/div><div class=\"vc_empty_space\"  style=\"height: 22px\" >\n\t<span class=\"vc_empty_space_inner\">\n\t\t<span class=\"empty_space_image\"  ><\/span>\n\t<\/span>\n<\/div>\n\t<div class=\"wpb_text_column wpb_content_element\">\n\t\t<div class=\"wpb_wrapper\">\n\t\t\t<h1 data-start=\"4225\" data-end=\"4273\">Comprendre la lymphe et le syst\u00e8me lymphatique<\/h1>\n<p data-start=\"4275\" data-end=\"4478\">Le syst\u00e8me lymphatique est le r\u00e9seau d\u2019\u00e9limination et de d\u00e9fense de l\u2019organisme. Il est constitu\u00e9 de vaisseaux parall\u00e8les \u00e0 ceux du syst\u00e8me sanguin, permettant \u00e0 la lymphe de circuler dans tout le corps.<\/p>\n<p data-start=\"4480\" data-end=\"4659\">La lymphe est un liquide clair, proche du plasma sanguin. Elle transporte les d\u00e9chets cellulaires et contient des lymphocytes, globules blancs essentiels \u00e0 la d\u00e9fense immunitaire.<\/p>\n<p data-start=\"4661\" data-end=\"4863\">Contrairement au sang, propuls\u00e9 par le c\u0153ur, la lymphe circule gr\u00e2ce aux mouvements du corps et aux contractions musculaires. L\u2019activit\u00e9 physique joue donc un r\u00f4le essentiel dans son bon fonctionnement.<\/p>\n<p data-start=\"4865\" data-end=\"5078\">Elle est filtr\u00e9e par les ganglions lymphatiques, v\u00e9ritables centres de traitement r\u00e9partis dans l\u2019organisme. Le drainage vise pr\u00e9cis\u00e9ment \u00e0 stimuler ces zones afin de favoriser l\u2019\u00e9vacuation de la lymphe stagnante.<\/p>\n<hr data-start=\"5080\" data-end=\"5083\" \/>\n<h1 data-start=\"2278\" data-end=\"2334\"><\/h1>\n\n\t\t<\/div>\n\t<\/div><div class=\"vc_empty_space\"  style=\"height: 22px\" >\n\t<span class=\"vc_empty_space_inner\">\n\t\t<span class=\"empty_space_image\"  ><\/span>\n\t<\/span>\n<\/div><div class=\"vc_empty_space\"  style=\"height: 22px\" >\n\t<span class=\"vc_empty_space_inner\">\n\t\t<span class=\"empty_space_image\"  ><\/span>\n\t<\/span>\n<\/div>\n\t<div class=\"wpb_text_column wpb_content_element\">\n\t\t<div class=\"wpb_wrapper\">\n\t\t\t<h2 data-start=\"5085\" data-end=\"5133\">Pourquoi est-il important d\u2019en prendre soin ?<\/h2>\n<p data-start=\"5135\" data-end=\"5350\">En cas de s\u00e9dentarit\u00e9, de stress ou de fatigue, la lymphe peut stagner, notamment au niveau de l\u2019abdomen et des membres inf\u00e9rieurs. Cette accumulation peut provoquer gonflements, jambes lourdes et inconfort g\u00e9n\u00e9ral.<\/p>\n<p data-start=\"5352\" data-end=\"5515\">Une surcharge lymphatique peut \u00e9galement impacter la circulation sanguine et l\u2019oxyg\u00e9nation des tissus, contribuant \u00e0 la fatigue et \u00e0 une sensation de d\u00e9s\u00e9quilibre.<\/p>\n<p data-start=\"5517\" data-end=\"5665\">Le drainage lymphatique Corinne Martinez permet de relancer cette dynamique circulatoire et de soutenir l\u2019organisme dans son fonctionnement naturel.<\/p>\n<h1 data-start=\"2278\" data-end=\"2334\"><\/h1>\n\n\t\t<\/div>\n\t<\/div><div class=\"vc_empty_space\"  style=\"height: 22px\" >\n\t<span class=\"vc_empty_space_inner\">\n\t\t<span class=\"empty_space_image\"  ><\/span>\n\t<\/span>\n<\/div><div class=\"vc_empty_space\"  style=\"height: 22px\" >\n\t<span class=\"vc_empty_space_inner\">\n\t\t<span class=\"empty_space_image\"  ><\/span>\n\t<\/span>\n<\/div><\/div><\/div><\/div><div class=\"wpb_column vc_column_container vc_col-sm-6\"><div class=\"vc_column-inner\"><div class=\"wpb_wrapper\">\n\t<div class=\"wpb_text_column wpb_content_element\">\n\t\t<div class=\"wpb_wrapper\">\n\t\t\t<h5 data-start=\"462\" data-end=\"636\">Lorsque la lymphe circule mal, cela peut entra\u00eener diff\u00e9rents d\u00e9sagr\u00e9ments tels que la sensation de jambes lourdes, les gonflements ou certaines probl\u00e9matiques circulatoires.<\/h5>\n\n\t\t<\/div>\n\t<\/div><div class=\"vc_empty_space\"  style=\"height: 15px\" >\n\t<span class=\"vc_empty_space_inner\">\n\t\t<span class=\"empty_space_image\"  ><\/span>\n\t<\/span>\n<\/div><div class=\"vc_empty_space\"  style=\"height: 15px\" >\n\t<span class=\"vc_empty_space_inner\">\n\t\t<span class=\"empty_space_image\"  ><\/span>\n\t<\/span>\n<\/div><div class=\"vc_empty_space\"  style=\"height: 15px\" >\n\t<span class=\"vc_empty_space_inner\">\n\t\t<span class=\"empty_space_image\"  ><\/span>\n\t<\/span>\n<\/div>\n\t<div class=\"wpb_text_column wpb_content_element\">\n\t\t<div class=\"wpb_wrapper\">\n\t\t\t<h5 data-start=\"638\" data-end=\"664\">Sur le plan sant\u00e9<\/h5>\n<p data-start=\"665\" data-end=\"899\">Cette m\u00e9thode aide \u00e0 relancer la circulation sanguine, parfois ralentie par un syst\u00e8me lymphatique engorg\u00e9. Elle contribue \u00e9galement \u00e0 soulager certaines tensions musculaires et \u00e0 att\u00e9nuer les \u0153d\u00e8mes li\u00e9s \u00e0 une stagnation lymphatique.<\/p>\n<hr data-start=\"1303\" data-end=\"1306\" \/>\n<h5 data-start=\"901\" data-end=\"931\">Sur le plan esth\u00e9tique<\/h5>\n<p data-start=\"932\" data-end=\"1214\">Le drainage lymphatique Corinne Martinez favorise l\u2019\u00e9limination de l\u2019eau retenue dans les tissus et aide \u00e0 am\u00e9liorer l\u2019aspect de la cellulite. En lib\u00e9rant le corps de ses exc\u00e8s de liquides stock\u00e9s sous la peau, la silhouette para\u00eet plus l\u00e9g\u00e8re, plus galb\u00e9e et visiblement affin\u00e9e.<\/p>\n<p data-start=\"1216\" data-end=\"1301\">Adieu jambes lourdes et sensation de gonflement, bonjour l\u00e9g\u00e8ret\u00e9 et peau plus lisse.<\/p>\n<hr data-start=\"1303\" data-end=\"1306\" \/>\n\n\t\t<\/div>\n\t<\/div><div class=\"vc_empty_space\"  style=\"height: 15px\" >\n\t<span class=\"vc_empty_space_inner\">\n\t\t<span class=\"empty_space_image\"  ><\/span>\n\t<\/span>\n<\/div>\n\t<div class=\"wpb_text_column wpb_content_element\">\n\t\t<div class=\"wpb_wrapper\">\n\t\t\t<h1 data-start=\"1308\" data-end=\"1396\">Quelle est la diff\u00e9rence entre le drainage Corinne Martinez et un drainage classique ?<\/h1>\n<p data-start=\"1398\" data-end=\"1679\">Comme tout drainage lymphatique, la m\u00e9thode Corinne Martinez vise \u00e0 stimuler le syst\u00e8me lymphatique afin de le d\u00e9sengorger.<\/p>\n<p data-start=\"1398\" data-end=\"1679\">Elle s\u2019appuie sur une parfaite connaissance de l\u2019anatomie et de la m\u00e9canique corporelle, avec des pressions adapt\u00e9es, pr\u00e9cises et sans \u00e9crasement des tissus.<\/p>\n\n\t\t<\/div>\n\t<\/div><div class=\"vc_empty_space\"  style=\"height: 15px\" >\n\t<span class=\"vc_empty_space_inner\">\n\t\t<span class=\"empty_space_image\"  ><\/span>\n\t<\/span>\n<\/div>\n\t<div class=\"wpb_text_column wpb_content_element\">\n\t\t<div class=\"wpb_wrapper\">\n\t\t\t<p data-start=\"1681\" data-end=\"1751\">Cependant, plusieurs \u00e9l\u00e9ments la distinguent d\u2019un drainage classique :<\/p>\n\n\t\t<\/div>\n\t<\/div><div class=\"vc_empty_space\"  style=\"height: 15px\" >\n\t<span class=\"vc_empty_space_inner\">\n\t\t<span class=\"empty_space_image\"  ><\/span>\n\t<\/span>\n<\/div>\n\t<div class=\"wpb_text_column wpb_content_element\">\n\t\t<div class=\"wpb_wrapper\">\n\t\t\t<h5>Les zones travaill\u00e9es sont cibl\u00e9es diff\u00e9remment.<\/h5>\n<p>&nbsp;<\/p>\n<h5>Les man\u0153uvres sont plus rythm\u00e9es et plus dynamiques.<\/h5>\n<p>&nbsp;<\/p>\n<h5>La stimulation agit simultan\u00e9ment sur les syst\u00e8mes lymphatique et sanguin.<\/h5>\n<p>&nbsp;<\/p>\n<h5>Les r\u00e9sultats sont souvent visibles rapidement, parfois d\u00e8s la premi\u00e8re s\u00e9ance.<\/h5>\n\n\t\t<\/div>\n\t<\/div><div class=\"vc_empty_space\"  style=\"height: 15px\" >\n\t<span class=\"vc_empty_space_inner\">\n\t\t<span class=\"empty_space_image\"  ><\/span>\n\t<\/span>\n<\/div>\n\t<div class=\"wpb_text_column wpb_content_element\">\n\t\t<div class=\"wpb_wrapper\">\n\t\t\t<p>Apr\u00e8s un soin, le corps appara\u00eet moins gonfl\u00e9, plus galb\u00e9, avec une sensation d\u2019\u00e9nergie retrouv\u00e9e et un m\u00e9tabolisme stimul\u00e9.<\/p>\n<p><br data-start=\"2149\" data-end=\"2152\" \/>Cette m\u00e9thode peut \u00e9galement aider \u00e0 affiner la silhouette lorsque la prise de volume est li\u00e9e \u00e0 de la r\u00e9tention d\u2019eau.<\/p>\n<hr data-start=\"2273\" data-end=\"2276\" \/>\n<h3 data-start=\"638\" data-end=\"664\"><\/h3>\n\n\t\t<\/div>\n\t<\/div><div class=\"vc_empty_space\"  style=\"height: 15px\" >\n\t<span class=\"vc_empty_space_inner\">\n\t\t<span class=\"empty_space_image\"  ><\/span>\n\t<\/span>\n<\/div>\n\t<div class=\"wpb_text_column wpb_content_element\">\n\t\t<div class=\"wpb_wrapper\">\n\t\t\t<h1 data-start=\"2278\" data-end=\"2334\">Les bienfaits du drainage lymphatique Corinne Martinez<\/h1>\n<h5 data-start=\"2336\" data-end=\"2390\">R\u00e9duction des \u0153d\u00e8mes et de la r\u00e9tention d\u2019eau<\/h5>\n<p data-start=\"2391\" data-end=\"2502\">Favorise l\u2019\u00e9limination des exc\u00e8s de liquides responsables des gonflements et de la sensation de jambes lourdes.<\/p>\n<h5 data-start=\"2504\" data-end=\"2555\">Am\u00e9lioration de la circulation lymphatique<\/h5>\n<p data-start=\"2556\" data-end=\"2674\">Stimule le mouvement de la lymphe, facilitant l\u2019\u00e9limination naturelle des d\u00e9chets et soutenant le syst\u00e8me immunitaire.<\/p>\n<h5 data-start=\"2676\" data-end=\"2724\">Am\u00e9lioration de la circulation sanguine<\/h5>\n<p data-start=\"2725\" data-end=\"2836\">Active le flux sanguin, favorise une meilleure oxyg\u00e9nation des tissus et soutient l\u2019\u00e9quilibre cardiovasculaire.<\/p>\n<h5 data-start=\"2838\" data-end=\"2886\">Am\u00e9lioration de l\u2019aspect de la cellulite<\/h5>\n<p data-start=\"2887\" data-end=\"3021\">En relan\u00e7ant les circulations, le drainage contribue \u00e0 lisser la peau et \u00e0 limiter l\u2019accumulation d\u2019eau et de toxines dans les tissus.<\/p>\n<h5 data-start=\"3023\" data-end=\"3051\">R\u00e9duction du stress<\/h5>\n<p data-start=\"3052\" data-end=\"3177\">Le soin procure une profonde sensation de d\u00e9tente et stimule la production d\u2019endorphines, favorisant bien-\u00eatre et relaxation.<\/p>\n<h5 data-start=\"3179\" data-end=\"3224\">Soulagement des tensions musculaires<\/h5>\n<p data-start=\"3225\" data-end=\"3466\">L\u2019am\u00e9lioration circulatoire contribue \u00e0 apaiser les tensions et \u00e0 soutenir la r\u00e9cup\u00e9ration, notamment chez les sportifs.<br data-start=\"3345\" data-end=\"3348\" \/>En compl\u00e9ment d\u2019un suivi m\u00e9dical, il peut participer au confort des personnes sujettes \u00e0 des inflammations chroniques.<\/p>\n<h5 data-start=\"3468\" data-end=\"3514\">Am\u00e9lioration de la qualit\u00e9 de la peau<\/h5>\n<p data-start=\"3515\" data-end=\"3636\">En stimulant la circulation et la production de collag\u00e8ne, le drainage aide \u00e0 raffermir la peau et \u00e0 am\u00e9liorer son \u00e9clat.<\/p>\n<h5 data-start=\"3638\" data-end=\"3663\">Soutien digestif<\/h5>\n<p data-start=\"3664\" data-end=\"3761\">La stimulation abdominale favorise le confort digestif et peut aider \u00e0 r\u00e9duire les ballonnements.<\/p>\n<h5 data-start=\"3763\" data-end=\"3800\">Meilleure qualit\u00e9 de sommeil<\/h5>\n<p data-start=\"3801\" data-end=\"3880\">La d\u00e9tente procur\u00e9e par le soin favorise un sommeil plus profond et r\u00e9parateur.<\/p>\n<h5 data-start=\"3882\" data-end=\"3907\">Vitalit\u00e9 globale<\/h5>\n<p data-start=\"3908\" data-end=\"4058\">En soutenant la circulation et l\u2019oxyg\u00e9nation cellulaire, le drainage contribue \u00e0 un meilleur \u00e9quilibre g\u00e9n\u00e9ral et \u00e0 une sensation durable de l\u00e9g\u00e8ret\u00e9.<\/p>\n<h5 data-start=\"4060\" data-end=\"4108\">Att\u00e9nuation des sympt\u00f4mes pr\u00e9menstruels<\/h5>\n<p data-start=\"4109\" data-end=\"4218\">Peut aider \u00e0 diminuer la r\u00e9tention d\u2019eau, les ballonnements et certaines tensions abdominales li\u00e9es au cycle.<\/p>\n<hr data-start=\"4220\" data-end=\"4223\" \/>\n\n\t\t<\/div>\n\t<\/div><div class=\"vc_empty_space\"  style=\"height: 22px\" >\n\t<span class=\"vc_empty_space_inner\">\n\t\t<span class=\"empty_space_image\"  ><\/span>\n\t<\/span>\n<\/div><div class=\"vc_empty_space\"  style=\"height: 22px\" >\n\t<span class=\"vc_empty_space_inner\">\n\t\t<span class=\"empty_space_image\"  ><\/span>\n\t<\/span>\n<\/div>\n\t<div class=\"wpb_text_column wpb_content_element  vc_custom_1770802453439\">\n\t\t<div class=\"wpb_wrapper\">\n\t\t\t<h3>\u00c9couter le corps.<br data-start=\"1977\" data-end=\"1980\" \/>R\u00e9v\u00e9ler l\u2019essentiel.<br data-start=\"2000\" data-end=\"2003\" \/>Transmettre le geste juste.<\/h3>\n\n\t\t<\/div>\n\t<\/div><div class=\"vc_empty_space\"  style=\"height: 22px\" >\n\t<span class=\"vc_empty_space_inner\">\n\t\t<span class=\"empty_space_image\"  ><\/span>\n\t<\/span>\n<\/div><div class=\"vc_empty_space\"  style=\"height: 22px\" >\n\t<span class=\"vc_empty_space_inner\">\n\t\t<span class=\"empty_space_image\"  ><\/span>\n\t<\/span>\n<\/div><a  itemprop=\"url\" href=\"https:\/\/corinnemartinez.com\/en\/programme-des-formations-2\/\" target=\"_self\"  class=\"qbutton  default\" style=\"\">Le programme des formations<\/a><div class=\"vc_empty_space\"  style=\"height: 22px\" >\n\t<span class=\"vc_empty_space_inner\">\n\t\t<span class=\"empty_space_image\"  ><\/span>\n\t<\/span>\n<\/div><a  itemprop=\"url\" href=\"https:\/\/corinnemartinez.com\/en\/trouver-votre-therapeute\/\" target=\"_self\"  class=\"qbutton  default\" style=\"\">Trouver votre th\u00e9rapeute<\/a><div class=\"vc_empty_space\"  style=\"height: 22px\" >\n\t<span class=\"vc_empty_space_inner\">\n\t\t<span class=\"empty_space_image\"  ><\/span>\n\t<\/span>\n<\/div><div class=\"vc_empty_space\"  style=\"height: 22px\" >\n\t<span class=\"vc_empty_space_inner\">\n\t\t<span class=\"empty_space_image\"  ><\/span>\n\t<\/span>\n<\/div><\/div><\/div><\/div><\/div><\/div><\/div>\n<\/div>","protected":false},"excerpt":{"rendered":"Le drainage lymphatique Corinne Martinez est un soin \u00e0 la fois doux, profond et rythm\u00e9, con\u00e7u pour stimuler le syst\u00e8me lymphatique et favoriser l\u2019\u00e9limination des toxines ainsi que des exc\u00e8s de liquides accumul\u00e9s dans l\u2019organisme. Comprendre la lymphe et le syst\u00e8me lymphatique Le syst\u00e8me lymphatique est le r\u00e9seau d\u2019\u00e9limination et de d\u00e9fense de l\u2019organisme. Il est constitu\u00e9 de vaisseaux parall\u00e8les...","protected":false},"author":1,"featured_media":0,"parent":0,"menu_order":0,"comment_status":"closed","ping_status":"closed","template":"","meta":{"footnotes":""},"class_list":["post-10270","page","type-page","status-publish","hentry"],"yoast_head":"<!-- This site is optimized with the Yoast SEO plugin v27.0 - https:\/\/yoast.com\/product\/yoast-seo-wordpress\/ -->\n<title>Les bienfaits - Corinne Martinez<\/title>\n<meta name=\"robots\" content=\"index, follow, max-snippet:-1, max-image-preview:large, max-video-preview:-1\" \/>\n<link rel=\"canonical\" href=\"https:\/\/corinnemartinez.com\/en\/les-bienfaits\/\" \/>\n<meta property=\"og:locale\" content=\"en_GB\" \/>\n<meta property=\"og:type\" content=\"article\" \/>\n<meta property=\"og:title\" content=\"Les bienfaits - Corinne Martinez\" \/>\n<meta property=\"og:url\" content=\"https:\/\/corinnemartinez.com\/en\/les-bienfaits\/\" \/>\n<meta property=\"og:site_name\" content=\"Corinne Martinez\" \/>\n<meta property=\"article:modified_time\" content=\"2026-02-18T09:49:06+00:00\" \/>\n<meta name=\"twitter:card\" content=\"summary_large_image\" \/>\n<meta name=\"twitter:label1\" content=\"Estimated reading time\" \/>\n\t<meta name=\"twitter:data1\" content=\"6 minutes\" \/>\n<script type=\"application\/ld+json\" class=\"yoast-schema-graph\">{\"@context\":\"https:\/\/schema.org\",\"@graph\":[{\"@type\":\"WebPage\",\"@id\":\"https:\/\/corinnemartinez.com\/les-bienfaits\/\",\"url\":\"https:\/\/corinnemartinez.com\/les-bienfaits\/\",\"name\":\"Les bienfaits - Corinne Martinez\",\"isPartOf\":{\"@id\":\"https:\/\/corinnemartinez.com\/#website\"},\"datePublished\":\"2026-02-12T09:44:27+00:00\",\"dateModified\":\"2026-02-18T09:49:06+00:00\",\"breadcrumb\":{\"@id\":\"https:\/\/corinnemartinez.com\/les-bienfaits\/#breadcrumb\"},\"inLanguage\":\"en-GB\",\"potentialAction\":[{\"@type\":\"ReadAction\",\"target\":[\"https:\/\/corinnemartinez.com\/les-bienfaits\/\"]}]},{\"@type\":\"BreadcrumbList\",\"@id\":\"https:\/\/corinnemartinez.com\/les-bienfaits\/#breadcrumb\",\"itemListElement\":[{\"@type\":\"ListItem\",\"position\":1,\"name\":\"Accueil\",\"item\":\"https:\/\/corinnemartinez.com\/\"},{\"@type\":\"ListItem\",\"position\":2,\"name\":\"Les bienfaits\"}]},{\"@type\":\"WebSite\",\"@id\":\"https:\/\/corinnemartinez.com\/#website\",\"url\":\"https:\/\/corinnemartinez.com\/\",\"name\":\"Corinne Martinez\",\"description\":\"La M\u00e9thode\",\"potentialAction\":[{\"@type\":\"SearchAction\",\"target\":{\"@type\":\"EntryPoint\",\"urlTemplate\":\"https:\/\/corinnemartinez.com\/?s={search_term_string}\"},\"query-input\":{\"@type\":\"PropertyValueSpecification\",\"valueRequired\":true,\"valueName\":\"search_term_string\"}}],\"inLanguage\":\"en-GB\"}]}<\/script>\n<!-- \/ Yoast SEO plugin. -->","yoast_head_json":{"title":"Les bienfaits - Corinne Martinez","robots":{"index":"index","follow":"follow","max-snippet":"max-snippet:-1","max-image-preview":"max-image-preview:large","max-video-preview":"max-video-preview:-1"},"canonical":"https:\/\/corinnemartinez.com\/en\/les-bienfaits\/","og_locale":"en_GB","og_type":"article","og_title":"Les bienfaits - Corinne Martinez","og_url":"https:\/\/corinnemartinez.com\/en\/les-bienfaits\/","og_site_name":"Corinne Martinez","article_modified_time":"2026-02-18T09:49:06+00:00","twitter_card":"summary_large_image","twitter_misc":{"Estimated reading time":"6 minutes"},"schema":{"@context":"https:\/\/schema.org","@graph":[{"@type":"WebPage","@id":"https:\/\/corinnemartinez.com\/les-bienfaits\/","url":"https:\/\/corinnemartinez.com\/les-bienfaits\/","name":"Les bienfaits - Corinne Martinez","isPartOf":{"@id":"https:\/\/corinnemartinez.com\/#website"},"datePublished":"2026-02-12T09:44:27+00:00","dateModified":"2026-02-18T09:49:06+00:00","breadcrumb":{"@id":"https:\/\/corinnemartinez.com\/les-bienfaits\/#breadcrumb"},"inLanguage":"en-GB","potentialAction":[{"@type":"ReadAction","target":["https:\/\/corinnemartinez.com\/les-bienfaits\/"]}]},{"@type":"BreadcrumbList","@id":"https:\/\/corinnemartinez.com\/les-bienfaits\/#breadcrumb","itemListElement":[{"@type":"ListItem","position":1,"name":"Accueil","item":"https:\/\/corinnemartinez.com\/"},{"@type":"ListItem","position":2,"name":"Les bienfaits"}]},{"@type":"WebSite","@id":"https:\/\/corinnemartinez.com\/#website","url":"https:\/\/corinnemartinez.com\/","name":"Corinne Martinez","description":"La M\u00e9thode","potentialAction":[{"@type":"SearchAction","target":{"@type":"EntryPoint","urlTemplate":"https:\/\/corinnemartinez.com\/?s={search_term_string}"},"query-input":{"@type":"PropertyValueSpecification","valueRequired":true,"valueName":"search_term_string"}}],"inLanguage":"en-GB"}]}},"_links":{"self":[{"href":"https:\/\/corinnemartinez.com\/en\/wp-json\/wp\/v2\/pages\/10270","targetHints":{"allow":["GET"]}}],"collection":[{"href":"https:\/\/corinnemartinez.com\/en\/wp-json\/wp\/v2\/pages"}],"about":[{"href":"https:\/\/corinnemartinez.com\/en\/wp-json\/wp\/v2\/types\/page"}],"author":[{"embeddable":true,"href":"https:\/\/corinnemartinez.com\/en\/wp-json\/wp\/v2\/users\/1"}],"replies":[{"embeddable":true,"href":"https:\/\/corinnemartinez.com\/en\/wp-json\/wp\/v2\/comments?post=10270"}],"version-history":[{"count":19,"href":"https:\/\/corinnemartinez.com\/en\/wp-json\/wp\/v2\/pages\/10270\/revisions"}],"predecessor-version":[{"id":10499,"href":"https:\/\/corinnemartinez.com\/en\/wp-json\/wp\/v2\/pages\/10270\/revisions\/10499"}],"wp:attachment":[{"href":"https:\/\/corinnemartinez.com\/en\/wp-json\/wp\/v2\/media?parent=10270"}],"curies":[{"name":"wp","href":"https:\/\/api.w.org\/{rel}","templated":true}]}}