{"id":10223,"date":"2026-02-11T09:15:59","date_gmt":"2026-02-11T09:15:59","guid":{"rendered":"https:\/\/corinnemartinez.com\/?page_id=10223"},"modified":"2026-02-19T18:39:26","modified_gmt":"2026-02-19T18:39:26","slug":"mon-histoire-2","status":"publish","type":"page","link":"https:\/\/corinnemartinez.com\/en\/mon-histoire-2\/","title":{"rendered":"My Story"},"content":{"rendered":"<div class=\"wpb-content-wrapper\"><div      class=\"vc_row wpb_row section vc_row-fluid  vc_custom_1770745345494 grid_section\" style=' text-align:left;'><div class=\"section_inner clearfix\"><div class='section_inner_margin clearfix'><div class=\"wpb_column vc_column_container vc_col-sm-6\"><div class=\"vc_column-inner\"><div class=\"wpb_wrapper\">\n\t<div class=\"wpb_text_column wpb_content_element  vc_custom_1770801671655\">\n\t\t<div class=\"wpb_wrapper\">\n\t\t\t<h1>\u00c9couter le corps.<br data-start=\"621\" data-end=\"624\" \/>R\u00e9v\u00e9ler l\u2019essentiel.<br data-start=\"644\" data-end=\"647\" \/>Transmettre l\u2019excellence du geste.<\/h1>\n\n\t\t<\/div>\n\t<\/div><div class=\"separator  normal\" style=\"margin-top: 20px;margin-bottom: 20px;background-color: #e3e3e3;opacity: 1;height: 1pxpx;\"><\/div><div class=\"vc_empty_space\"  style=\"height: 15px\" >\n\t<span class=\"vc_empty_space_inner\">\n\t\t<span class=\"empty_space_image\"  ><\/span>\n\t<\/span>\n<\/div>\n\t<div class=\"wpb_text_column wpb_content_element\">\n\t\t<div class=\"wpb_wrapper\">\n\t\t\t<h2 data-start=\"293\" data-end=\"367\">L\u2019art du toucher, fa\u00e7onn\u00e9 par le monde et le temps.<\/h2>\n\n\t\t<\/div>\n\t<\/div><div class=\"vc_empty_space\"  style=\"height: 15px\" >\n\t<span class=\"vc_empty_space_inner\">\n\t\t<span class=\"empty_space_image\"  ><\/span>\n\t<\/span>\n<\/div><div class=\"vc_empty_space\"  style=\"height: 15px\" >\n\t<span class=\"vc_empty_space_inner\">\n\t\t<span class=\"empty_space_image\"  ><\/span>\n\t<\/span>\n<\/div>\n\t<div class=\"wpb_single_image wpb_content_element vc_align_left\">\n\t\t<div class=\"wpb_wrapper\">\n\t\t\t\n\t\t\t<div class=\"vc_single_image-wrapper   vc_box_border_grey\"><img fetchpriority=\"high\" decoding=\"async\" width=\"1708\" height=\"2560\" src=\"https:\/\/corinnemartinez.com\/wp-content\/uploads\/2026\/02\/vertical-shot-faceless-healthy-woman-brown-underwear-holds-orange-body-has-clean-healthy-skin-without-cellulite-slender-legs-demonstrates-perfect-figure-after-liposuction-poses-indoor-scaled.jpg\" class=\"vc_single_image-img attachment-full\" alt=\"\" title=\"Vertical shot of faceless healthy woman in brown underwear holds orange over body has clean healthy skin without cellulite slender legs demonstrates perfect figure after liposuction poses indoor\" srcset=\"https:\/\/corinnemartinez.com\/wp-content\/uploads\/2026\/02\/vertical-shot-faceless-healthy-woman-brown-underwear-holds-orange-body-has-clean-healthy-skin-without-cellulite-slender-legs-demonstrates-perfect-figure-after-liposuction-poses-indoor-scaled.jpg 1708w, https:\/\/corinnemartinez.com\/wp-content\/uploads\/2026\/02\/vertical-shot-faceless-healthy-woman-brown-underwear-holds-orange-body-has-clean-healthy-skin-without-cellulite-slender-legs-demonstrates-perfect-figure-after-liposuction-poses-indoor-200x300.jpg 200w, https:\/\/corinnemartinez.com\/wp-content\/uploads\/2026\/02\/vertical-shot-faceless-healthy-woman-brown-underwear-holds-orange-body-has-clean-healthy-skin-without-cellulite-slender-legs-demonstrates-perfect-figure-after-liposuction-poses-indoor-683x1024.jpg 683w, https:\/\/corinnemartinez.com\/wp-content\/uploads\/2026\/02\/vertical-shot-faceless-healthy-woman-brown-underwear-holds-orange-body-has-clean-healthy-skin-without-cellulite-slender-legs-demonstrates-perfect-figure-after-liposuction-poses-indoor-768x1151.jpg 768w, https:\/\/corinnemartinez.com\/wp-content\/uploads\/2026\/02\/vertical-shot-faceless-healthy-woman-brown-underwear-holds-orange-body-has-clean-healthy-skin-without-cellulite-slender-legs-demonstrates-perfect-figure-after-liposuction-poses-indoor-1025x1536.jpg 1025w, https:\/\/corinnemartinez.com\/wp-content\/uploads\/2026\/02\/vertical-shot-faceless-healthy-woman-brown-underwear-holds-orange-body-has-clean-healthy-skin-without-cellulite-slender-legs-demonstrates-perfect-figure-after-liposuction-poses-indoor-1366x2048.jpg 1366w, https:\/\/corinnemartinez.com\/wp-content\/uploads\/2026\/02\/vertical-shot-faceless-healthy-woman-brown-underwear-holds-orange-body-has-clean-healthy-skin-without-cellulite-slender-legs-demonstrates-perfect-figure-after-liposuction-poses-indoor-700x1049.jpg 700w, https:\/\/corinnemartinez.com\/wp-content\/uploads\/2026\/02\/vertical-shot-faceless-healthy-woman-brown-underwear-holds-orange-body-has-clean-healthy-skin-without-cellulite-slender-legs-demonstrates-perfect-figure-after-liposuction-poses-indoor-600x900.jpg 600w\" sizes=\"(max-width: 1708px) 100vw, 1708px\" \/><\/div>\n\t\t<\/div>\n\t<\/div>\n<\/div><\/div><\/div><div class=\"wpb_column vc_column_container vc_col-sm-6\"><div class=\"vc_column-inner\"><div class=\"wpb_wrapper\">\n\t<div class=\"wpb_text_column wpb_content_element\">\n\t\t<div class=\"wpb_wrapper\">\n\t\t\t<h3 data-start=\"206\" data-end=\"310\">Il existe des gestes qui traversent les modes.<br data-start=\"252\" data-end=\"255\" \/>Des gestes qui ne s\u2019expliquent pas, mais se ressentent.<\/h3>\n\n\t\t<\/div>\n\t<\/div><div class=\"vc_empty_space\"  style=\"height: 22px\" >\n\t<span class=\"vc_empty_space_inner\">\n\t\t<span class=\"empty_space_image\"  ><\/span>\n\t<\/span>\n<\/div><div class=\"vc_empty_space\"  style=\"height: 22px\" >\n\t<span class=\"vc_empty_space_inner\">\n\t\t<span class=\"empty_space_image\"  ><\/span>\n\t<\/span>\n<\/div>\n\t<div class=\"wpb_text_column wpb_content_element\">\n\t\t<div class=\"wpb_wrapper\">\n\t\t\t<p data-start=\"312\" data-end=\"546\">Depuis plus de <strong data-start=\"327\" data-end=\"337\">40 ans<\/strong>, Corinne Martinez consacre sa vie au corps, \u00e0 ses rythmes profonds, \u00e0 ses m\u00e9moires silencieuses.<br data-start=\"434\" data-end=\"437\" \/>Son savoir ne s\u2019est pas construit dans l\u2019urgence, mais dans le <strong data-start=\"500\" data-end=\"509\">temps<\/strong>, l\u2019<strong data-start=\"513\" data-end=\"528\">observation<\/strong> and the <strong data-start=\"535\" data-end=\"545\">voyage<\/strong>.<\/p>\n\n\t\t<\/div>\n\t<\/div><div class=\"vc_empty_space\"  style=\"height: 15px\" >\n\t<span class=\"vc_empty_space_inner\">\n\t\t<span class=\"empty_space_image\"  ><\/span>\n\t<\/span>\n<\/div>\n\t<div class=\"wpb_text_column wpb_content_element\">\n\t\t<div class=\"wpb_wrapper\">\n\t\t\t<p data-start=\"548\" data-end=\"849\">De l\u2019<strong data-start=\"553\" data-end=\"561\">Asie<\/strong>, elle a appris la circulation invisible, l\u2019\u00e9nergie qui relie chaque mouvement.<br data-start=\"640\" data-end=\"643\" \/>De la <strong data-start=\"649\" data-end=\"662\">Polyn\u00e9sie<\/strong>, elle a re\u00e7u le toucher enveloppant, presque sacr\u00e9, o\u00f9 la main devient intention.<br data-start=\"744\" data-end=\"747\" \/>De l\u2019<strong data-start=\"752\" data-end=\"762\">Europe<\/strong>, elle a int\u00e9gr\u00e9 la pr\u00e9cision anatomique, la rigueur et l\u2019excellence du geste ma\u00eetris\u00e9.<\/p>\n\n\t\t<\/div>\n\t<\/div><div class=\"vc_empty_space\"  style=\"height: 15px\" >\n\t<span class=\"vc_empty_space_inner\">\n\t\t<span class=\"empty_space_image\"  ><\/span>\n\t<\/span>\n<\/div>\n\t<div class=\"wpb_text_column wpb_content_element\">\n\t\t<div class=\"wpb_wrapper\">\n\t\t\t<p data-start=\"851\" data-end=\"1061\">De ces terres lointaines est n\u00e9e une m\u00e9thode rare.<br data-start=\"901\" data-end=\"904\" \/>Une approche du <strong data-start=\"920\" data-end=\"944\">lymphatic drainage<\/strong> et du <strong data-start=\"951\" data-end=\"975\">palper-rouler manuel<\/strong> profond\u00e9ment respectueuse du corps, de sa temporalit\u00e9, de son intelligence naturelle.<\/p>\n\n\t\t<\/div>\n\t<\/div><div class=\"vc_empty_space\"  style=\"height: 15px\" >\n\t<span class=\"vc_empty_space_inner\">\n\t\t<span class=\"empty_space_image\"  ><\/span>\n\t<\/span>\n<\/div>\n\t<div class=\"wpb_text_column wpb_content_element\">\n\t\t<div class=\"wpb_wrapper\">\n\t\t\t<p data-start=\"1063\" data-end=\"1185\">Ici, rien n\u2019est m\u00e9canique.<br data-start=\"1089\" data-end=\"1092\" \/>Chaque geste est lent, mesur\u00e9, conscient.<br data-start=\"1133\" data-end=\"1136\" \/>Chaque pression est pens\u00e9e, chaque rythme \u00e9cout\u00e9.<\/p>\n\n\t\t<\/div>\n\t<\/div><div class=\"vc_empty_space\"  style=\"height: 15px\" >\n\t<span class=\"vc_empty_space_inner\">\n\t\t<span class=\"empty_space_image\"  ><\/span>\n\t<\/span>\n<\/div>\n\t<div class=\"wpb_text_column wpb_content_element\">\n\t\t<div class=\"wpb_wrapper\">\n\t\t\t<p data-start=\"1187\" data-end=\"1370\"><strong>The Corinne Martinez Method<\/strong> ne cherche pas \u00e0 contraindre le corps, mais \u00e0 l\u2019accompagner.<br data-start=\"1279\" data-end=\"1282\" \/>\u00c0 r\u00e9veiller ce qui circule d\u00e9j\u00e0.<br data-start=\"1314\" data-end=\"1317\" \/>\u00c0 all\u00e9ger, purifier, redessiner sans jamais brusquer.<\/p>\n\n\t\t<\/div>\n\t<\/div><div class=\"vc_empty_space\"  style=\"height: 15px\" >\n\t<span class=\"vc_empty_space_inner\">\n\t\t<span class=\"empty_space_image\"  ><\/span>\n\t<\/span>\n<\/div>\n\t<div class=\"wpb_text_column wpb_content_element\">\n\t\t<div class=\"wpb_wrapper\">\n\t\t\t<p data-start=\"1372\" data-end=\"1459\">Apr\u00e8s des d\u00e9cennies de pratique, une \u00e9vidence s\u2019impose aujourd\u2019hui :<br data-start=\"1440\" data-end=\"1443\" \/><strong data-start=\"1443\" data-end=\"1458\">transmettre<\/strong>.<\/p>\n<p data-start=\"1461\" data-end=\"1572\">Transmettre un art du toucher.<br data-start=\"1491\" data-end=\"1494\" \/>Une posture int\u00e9rieure.<br data-start=\"1517\" data-end=\"1520\" \/>Une exigence invisible qui fait toute la diff\u00e9rence.<\/p>\n\n\t\t<\/div>\n\t<\/div><div class=\"vc_empty_space\"  style=\"height: 15px\" >\n\t<span class=\"vc_empty_space_inner\">\n\t\t<span class=\"empty_space_image\"  ><\/span>\n\t<\/span>\n<\/div>\n\t<div class=\"wpb_text_column wpb_content_element\">\n\t\t<div class=\"wpb_wrapper\">\n\t\t\t<p data-start=\"1574\" data-end=\"1688\">Car le luxe ultime n\u2019est pas l\u2019apparence.<br data-start=\"1615\" data-end=\"1618\" \/>C\u2019est le <strong data-start=\"1627\" data-end=\"1644\">temps accord\u00e9<\/strong>, la <strong data-start=\"1649\" data-end=\"1661\">pr\u00e9sence<\/strong>, la <strong data-start=\"1666\" data-end=\"1687\">justesse du geste<\/strong>.<\/p>\n\n\t\t<\/div>\n\t<\/div><div class=\"vc_empty_space\"  style=\"height: 22px\" >\n\t<span class=\"vc_empty_space_inner\">\n\t\t<span class=\"empty_space_image\"  ><\/span>\n\t<\/span>\n<\/div>\n\t<div class=\"wpb_text_column wpb_content_element  vc_custom_1770802026837\">\n\t\t<div class=\"wpb_wrapper\">\n\t\t\t<h3>La m\u00e9thode Corinne Martinez est une signature.<br data-start=\"1736\" data-end=\"1739\" \/>Une exp\u00e9rience.<br data-start=\"1754\" data-end=\"1757\" \/>Un savoir pr\u00e9cieux, n\u00e9 du monde, offert au corps.<\/h3>\n\n\t\t<\/div>\n\t<\/div><div class=\"vc_empty_space\"  style=\"height: 22px\" >\n\t<span class=\"vc_empty_space_inner\">\n\t\t<span class=\"empty_space_image\"  ><\/span>\n\t<\/span>\n<\/div><div class=\"vc_empty_space\"  style=\"height: 22px\" >\n\t<span class=\"vc_empty_space_inner\">\n\t\t<span class=\"empty_space_image\"  ><\/span>\n\t<\/span>\n<\/div><a  itemprop=\"url\" href=\"https:\/\/corinnemartinez.com\/en\/programme-des-formations-2\/\" target=\"_self\"  class=\"qbutton  default\" style=\"\">Le Programme des formations<\/a><div class=\"vc_empty_space\"  style=\"height: 22px\" >\n\t<span class=\"vc_empty_space_inner\">\n\t\t<span class=\"empty_space_image\"  ><\/span>\n\t<\/span>\n<\/div><div class=\"vc_empty_space\"  style=\"height: 22px\" >\n\t<span class=\"vc_empty_space_inner\">\n\t\t<span class=\"empty_space_image\"  ><\/span>\n\t<\/span>\n<\/div><\/div><\/div><\/div><\/div><\/div><\/div>\n<\/div>","protected":false},"excerpt":{"rendered":"\u00c9couter le corps.R\u00e9v\u00e9ler l\u2019essentiel.Transmettre l\u2019excellence du geste. L\u2019art du toucher, fa\u00e7onn\u00e9 par le monde et le temps. Il existe des gestes qui traversent les modes.Des gestes qui ne s\u2019expliquent pas, mais se ressentent. Depuis plus de 40 ans, Corinne Martinez consacre sa vie au corps, \u00e0 ses rythmes profonds, \u00e0 ses m\u00e9moires silencieuses.Son savoir ne s\u2019est pas construit dans l\u2019urgence,...","protected":false},"author":1,"featured_media":0,"parent":0,"menu_order":0,"comment_status":"closed","ping_status":"closed","template":"","meta":{"footnotes":""},"class_list":["post-10223","page","type-page","status-publish","hentry"],"yoast_head":"<!-- This site is optimized with the Yoast SEO plugin v27.0 - https:\/\/yoast.com\/product\/yoast-seo-wordpress\/ -->\n<title>Mon Histoire - Corinne Martinez<\/title>\n<meta name=\"robots\" content=\"index, follow, max-snippet:-1, max-image-preview:large, max-video-preview:-1\" \/>\n<link rel=\"canonical\" href=\"https:\/\/corinnemartinez.com\/en\/mon-histoire-2\/\" \/>\n<meta property=\"og:locale\" content=\"en_GB\" \/>\n<meta property=\"og:type\" content=\"article\" \/>\n<meta property=\"og:title\" content=\"Mon Histoire - Corinne Martinez\" \/>\n<meta property=\"og:url\" content=\"https:\/\/corinnemartinez.com\/en\/mon-histoire-2\/\" \/>\n<meta property=\"og:site_name\" content=\"Corinne Martinez\" \/>\n<meta property=\"article:modified_time\" content=\"2026-02-19T18:39:26+00:00\" \/>\n<meta name=\"twitter:card\" content=\"summary_large_image\" \/>\n<meta name=\"twitter:label1\" content=\"Estimated reading time\" \/>\n\t<meta name=\"twitter:data1\" content=\"2 minutes\" \/>\n<script type=\"application\/ld+json\" class=\"yoast-schema-graph\">{\"@context\":\"https:\/\/schema.org\",\"@graph\":[{\"@type\":\"WebPage\",\"@id\":\"https:\/\/corinnemartinez.com\/mon-histoire-2\/\",\"url\":\"https:\/\/corinnemartinez.com\/mon-histoire-2\/\",\"name\":\"Mon Histoire - Corinne Martinez\",\"isPartOf\":{\"@id\":\"https:\/\/corinnemartinez.com\/#website\"},\"datePublished\":\"2026-02-11T09:15:59+00:00\",\"dateModified\":\"2026-02-19T18:39:26+00:00\",\"breadcrumb\":{\"@id\":\"https:\/\/corinnemartinez.com\/mon-histoire-2\/#breadcrumb\"},\"inLanguage\":\"en-GB\",\"potentialAction\":[{\"@type\":\"ReadAction\",\"target\":[\"https:\/\/corinnemartinez.com\/mon-histoire-2\/\"]}]},{\"@type\":\"BreadcrumbList\",\"@id\":\"https:\/\/corinnemartinez.com\/mon-histoire-2\/#breadcrumb\",\"itemListElement\":[{\"@type\":\"ListItem\",\"position\":1,\"name\":\"Accueil\",\"item\":\"https:\/\/corinnemartinez.com\/\"},{\"@type\":\"ListItem\",\"position\":2,\"name\":\"Mon Histoire\"}]},{\"@type\":\"WebSite\",\"@id\":\"https:\/\/corinnemartinez.com\/#website\",\"url\":\"https:\/\/corinnemartinez.com\/\",\"name\":\"Corinne Martinez\",\"description\":\"La M\u00e9thode\",\"potentialAction\":[{\"@type\":\"SearchAction\",\"target\":{\"@type\":\"EntryPoint\",\"urlTemplate\":\"https:\/\/corinnemartinez.com\/?s={search_term_string}\"},\"query-input\":{\"@type\":\"PropertyValueSpecification\",\"valueRequired\":true,\"valueName\":\"search_term_string\"}}],\"inLanguage\":\"en-GB\"}]}<\/script>\n<!-- \/ Yoast SEO plugin. -->","yoast_head_json":{"title":"Mon Histoire - Corinne Martinez","robots":{"index":"index","follow":"follow","max-snippet":"max-snippet:-1","max-image-preview":"max-image-preview:large","max-video-preview":"max-video-preview:-1"},"canonical":"https:\/\/corinnemartinez.com\/en\/mon-histoire-2\/","og_locale":"en_GB","og_type":"article","og_title":"Mon Histoire - Corinne Martinez","og_url":"https:\/\/corinnemartinez.com\/en\/mon-histoire-2\/","og_site_name":"Corinne Martinez","article_modified_time":"2026-02-19T18:39:26+00:00","twitter_card":"summary_large_image","twitter_misc":{"Estimated reading time":"2 minutes"},"schema":{"@context":"https:\/\/schema.org","@graph":[{"@type":"WebPage","@id":"https:\/\/corinnemartinez.com\/mon-histoire-2\/","url":"https:\/\/corinnemartinez.com\/mon-histoire-2\/","name":"Mon Histoire - Corinne Martinez","isPartOf":{"@id":"https:\/\/corinnemartinez.com\/#website"},"datePublished":"2026-02-11T09:15:59+00:00","dateModified":"2026-02-19T18:39:26+00:00","breadcrumb":{"@id":"https:\/\/corinnemartinez.com\/mon-histoire-2\/#breadcrumb"},"inLanguage":"en-GB","potentialAction":[{"@type":"ReadAction","target":["https:\/\/corinnemartinez.com\/mon-histoire-2\/"]}]},{"@type":"BreadcrumbList","@id":"https:\/\/corinnemartinez.com\/mon-histoire-2\/#breadcrumb","itemListElement":[{"@type":"ListItem","position":1,"name":"Accueil","item":"https:\/\/corinnemartinez.com\/"},{"@type":"ListItem","position":2,"name":"Mon Histoire"}]},{"@type":"WebSite","@id":"https:\/\/corinnemartinez.com\/#website","url":"https:\/\/corinnemartinez.com\/","name":"Corinne Martinez","description":"La M\u00e9thode","potentialAction":[{"@type":"SearchAction","target":{"@type":"EntryPoint","urlTemplate":"https:\/\/corinnemartinez.com\/?s={search_term_string}"},"query-input":{"@type":"PropertyValueSpecification","valueRequired":true,"valueName":"search_term_string"}}],"inLanguage":"en-GB"}]}},"_links":{"self":[{"href":"https:\/\/corinnemartinez.com\/en\/wp-json\/wp\/v2\/pages\/10223","targetHints":{"allow":["GET"]}}],"collection":[{"href":"https:\/\/corinnemartinez.com\/en\/wp-json\/wp\/v2\/pages"}],"about":[{"href":"https:\/\/corinnemartinez.com\/en\/wp-json\/wp\/v2\/types\/page"}],"author":[{"embeddable":true,"href":"https:\/\/corinnemartinez.com\/en\/wp-json\/wp\/v2\/users\/1"}],"replies":[{"embeddable":true,"href":"https:\/\/corinnemartinez.com\/en\/wp-json\/wp\/v2\/comments?post=10223"}],"version-history":[{"count":13,"href":"https:\/\/corinnemartinez.com\/en\/wp-json\/wp\/v2\/pages\/10223\/revisions"}],"predecessor-version":[{"id":10513,"href":"https:\/\/corinnemartinez.com\/en\/wp-json\/wp\/v2\/pages\/10223\/revisions\/10513"}],"wp:attachment":[{"href":"https:\/\/corinnemartinez.com\/en\/wp-json\/wp\/v2\/media?parent=10223"}],"curies":[{"name":"wp","href":"https:\/\/api.w.org\/{rel}","templated":true}]}}