{"id":10147,"date":"2017-08-16T09:05:26","date_gmt":"2017-08-16T09:05:26","guid":{"rendered":"http:\/\/bridge91.qodeinteractive.com\/?page_id=398"},"modified":"2026-02-25T15:16:17","modified_gmt":"2026-02-25T15:16:17","slug":"trouver-votre-therapeute","status":"publish","type":"page","link":"https:\/\/corinnemartinez.com\/en\/trouver-votre-therapeute\/","title":{"rendered":"Trouver votre th\u00e9rapeute"},"content":{"rendered":"<div class=\"wpb-content-wrapper\"><div      class=\"vc_row wpb_row section vc_row-fluid  vc_custom_1771357358472\" style=' text-align:left;'><div class=\" full_section_inner clearfix\"><div class=\"wpb_column vc_column_container vc_col-sm-12\"><div class=\"vc_column-inner\"><div class=\"wpb_wrapper\">\n\t<div class=\"wpb_text_column wpb_content_element \">\n\t\t<div class=\"wpb_wrapper\">\n\t\t\t<div class=\"styles-section-title styles-selector\">\n<div class=\"media-list media-matches\">\n<h3 class=\"media editable-media\" style=\"text-align: center;\">Choisissez votre th\u00e9rapeute,<\/h3>\n<h3 class=\"media editable-media\" style=\"text-align: center;\">votre destination sant\u00e9 et bien-\u00eatre<\/h3>\n<\/div>\n<\/div>\n\n\t\t<\/div>\n\t<\/div><div class=\"vc_empty_space\"  style=\"height: 72px\" >\n\t<span class=\"vc_empty_space_inner\">\n\t\t<span class=\"empty_space_image\"  ><\/span>\n\t<\/span>\n<\/div>\n\t<div class=\"wpb_text_column wpb_content_element \">\n\t\t<div class=\"wpb_wrapper\">\n\t\t\t<script type=\"text\/template\" id=\"tmpl-um-member-list-j6eOT\">\n\t<div class=\"um-members um-members-list\">\n\n\t\t<# if ( data.length > 0 ) { #>\n\t\t\t<# _.each( data, function( user, key, list ) { #>\n\n\t\t\t\t<div id=\"um-member-{{{user.card_anchor}}}-j6eOT\" class=\"um-member um-role-{{{user.role}}} {{{user.account_status}}} \">\n\t\t\t\t\t<span class=\"um-member-status {{{user.account_status}}}\">\n\t\t\t\t\t\t{{{user.account_status_name}}}\n\t\t\t\t\t<\/span>\n\t\t\t\t\t<div class=\"um-member-card-container\">\n\t\t\t\t\t\t\t\t\t\t\t\t\t<div class=\"um-member-photo radius-1\">\n\t\t\t\t\t\t\t\t<a href=\"{{{user.profile_url}}}\" title=\"<# if ( user.display_name ) { #>{{{user.display_name}}}<# } #>\">\n\t\t\t\t\t\t\t\t\t{{{user.avatar}}}\n\n\t\t\t\t\t\t\t\t\t\t\t\t\t\t\t\t\t<\/a>\n\t\t\t\t\t\t\t<\/div>\n\t\t\t\t\t\t\n\t\t\t\t\t\t<div class=\"um-member-card \">\n\t\t\t\t\t\t\t<div class=\"um-member-card-content\">\n\t\t\t\t\t\t\t\t<div class=\"um-member-card-header\">\n\t\t\t\t\t\t\t\t\t\t\t\t\t\t\t\t\t\t\t<# if ( user.display_name_html ) { #>\n\t\t\t\t\t\t\t\t\t\t\t<div class=\"um-member-name\">\n\t\t\t\t\t\t\t\t\t\t\t\t<a href=\"{{{user.profile_url}}}\" title=\"<# if ( user.display_name ) { #>{{{user.display_name}}}<# } #>\">\n\t\t\t\t\t\t\t\t\t\t\t\t\t{{{user.display_name_html}}}\n\t\t\t\t\t\t\t\t\t\t\t\t<\/a>\n\t\t\t\t\t\t\t\t\t\t\t<\/div>\n\t\t\t\t\t\t\t\t\t\t<# } #>\n\t\t\t\t\t\t\t\t\t\n\t\t\t\t\t\t\t\t\t{{{user.hook_just_after_name}}}\n\n\t\t\t\t\t\t\t\t\t\n\t\t\t\t\t\t\t\t\t{{{user.hook_after_user_name}}}\n\t\t\t\t\t\t\t\t<\/div>\n\n\t\t\t\t\t\t\t\t\n\t\t\t\t\t\t\t\t\t<# var $show_block = false; #>\n\n\t\t\t\t\t\t\t\t\t\n\t\t\t\t\t\t\t\t\t\t<# if ( typeof user['phone_number'] !== 'undefined' ) {\n\t\t\t\t\t\t\t\t\t\t\t$show_block = true;\n\t\t\t\t\t\t\t\t\t\t} #>\n\t\t\t\t\t\t\t\t\t\n\t\t\t\t\t\t\t\t\t\t<# if ( typeof user['Geolocalisationville'] !== 'undefined' ) {\n\t\t\t\t\t\t\t\t\t\t\t$show_block = true;\n\t\t\t\t\t\t\t\t\t\t} #>\n\t\t\t\t\t\t\t\t\t\n\t\t\t\t\t\t\t\t\t\t<# if ( typeof user['Geolocalisation'] !== 'undefined' ) {\n\t\t\t\t\t\t\t\t\t\t\t$show_block = true;\n\t\t\t\t\t\t\t\t\t\t} #>\n\t\t\t\t\t\t\t\t\t\n\t\t\t\t\t\t\t\t\t<# if ( $show_block ) { #>\n\t\t\t\t\t\t\t\t\t\t<div class=\"um-member-meta-main no-animate\">\n\n\t\t\t\t\t\t\t\t\t\t\t<div class=\"um-member-meta\">\n\t\t\t\t\t\t\t\t\t\t\t\t\n\t\t\t\t\t\t\t\t\t\t\t\t\t<# if ( typeof user['phone_number'] !== 'undefined' ) { #>\n\t\t\t\t\t\t\t\t\t\t\t\t\t<div class=\"um-member-metaline um-member-metaline-phone_number\">\n\t\t\t\t\t\t\t\t\t\t\t\t\t\t<strong>{{{user['label_phone_number']}}}:<\/strong>&nbsp;{{{user['phone_number']}}}\n\t\t\t\t\t\t\t\t\t\t\t\t\t<\/div>\n\t\t\t\t\t\t\t\t\t\t\t\t\t<# } #>\n\n\t\t\t\t\t\t\t\t\t\t\t\t\n\t\t\t\t\t\t\t\t\t\t\t\t\t<# if ( typeof user['Geolocalisationville'] !== 'undefined' ) { #>\n\t\t\t\t\t\t\t\t\t\t\t\t\t<div class=\"um-member-metaline um-member-metaline-Geolocalisationville\">\n\t\t\t\t\t\t\t\t\t\t\t\t\t\t<strong>{{{user['label_Geolocalisationville']}}}:<\/strong>&nbsp;{{{user['Geolocalisationville']}}}\n\t\t\t\t\t\t\t\t\t\t\t\t\t<\/div>\n\t\t\t\t\t\t\t\t\t\t\t\t\t<# } #>\n\n\t\t\t\t\t\t\t\t\t\t\t\t\n\t\t\t\t\t\t\t\t\t\t\t\t\t<# if ( typeof user['Geolocalisation'] !== 'undefined' ) { #>\n\t\t\t\t\t\t\t\t\t\t\t\t\t<div class=\"um-member-metaline um-member-metaline-Geolocalisation\">\n\t\t\t\t\t\t\t\t\t\t\t\t\t\t<strong>{{{user['label_Geolocalisation']}}}:<\/strong>&nbsp;{{{user['Geolocalisation']}}}\n\t\t\t\t\t\t\t\t\t\t\t\t\t<\/div>\n\t\t\t\t\t\t\t\t\t\t\t\t\t<# } #>\n\n\t\t\t\t\t\t\t\t\t\t\t\t\t\t\t\t\t\t\t\t\t\t\t<\/div>\n\t\t\t\t\t\t\t\t\t\t<\/div>\n\t\t\t\t\t\t\t\t\t<# } #>\n\t\t\t\t\t\t\t\t\t\t\t\t\t\t\t<\/div>\n\n\t\t\t\t\t\t\t<div class=\"um-member-card-actions\">\n\n\t\t\t\t\t\t\t\t<# if ( Object.keys( user.dropdown_actions ).length > 0 ) { #>\n\t\t\t\t\t\t\t\t\t<div class=\"um-member-cog\">\n\t\t\t\t\t\t\t\t\t\t<a href=\"javascript:void(0);\" class=\"um-member-actions-a\">\n\t\t\t\t\t\t\t\t\t\t\t<i class=\"um-faicon-cog\"><\/i>\n\t\t\t\t\t\t\t\t\t\t<\/a>\n\t\t\t\t\t\t\t\t\t\t\n\t\t\t<div class=\"um-new-dropdown\" data-element=\".um-member-cog\" data-trigger=\"click\" data-parent=\"\">\n\t\t\t\t<ul>\n\t\t\t\t\t<# _.each( user.dropdown_actions, function( action, key, list ) { #>\n\t\t\t\t\t\t<li><a href=\"<# if ( typeof action.url != 'undefined' ) { #>{{{action.url}}}<# } else { #>javascript:void(0);<# }#>\" class=\"{{{key}}}\">{{{action.title}}}<\/a><\/li>\n\t\t\t\t\t<# }); #>\n\t\t\t\t<\/ul>\n\t\t\t<\/div>\n\n\t\t\t\t\t\t\t\t\t\t\t\t<\/div>\n\t\t\t\t\t\t\t\t<# } #>\n\n\t\t\t\t\t\t\t<\/div>\n\n\t\t\t\t\t\t<\/div>\n\t\t\t\t\t<\/div>\n\t\t\t\t\t<div class=\"um-member-card-footer  \">\n\n\t\t\t\t\t\t<div class=\"um-member-card-footer-buttons\">\n\t\t\t\t\t\t\t\t\t\t\t\t\t<\/div>\n\n\t\t\t\t\t\t\t\t\t\t\t<\/div>\n\t\t\t\t<\/div>\n\n\t\t\t<# }); #>\n\t\t<# } else { #>\n\n\t\t\t<div class=\"um-members-none\">\n\t\t\t\t<p><\/p>\n\t\t\t<\/div>\n\n\t\t<# } #>\n\n\t<\/div>\n<\/script>\n\n\n<script type=\"text\/template\" id=\"tmpl-um-members-header\">\n\t<div class=\"um-members-intro\">\n\t\t<div class=\"um-members-total\">\n\t\t\t<# if ( data.pagination.total_users == 1 ) { #>\n\t\t\t\t{{{data.pagination.header_single}}}\n\t\t\t<# } else if ( data.pagination.total_users > 1 ) { #>\n\t\t\t\t{{{data.pagination.header}}}\n\t\t\t<# } #>\n\t\t<\/div>\n\t<\/div>\n\n\t<div class=\"um-clear\"><\/div>\n<\/script>\n\n\n<script type=\"text\/template\" id=\"tmpl-um-members-pagination\">\n\t<# if ( data.pagination.pages_to_show.length > 0 ) { #>\n\t\t<div class=\"um-members-pagidrop uimob340-show uimob500-show\">\n\t\t\tJump to page:\t\t\t<select class=\"um-s2 um-members-pagi-dropdown\" style=\"width: 100px;display:inline-block;\">\n\t\t\t\t<# _.each( data.pagination.pages_to_show, function( page, key, list ) { #>\n\t\t\t\t\t<option value=\"{{{page}}}\" <# if ( page == data.pagination.current_page ) { #>selected<# } #>>{{{page}}} of {{{data.pagination.total_pages}}}<\/option>\n\t\t\t\t<# }); #>\n\t\t\t<\/select>\n\t\t<\/div>\n\n\t\t<div class=\"um-members-pagi uimob340-hide uimob500-hide\">\n\t\t\t<span class=\"pagi pagi-arrow <# if ( data.pagination.current_page == 1 ) { #>disabled<# } #>\" data-page=\"first\" aria-label=\"First page\"><i class=\"um-faicon-angle-double-left\"><\/i><\/span>\n\t\t\t<span class=\"pagi pagi-arrow <# if ( data.pagination.current_page == 1 ) { #>disabled<# } #>\" data-page=\"prev\" aria-label=\"Previous page\"><i class=\"um-faicon-angle-left\"><\/i><\/span>\n\n\t\t\t<# _.each( data.pagination.pages_to_show, function( page, key, list ) { #>\n\t\t\t\t<span class=\"pagi <# if ( page == data.pagination.current_page ) { #>current<# } #>\" data-page=\"{{{page}}}\">{{{page}}}<\/span>\n\t\t\t<# }); #>\n\n\t\t\t<span class=\"pagi pagi-arrow <# if ( data.pagination.current_page == data.pagination.total_pages ) { #>disabled<# } #>\" data-page=\"next\" aria-label=\"Next page\"><i class=\"um-faicon-angle-right\"><\/i><\/span>\n\t\t\t<span class=\"pagi pagi-arrow <# if ( data.pagination.current_page == data.pagination.total_pages ) { #>disabled<# } #>\" data-page=\"last\" aria-label=\"Last page\"><i class=\"um-faicon-angle-double-right\"><\/i><\/span>\n\t\t<\/div>\n\t<# } #>\n<\/script>\n\n<div class=\"um um-directory um-j6eOT\"\n\t data-hash=\"j6eOT\" data-base-post=\"10147\"\n\t data-must-search=\"0\" data-searched=\"1\"\n\t data-view_type=\"list\" data-page=\"1\"\n\t data-sorting=\"\">\n\t<div class=\"um-members-overlay\"><div class=\"um-ajax-loading\"><\/div><\/div>\n\n\t<div class=\"um-member-directory-header um-form\">\n\n\t\t\n\t\t\t\t\t<div class=\"um-member-directory-header-row um-member-directory-search-row\">\n\t\t\t\t<div class=\"um-member-directory-search-line\">\n\t\t\t\t\t<label>\n\t\t\t\t\t\t<span>Search:<\/span>\n\t\t\t\t\t\t<input type=\"search\" class=\"um-search-line\" placeholder=\"Search\"  value=\"\" aria-label=\"Search\" speech \/>\n\t\t\t\t\t<\/label>\n\t\t\t\t\t<input type=\"button\" class=\"um-do-search um-button\" value=\"Search\" \/>\n\t\t\t\t<\/div>\n\t\t\t<\/div>\n\t\t\t\t\t\t<div class=\"um-member-directory-header-row\">\n\t\t\t\t<div class=\"um-member-directory-nav-line\">\n\t\t\t\t\t\t\t\t\t\t\t<span class=\"um-member-directory-filters\">\n\t\t\t\t\t\t\t<span class=\"um-member-directory-filters-a\">\n\t\t\t\t\t\t\t\t<a href=\"javascript:void(0);\">\n\t\t\t\t\t\t\t\t\tMore filters\t\t\t\t\t\t\t\t<\/a>\n\t\t\t\t\t\t\t\t&nbsp;<i class=\"um-faicon-caret-down\"><\/i><i class=\"um-faicon-caret-up\"><\/i>\n\t\t\t\t\t\t\t<\/span>\n\t\t\t\t\t\t<\/span>\n\t\t\t\t\t\t\t\t\t<\/div>\n\t\t\t<\/div>\n\t\t\n\n\t\t\t\t\t\t<script type=\"text\/template\" id=\"tmpl-um-members-filtered-line\">\n\t\t\t\t\t<# if ( data.filters.length > 0 ) { #>\n\t\t\t\t\t\t<# _.each( data.filters, function( filter, key, list ) { #>\n\t\t\t\t\t\t\t<div class=\"um-members-filter-tag\">\n\t\t\t\t\t\t\t\t<# if ( filter.type == 'slider' ) { #>\n\t\t\t\t\t\t\t\t\t{{filter.value_label}}\n\t\t\t\t\t\t\t\t<# } else { #>\n\t\t\t\t\t\t\t\t\t<strong>{{filter.label}}<\/strong>: {{filter.value_label}}\n\t\t\t\t\t\t\t\t<# } #>\n\t\t\t\t\t\t\t\t<div class=\"um-members-filter-remove um-tip-n\" data-name=\"{{filter.name}}\"\n\t\t\t\t\t\t\t\t\t data-value=\"{{filter.value}}\" data-range=\"{{filter.range}}\"\n\t\t\t\t\t\t\t\t\t data-type=\"{{filter.type}}\" title=\"Remove filter\">&times;<\/div>\n\t\t\t\t\t\t\t<\/div>\n\t\t\t\t\t\t<# }); #>\n\t\t\t\t\t<# } #>\n\t\t\t\t<\/script>\n\n\t\t\t\t<div class=\"um-member-directory-header-row um-member-directory-filters-bar um-header-row-invisible\">\n\t\t\t\t\t<div class=\"um-search um-search-3 um-search-invisible\">\n\t\t\t\t\t\t\n\t\t\t\t\t\t\t<div class=\"um-search-filter um-select-filter-type \">\n\t\t\t\t\t\t\t\t\n\t\t\t\t\t<select class=\"um-s1\" id=\"Geolocalisationville\" name=\"Geolocalisationville\"\n\t\t\t\t\t\t\tdata-placeholder=\"Ville\"\n\t\t\t\t\t\t\taria-label=\"Ville\"\n\t\t\t\t\t\t\t\t\t\t\t\t\t>\n\n\t\t\t\t\t\t<option><\/option>\n\n\t\t\t\t\t\t\n\t\t\t\t\t\t\t\t<option value=\"Brest\" data-value_label=\"Brest\"\n\t\t\t\t\t\t\t\t\t>\n\t\t\t\t\t\t\t\t\tBrest\t\t\t\t\t\t\t\t<\/option>\n\n\t\t\t\t\t\t\t\n\t\t\t\t\t<\/select>\n\n\t\t\t\t\t\t\t\t\t\t\t\t<\/div>\n\n\t\t\t\t\t\t\t\n\t\t\t\t\t\t\t<div class=\"um-search-filter um-select-filter-type um-search-filter-2\">\n\t\t\t\t\t\t\t\t\n\t\t\t\t\t<select class=\"um-s1\" id=\"Geolocalisationville_14\" name=\"Geolocalisationville_14\"\n\t\t\t\t\t\t\tdata-placeholder=\"R\u00e9gion\"\n\t\t\t\t\t\t\taria-label=\"R\u00e9gion\"\n\t\t\t\t\t\t\t\t\t\t\t\t\t>\n\n\t\t\t\t\t\t<option><\/option>\n\n\t\t\t\t\t\t\n\t\t\t\t\t\t\t\t<option value=\"Bretagne\" data-value_label=\"Bretagne\"\n\t\t\t\t\t\t\t\t\t>\n\t\t\t\t\t\t\t\t\tBretagne\t\t\t\t\t\t\t\t<\/option>\n\n\t\t\t\t\t\t\t\n\t\t\t\t\t<\/select>\n\n\t\t\t\t\t\t\t\t\t\t\t\t<\/div>\n\n\t\t\t\t\t\t\t\n\t\t\t\t\t\t\t<div class=\"um-search-filter um-select-filter-type \">\n\t\t\t\t\t\t\t\t\n\t\t\t\t\t<select class=\"um-s1\" id=\"Geolocalisationville_14_15\" name=\"Geolocalisationville_14_15\"\n\t\t\t\t\t\t\tdata-placeholder=\"Pays\"\n\t\t\t\t\t\t\taria-label=\"Pays\"\n\t\t\t\t\t\t\t\t\t\t\t\t\t>\n\n\t\t\t\t\t\t<option><\/option>\n\n\t\t\t\t\t\t\n\t\t\t\t\t\t\t\t<option value=\"France\" data-value_label=\"France\"\n\t\t\t\t\t\t\t\t\t>\n\t\t\t\t\t\t\t\t\tFrance\t\t\t\t\t\t\t\t<\/option>\n\n\t\t\t\t\t\t\t\n\t\t\t\t\t<\/select>\n\n\t\t\t\t\t\t\t\t\t\t\t\t<\/div>\n\n\t\t\t\t\t\t\t\t\t\t\t\t<\/div>\n\t\t\t\t<\/div>\n\t\t\t\t<div class=\"um-member-directory-header-row\">\n\t\t\t\t\t<div class=\"um-filtered-line\">\n\t\t\t\t\t\t<div class=\"um-clear-filters\"><a href=\"javascript:void(0);\" class=\"um-clear-filters-a\" title=\"Remove all filters\">Clear all<\/a><\/div>\n\t\t\t\t\t<\/div>\n\t\t\t\t<\/div>\n\t\t\t\t\t<\/div>\n\n\t<div class=\"um-members-wrapper\"><\/div>\n\n\t<div class=\"um-members-pagination-box\"><\/div>\n\n\t\n<\/div>\n\n\n\t\t<\/div>\n\t<\/div><div class=\"vc_empty_space\"  style=\"height: 72px\" >\n\t<span class=\"vc_empty_space_inner\">\n\t\t<span class=\"empty_space_image\"  ><\/span>\n\t<\/span>\n<\/div><\/div><\/div><\/div><\/div><\/div>\n<\/div>","protected":false},"excerpt":{"rendered":"Choisissez votre th\u00e9rapeute, votre destination sant\u00e9 et bien-\u00eatre Search: More filters &nbsp; Brest Bretagne France Clear all","protected":false},"author":1,"featured_media":0,"parent":0,"menu_order":0,"comment_status":"closed","ping_status":"closed","template":"","meta":{"footnotes":""},"class_list":["post-10147","page","type-page","status-publish","hentry"],"yoast_head":"<!-- This site is optimized with the Yoast SEO plugin v27.0 - https:\/\/yoast.com\/product\/yoast-seo-wordpress\/ -->\n<title>Trouver votre th\u00e9rapeute - Corinne Martinez<\/title>\n<meta name=\"robots\" content=\"index, follow, max-snippet:-1, max-image-preview:large, max-video-preview:-1\" \/>\n<link rel=\"canonical\" href=\"https:\/\/corinnemartinez.com\/en\/trouver-votre-therapeute\/\" \/>\n<meta property=\"og:locale\" content=\"en_GB\" \/>\n<meta property=\"og:type\" content=\"article\" \/>\n<meta property=\"og:title\" content=\"Trouver votre th\u00e9rapeute - Corinne Martinez\" \/>\n<meta property=\"og:url\" content=\"https:\/\/corinnemartinez.com\/en\/trouver-votre-therapeute\/\" \/>\n<meta property=\"og:site_name\" content=\"Corinne Martinez\" \/>\n<meta property=\"article:modified_time\" content=\"2026-02-25T15:16:17+00:00\" \/>\n<meta name=\"twitter:card\" content=\"summary_large_image\" \/>\n<meta name=\"twitter:label1\" content=\"Estimated reading time\" \/>\n\t<meta name=\"twitter:data1\" content=\"1 minute\" \/>\n<script type=\"application\/ld+json\" class=\"yoast-schema-graph\">{\"@context\":\"https:\/\/schema.org\",\"@graph\":[{\"@type\":\"WebPage\",\"@id\":\"https:\/\/corinnemartinez.com\/trouver-votre-therapeute\/\",\"url\":\"https:\/\/corinnemartinez.com\/trouver-votre-therapeute\/\",\"name\":\"Trouver votre th\u00e9rapeute - Corinne Martinez\",\"isPartOf\":{\"@id\":\"https:\/\/corinnemartinez.com\/#website\"},\"datePublished\":\"2017-08-16T09:05:26+00:00\",\"dateModified\":\"2026-02-25T15:16:17+00:00\",\"breadcrumb\":{\"@id\":\"https:\/\/corinnemartinez.com\/trouver-votre-therapeute\/#breadcrumb\"},\"inLanguage\":\"en-GB\",\"potentialAction\":[{\"@type\":\"ReadAction\",\"target\":[\"https:\/\/corinnemartinez.com\/trouver-votre-therapeute\/\"]}]},{\"@type\":\"BreadcrumbList\",\"@id\":\"https:\/\/corinnemartinez.com\/trouver-votre-therapeute\/#breadcrumb\",\"itemListElement\":[{\"@type\":\"ListItem\",\"position\":1,\"name\":\"Accueil\",\"item\":\"https:\/\/corinnemartinez.com\/\"},{\"@type\":\"ListItem\",\"position\":2,\"name\":\"Trouver votre th\u00e9rapeute\"}]},{\"@type\":\"WebSite\",\"@id\":\"https:\/\/corinnemartinez.com\/#website\",\"url\":\"https:\/\/corinnemartinez.com\/\",\"name\":\"Corinne Martinez\",\"description\":\"La M\u00e9thode\",\"potentialAction\":[{\"@type\":\"SearchAction\",\"target\":{\"@type\":\"EntryPoint\",\"urlTemplate\":\"https:\/\/corinnemartinez.com\/?s={search_term_string}\"},\"query-input\":{\"@type\":\"PropertyValueSpecification\",\"valueRequired\":true,\"valueName\":\"search_term_string\"}}],\"inLanguage\":\"en-GB\"}]}<\/script>\n<!-- \/ Yoast SEO plugin. -->","yoast_head_json":{"title":"Trouver votre th\u00e9rapeute - Corinne Martinez","robots":{"index":"index","follow":"follow","max-snippet":"max-snippet:-1","max-image-preview":"max-image-preview:large","max-video-preview":"max-video-preview:-1"},"canonical":"https:\/\/corinnemartinez.com\/en\/trouver-votre-therapeute\/","og_locale":"en_GB","og_type":"article","og_title":"Trouver votre th\u00e9rapeute - Corinne Martinez","og_url":"https:\/\/corinnemartinez.com\/en\/trouver-votre-therapeute\/","og_site_name":"Corinne Martinez","article_modified_time":"2026-02-25T15:16:17+00:00","twitter_card":"summary_large_image","twitter_misc":{"Estimated reading time":"1 minute"},"schema":{"@context":"https:\/\/schema.org","@graph":[{"@type":"WebPage","@id":"https:\/\/corinnemartinez.com\/trouver-votre-therapeute\/","url":"https:\/\/corinnemartinez.com\/trouver-votre-therapeute\/","name":"Trouver votre th\u00e9rapeute - Corinne Martinez","isPartOf":{"@id":"https:\/\/corinnemartinez.com\/#website"},"datePublished":"2017-08-16T09:05:26+00:00","dateModified":"2026-02-25T15:16:17+00:00","breadcrumb":{"@id":"https:\/\/corinnemartinez.com\/trouver-votre-therapeute\/#breadcrumb"},"inLanguage":"en-GB","potentialAction":[{"@type":"ReadAction","target":["https:\/\/corinnemartinez.com\/trouver-votre-therapeute\/"]}]},{"@type":"BreadcrumbList","@id":"https:\/\/corinnemartinez.com\/trouver-votre-therapeute\/#breadcrumb","itemListElement":[{"@type":"ListItem","position":1,"name":"Accueil","item":"https:\/\/corinnemartinez.com\/"},{"@type":"ListItem","position":2,"name":"Trouver votre th\u00e9rapeute"}]},{"@type":"WebSite","@id":"https:\/\/corinnemartinez.com\/#website","url":"https:\/\/corinnemartinez.com\/","name":"Corinne Martinez","description":"La M\u00e9thode","potentialAction":[{"@type":"SearchAction","target":{"@type":"EntryPoint","urlTemplate":"https:\/\/corinnemartinez.com\/?s={search_term_string}"},"query-input":{"@type":"PropertyValueSpecification","valueRequired":true,"valueName":"search_term_string"}}],"inLanguage":"en-GB"}]}},"_links":{"self":[{"href":"https:\/\/corinnemartinez.com\/en\/wp-json\/wp\/v2\/pages\/10147","targetHints":{"allow":["GET"]}}],"collection":[{"href":"https:\/\/corinnemartinez.com\/en\/wp-json\/wp\/v2\/pages"}],"about":[{"href":"https:\/\/corinnemartinez.com\/en\/wp-json\/wp\/v2\/types\/page"}],"author":[{"embeddable":true,"href":"https:\/\/corinnemartinez.com\/en\/wp-json\/wp\/v2\/users\/1"}],"replies":[{"embeddable":true,"href":"https:\/\/corinnemartinez.com\/en\/wp-json\/wp\/v2\/comments?post=10147"}],"version-history":[{"count":20,"href":"https:\/\/corinnemartinez.com\/en\/wp-json\/wp\/v2\/pages\/10147\/revisions"}],"predecessor-version":[{"id":10586,"href":"https:\/\/corinnemartinez.com\/en\/wp-json\/wp\/v2\/pages\/10147\/revisions\/10586"}],"wp:attachment":[{"href":"https:\/\/corinnemartinez.com\/en\/wp-json\/wp\/v2\/media?parent=10147"}],"curies":[{"name":"wp","href":"https:\/\/api.w.org\/{rel}","templated":true}]}}